{"id":3297,"date":"2020-07-09T06:42:37","date_gmt":"2020-07-09T06:42:37","guid":{"rendered":"https:\/\/www.sunnyvinalestour.com\/\/?page_id=3297"},"modified":"2021-11-04T12:02:47","modified_gmt":"2021-11-04T12:02:47","slug":"all-in-one-vinales-from-havana","status":"publish","type":"page","link":"https:\/\/www.sunnyvinalestour.com\/de\/all-in-one-vinales-from-havana\/","title":{"rendered":"Alles in einem. Vinales aus Havanna"},"content":{"rendered":"<div id=\"metaslider-id-3684\" style=\"max-width: 659px;\" class=\"ml-slider-3-108-0 metaslider metaslider-flex metaslider-3684 ml-slider has-dots-nav ms-theme-default\" role=\"region\" aria-label=\"All in One\" data-height=\"380\" data-width=\"659\">\n    <div id=\"metaslider_container_3684\">\n        <div id=\"metaslider_3684\">\n            <ul class='slides'>\n                <li style=\"display: block; width: 100%;\" class=\"slide-3685 ms-image \" aria-roledescription=\"slide\" data-date=\"2020-07-16 09:13:11\" data-filename=\"vinales2-1-659x380.jpeg\" data-slide-type=\"image\"><img loading=\"lazy\" decoding=\"async\" src=\"https:\/\/www.sunnyvinalestour.com\/wp-content\/uploads\/vinales2-1-659x380.jpeg\" height=\"380\" width=\"659\" alt=\"\" class=\"slider-3684 slide-3685 msDefaultImage\" title=\"vinales2\" \/><\/li>\n                <li style=\"display: none; width: 100%;\" class=\"slide-3686 ms-image \" aria-roledescription=\"slide\" data-date=\"2020-07-16 09:13:23\" data-filename=\"Vinales-from-Havana-min-437x252.jpg\" data-slide-type=\"image\"><img loading=\"lazy\" decoding=\"async\" src=\"https:\/\/www.sunnyvinalestour.com\/wp-content\/uploads\/Vinales-from-Havana-min-437x252.jpg\" height=\"380\" width=\"659\" alt=\"\" class=\"slider-3684 slide-3686 msDefaultImage\" title=\"Vinales from Havana-min\" \/><div class=\"caption-wrap\"><div class=\"caption\">My friend Edurne<\/div><\/div><\/li>\n                <li style=\"display: none; width: 100%;\" class=\"slide-3687 ms-image \" aria-roledescription=\"slide\" data-date=\"2020-07-16 09:13:33\" data-filename=\"Vinales-from-Varadero-1-409x236.jpg\" data-slide-type=\"image\"><img loading=\"lazy\" decoding=\"async\" src=\"https:\/\/www.sunnyvinalestour.com\/wp-content\/uploads\/Vinales-from-Varadero-1-409x236.jpg\" height=\"380\" width=\"659\" alt=\"\" class=\"slider-3684 slide-3687 msDefaultImage\" title=\"Vinales de vinales\" \/><\/li>\n                <li style=\"display: none; width: 100%;\" class=\"slide-3688 ms-image \" aria-roledescription=\"slide\" data-date=\"2020-07-16 09:14:00\" data-filename=\"cygaro-800x500-1-659x380.jpg\" data-slide-type=\"image\"><img loading=\"lazy\" decoding=\"async\" src=\"https:\/\/www.sunnyvinalestour.com\/wp-content\/uploads\/cygaro-800x500-1-659x380.jpg\" height=\"380\" width=\"659\" alt=\"\" class=\"slider-3684 slide-3688 msDefaultImage\" title=\"cygaro-800x500\" \/><\/li>\n                <li style=\"display: none; width: 100%;\" class=\"slide-3689 ms-image \" aria-roledescription=\"slide\" data-date=\"2020-07-16 09:16:07\" data-filename=\"53668345_261906124743639_1256389865222701056_n-520x300.jpg\" data-slide-type=\"image\"><img loading=\"lazy\" decoding=\"async\" src=\"https:\/\/www.sunnyvinalestour.com\/wp-content\/uploads\/53668345_261906124743639_1256389865222701056_n-520x300.jpg\" height=\"380\" width=\"659\" alt=\"\" class=\"slider-3684 slide-3689 msDefaultImage\" title=\"53668345_261906124743639_1256389865222701056_n\" \/><\/li>\n                <li style=\"display: none; width: 100%;\" class=\"slide-3691 ms-image \" aria-roledescription=\"slide\" data-date=\"2020-07-16 09:20:31\" data-filename=\"53857796_638338683265117_2876775533016776704_n-520x300.jpg\" data-slide-type=\"image\"><img loading=\"lazy\" decoding=\"async\" src=\"https:\/\/www.sunnyvinalestour.com\/wp-content\/uploads\/53857796_638338683265117_2876775533016776704_n-520x300.jpg\" height=\"380\" width=\"659\" alt=\"\" class=\"slider-3684 slide-3691 msDefaultImage\" title=\"Safari en Cuba\" \/><\/li>\n            <\/ul>\n        <\/div>\n        \n    <\/div>\n<\/div>\n<p>Sunny Vinales Tour ist eine kubanische Agentur mit mehr als 10-j\u00e4hriger Erfahrung in der Touristikbranche. Wir organisieren die ganze Vielfalt der Reisen nach Kuba und kommen aus Vinales, aus dem Land, mit dem besten Tabak auf der ganzen Welt.<\/p>\n<p>Sie werden mit uns einen Reitausflug durch die Tabakplantagen erleben, die wilde Landschaft der Schweinebucht kennenlernen, das magische und aufregende Havanna entdecken oder auch die M\u00f6glichkeit haben, die sch\u00f6nsten Kolonialst\u00e4dte wie Cienfuegos und Trinidad zu bewundern.<br \/>\nWir besitzen das <strong>Certificate of Excellence 2019 von TripAdvisor<\/strong> (die weltweit gr\u00f6\u00dfte Reise-Plattform).<\/p>\n<div style=\"position: relative; height: 0; padding-bottom: 56.25%;\"><iframe loading=\"lazy\" style=\"position: absolute; width: 100%; height: 100%; left: 0;\" src=\"https:\/\/www.youtube.com\/embed\/hAFcRwmWMeo?ecver=2\" width=\"640\" height=\"360\" frameborder=\"0\" allowfullscreen=\"allowfullscreen\" data-mce-fragment=\"1\"><\/iframe><\/div>\n<p>&nbsp;<\/p>\n<p><strong>WANN?<\/strong> T\u00e4glich! Von Montag bis Sonntag<br \/>\n<strong>WO?<\/strong> Die Reisen beginnen in Havanna, Abholung: am Unterbringungsort<\/p>\n<p>Alle Ausfl\u00fcge sind private Touren.<br \/>\nBitte, machen Sie die Reservierung mindestens 48 Stunden vor dem Reisebeginn.<\/p>\n<h2>Tour 1: Vinales auf einer Tour von Havanna. Besichtigung und Reitausflug durch die Tabakplantage<\/h2>\n<p><strong>Ein Tagesausflug von Havanna nach Vinales, verbunden mit der Besichtigung des zauberhaften Vinales-Tals.<\/strong><\/p>\n<h4><b>Sehensw\u00fcrdigkeiten.<\/b><\/h4>\n<p>&#8211; Cueva del Indio (Indianerh\u00f6hle), wo ein Teil der H\u00f6hle mit dem Motorboot befahren werden kann<br \/>\n&#8211; Mural de la Prehistoria (Wandgem\u00e4lde der Urgeschichte)<br \/>\n&#8211; Jardin Botanico (Botanischer Garten)<br \/>\n&#8211; Mirador de los Jazmines (sensationelle Aussicht auf das Vinales-Tal vom Hotel los Jazmines)<br \/>\n&#8211; Valle de Vinales (Vinales Valley) Ausritt mit dem Pferd oder Ausflug zu Fu\u00df durch die Tabakplantagen und ein Caf\u00e9-Besuch, um den Kaffeeanbauprozess kennenzulernen.<br \/>\n&#8211; Traditionelles kubanisches Mittagessen<\/p>\n<p>Das Vinales Tal kann man auf dem Pferd oder zu Fu\u00df besichtigen. Wir empfehlen Ihnen einen Reitausflug. Da die Pferde ruhig sind, k\u00f6nnen an dem Reitausflug auch die Anf\u00e4nger und die Kinder teilnehmen. Unsere erfahrene Reiseleiter garantieren Ihnen die Sicherheit.<\/p>\n<h4><strong>Reiseverlauf:<\/strong><\/h4>\n<p>7:30 Uhr \u00a0\u2013 Der Ausflug beginnt in Havanna, (Abholung: Unterbringungsort). Schreiben Sie uns bitte die genaue Adresse und warten Sie vor dem Eingang auf den Fahrer.<br \/>\n10:00 Uhr \u2013\u00a0Begr\u00fc\u00dfungscocktail in Vinales.<br \/>\n10:30 Uhr\u00a0\u2013 Ausritt mit dem Pferd oder Ausflug zu Fu\u00df, der ca. 3 Stunden dauert. W\u00e4hrend des Ausfluges kann man die besten traditionellen Tabakplantagen der Welt sehen. In der Provinz Pinar del Rio befinden sich die besten Anbaugebiete f\u00fcr den kubanischen Tabak. Es ist nicht nur die Gelegenheit die Zigarrenherstellung und Zigarrenrollen kennenzulernen, aber es gibt auch die Zeit f\u00fcr die Verkostung! Auf der Plantage kann man \u00f6kologische und traditionelle Zigarren kaufen \u2013 es ist nur Barzahlung m\u00f6glich.<br \/>\nW\u00e4hrend des Ausfluges werden wir auch ein Caf\u00e9 mit einem wunderbaren Blick auf eine Kaffeeplantage besuchen. Die Kubaner zeigen, wie der wunderbare Kaffee produziert wird. Sie haben auch die Gelegenheit, den Kaffee zu trinken (es ist nur Barbezahlung m\u00f6glich).<br \/>\n14:30 Uhr &#8211; Nach ca. 3-4 Stunden des Ausfluges kommt die Zeit f\u00fcr ein leckeres, \u00f6kologisches und traditionelles kubanisches Mittagessen<br \/>\n15:30 Uhr\u00a0 &#8211; Wir beginnen Vinales Tour &#8211; Cueva del Indio, Botanic Garden und Mural de Prehistoria. Der letzte Punkt des Ausfluges ist der Ausblick auf das Vinales-Tal vom Hotel los Jasmines.<br \/>\n20:00 Uhr\u00a0 &#8211; Wir enden den Ausflug in Havanna, an der Stelle, wo Sie am Morgen von uns abgeholt wurden.<\/p>\n<h4>PREIS<\/h4>\n<ul>\n<li>Preis pro Person: <strong>205\u20ac<\/strong><\/li>\n<li>Preis pro 2 Personen: <strong>235\u20ac<\/strong><\/li>\n<li>Preis pro 3 Personen: <strong>290\u20ac<\/strong><\/li>\n<li>Preis pro 4 Personen: <strong>350\u20ac<\/strong><\/li>\n<li>Preis pro 5 Personen: <strong>430\u20ac\u00a0<\/strong><\/li>\n<\/ul>\n<p>Der Ausflug kann maximal f\u00fcr eine Gruppe mit 25 Reiseteilnehmer organisiert werden.<\/p>\n<p><strong>Der Preis beinhaltet:<\/strong><br \/>\n&#8211; Private Taxi (klassisches, amerikanisches Auto)<br \/>\n&#8211; Ausritt mit dem Pferd oder Ausflug zu Fu\u00df im Vinales Tal<br \/>\n&#8211; Vinales Tour<br \/>\n&#8211; Lunch<\/p>\n<p><strong>ANMERKUNG!<\/strong> Der Preis beinhaltet keine Eintrittskarten!<\/p>\n<p><a href=\"https:\/\/www.sunnyvinalestour.com\/de\/buchung\/#1\"><img loading=\"lazy\" decoding=\"async\" class=\"aligncenter wp-image-6276 size-full\" src=\"https:\/\/www.sunnyvinalestour.com\/wp-content\/uploads\/Captura-de-Pantalla-2021-10-09-a-las-21.59.17.png\" alt=\"\" width=\"426\" height=\"104\" srcset=\"https:\/\/www.sunnyvinalestour.com\/wp-content\/uploads\/Captura-de-Pantalla-2021-10-09-a-las-21.59.17.png 426w, https:\/\/www.sunnyvinalestour.com\/wp-content\/uploads\/Captura-de-Pantalla-2021-10-09-a-las-21.59.17-300x73.png 300w, https:\/\/www.sunnyvinalestour.com\/wp-content\/uploads\/Captura-de-Pantalla-2021-10-09-a-las-21.59.17-370x90.png 370w\" sizes=\"auto, (max-width: 426px) 100vw, 426px\" \/><\/a><\/p>\n","protected":false},"excerpt":{"rendered":"<p>Sunny Vinales Tour ist eine kubanische Agentur mit mehr als 10-j\u00e4hriger Erfahrung in der Touristikbranche. Wir organisieren die ganze Vielfalt der Reisen nach Kuba und kommen aus Vinales, aus dem&hellip;<\/p>\n","protected":false},"author":1,"featured_media":2723,"parent":0,"menu_order":0,"comment_status":"closed","ping_status":"closed","template":"","meta":{"footnotes":""},"class_list":["post-3297","page","type-page","status-publish","has-post-thumbnail","hentry"],"_links":{"self":[{"href":"https:\/\/www.sunnyvinalestour.com\/de\/wp-json\/wp\/v2\/pages\/3297","targetHints":{"allow":["GET"]}}],"collection":[{"href":"https:\/\/www.sunnyvinalestour.com\/de\/wp-json\/wp\/v2\/pages"}],"about":[{"href":"https:\/\/www.sunnyvinalestour.com\/de\/wp-json\/wp\/v2\/types\/page"}],"author":[{"embeddable":true,"href":"https:\/\/www.sunnyvinalestour.com\/de\/wp-json\/wp\/v2\/users\/1"}],"replies":[{"embeddable":true,"href":"https:\/\/www.sunnyvinalestour.com\/de\/wp-json\/wp\/v2\/comments?post=3297"}],"version-history":[{"count":14,"href":"https:\/\/www.sunnyvinalestour.com\/de\/wp-json\/wp\/v2\/pages\/3297\/revisions"}],"predecessor-version":[{"id":6727,"href":"https:\/\/www.sunnyvinalestour.com\/de\/wp-json\/wp\/v2\/pages\/3297\/revisions\/6727"}],"wp:featuredmedia":[{"embeddable":true,"href":"https:\/\/www.sunnyvinalestour.com\/de\/wp-json\/wp\/v2\/media\/2723"}],"wp:attachment":[{"href":"https:\/\/www.sunnyvinalestour.com\/de\/wp-json\/wp\/v2\/media?parent=3297"}],"curies":[{"name":"wp","href":"https:\/\/api.w.org\/{rel}","templated":true}]}}