{"id":3299,"date":"2020-07-09T06:43:31","date_gmt":"2020-07-09T06:43:31","guid":{"rendered":"https:\/\/www.sunnyvinalestour.com\/\/?page_id=3299"},"modified":"2021-11-04T12:09:22","modified_gmt":"2021-11-04T12:09:22","slug":"sunny-vinales-tour-von-havanna","status":"publish","type":"page","link":"https:\/\/www.sunnyvinalestour.com\/de\/sunny-vinales-tour-von-havanna\/","title":{"rendered":"Safari in Vinales"},"content":{"rendered":"<h3>Ausflug 19: Safari in Vi\u00f1ales mit Pferden \u2013 3 N\u00e4chte plus Strandtag.<\/h3>\n<p><img loading=\"lazy\" decoding=\"async\" class=\"aligncenter size-full wp-image-1388\" src=\"https:\/\/www.sunnyvinalestour.com\/\/wp-content\/uploads\/horseriding_vinales_sunny.png\" alt=\"\" width=\"820\" height=\"312\" srcset=\"https:\/\/www.sunnyvinalestour.com\/wp-content\/uploads\/horseriding_vinales_sunny.png 820w, https:\/\/www.sunnyvinalestour.com\/wp-content\/uploads\/horseriding_vinales_sunny-600x228.png 600w, https:\/\/www.sunnyvinalestour.com\/wp-content\/uploads\/horseriding_vinales_sunny-300x114.png 300w, https:\/\/www.sunnyvinalestour.com\/wp-content\/uploads\/horseriding_vinales_sunny-768x292.png 768w\" sizes=\"auto, (max-width: 820px) 100vw, 820px\" \/><span style=\"font-weight: 400;\">Diese ganz neue Ausflugsorte ist nach langen Gespr\u00e4chen zwischen meinen Arbeitskollegen und mir entstanden. Wir werden die Erfahrung des Reitens in etwas ausgezeichnet verwandeln. Diese neue M\u00f6glichkeit ist f\u00fcr djenigen die etwas Reiterfahrung haben.<\/span><\/p>\n<p><b>Auf dem Programm stehen:<\/b><\/p>\n<p><span style=\"color: #000000;\"><b>1.TAG\u00a0<\/b><\/span><\/p>\n<ul>\n<li style=\"font-weight: 400;\" aria-level=\"1\"><span style=\"font-weight: 400;\">7:30 &#8211; Wir starten am Flughafen in Havanna oder in Ihrer Unterkunft in Havanna, wo Sie abgeholt werden. Dann beginnt unser Abenteuer im unglaublichen Vi\u00f1ales Tal. Die erste Attraktion in Vi\u00f1ales ist der Aussichtspunkt des ber\u00fchmten Hotels Los Jazmines.<\/span><\/li>\n<li style=\"font-weight: 400;\" aria-level=\"1\"><span style=\"font-weight: 400;\">10:30 &#8211; Begr\u00fc\u00dfungsgetr\u00e4nk in Ihrer Unterkunft in Vi\u00f1ales &#8211; Casa Particular Juana y Michel (5 Sterne)***** auf Air BNB<\/span><\/li>\n<li style=\"font-weight: 400;\" aria-level=\"1\"><span style=\"font-weight: 400;\">11:00 &#8211; Wir werden mit der Vi\u00f1ales Tour mit amerikanischen Oldtimern beginnen: Cueva del Indio (Indianer H\u00f6hle), Botanischer Garten, Mural de la Prehistoria (Wandgem\u00e4lde der Vorgeschichte)\u00a0<\/span><\/li>\n<li style=\"font-weight: 400;\" aria-level=\"1\"><span style=\"font-weight: 400;\">14:00 &#8211; Es ist Zeit f\u00fcr einen Ausritt oder eine Wanderung (3 Stunden) Hier k\u00f6nnen Sie Tabak- und Kaffeeplantagen besuchen. Sie werden lernen, wie Zigarren hergestellt und richtig gerollt werden. Rauchen ist nat\u00fcrlich inklusive! Was werden wir noch sehen? Kaffeeplantage und vor allem k\u00f6nnen wir die Gelegenheit nutzen, eine echt kubanischer Kaffee zu schmecken.<\/span><\/li>\n<li style=\"font-weight: 400;\" aria-level=\"1\"><span style=\"font-weight: 400;\">16:00 &#8211; Im zweiten Teil unseres Ausfluges werden wir zu einem See in \u201eEl Valle del Silencio\u201cgehen, wo wir eine angenehme Pause machen werden, um die faszinierende Sch\u00f6nheit der Umgebung zu beobachten oder schwimmen.\u00a0<\/span><\/li>\n<li style=\"font-weight: 400;\" aria-level=\"1\"><span style=\"font-weight: 400;\">17:30 &#8211; Nach 3-4 Stunden werden wir ein k\u00f6stliches Bio-Abendessen mit einer hervorragenden Aussicht auf das Tal von Vi\u00f1ales haben.<\/span><\/li>\n<li style=\"font-weight: 400;\" aria-level=\"1\"><span style=\"font-weight: 400;\">21:30 &#8211; Ungef\u00e4hr um diese Uhr ist ein gro\u00dfartiger Moment f\u00fcr eine Party in Vi\u00f1ales!<\/span><\/li>\n<\/ul>\n<p><span style=\"color: #000000;\"><b>2.TAG\u00a0<\/b><\/span><\/p>\n<ul>\n<li style=\"font-weight: 400;\" aria-level=\"1\"><span style=\"font-weight: 400;\">7:30 Uhr &#8211; Am n\u00e4chsten Tag werden wir unseren Spaziergang \u00fcber die Valles de Vinales hinaus verl\u00e4ngert, um die wildesten Felder und T\u00e4ler zu entdecken, diese die nur auf einem Pferd oder zu Fu\u00df zul\u00e4ssig sind.\u00a0Nach mehreren Std.\u00a0werden wir ein traditionelles altes Haus erreichen. Dort werden wir in einer gem\u00fctlichen Atmosph\u00e4re ein k\u00f6stliches kreolisches Mittagessen haben.<\/span><\/li>\n<li style=\"font-weight: 400;\" aria-level=\"1\"><span style=\"font-weight: 400;\">Nach dem Mittagessen werden wir ein Nickerchen machen und dann nehmen wir die Pferden noch einmal und reiten bis zum <\/span><b>Albino<\/b><span style=\"font-weight: 400;\">\u00a0See. Dort werden wir die Pferde baden und f\u00fcttern. Danach werden wir ausgeruhte Pferde f\u00fcr die R\u00fcckreise nach Vinales nehmen.<\/span><\/li>\n<\/ul>\n<p><b><span style=\"color: #000000;\">3.TAG<\/span>\u00a0<\/b><\/p>\n<p><span style=\"font-weight: 400;\">Zum Schluss weredn wir eine Erholungspause machen. Wir werden die Reitabenteuer hinter uns lassen und eine angenehme Pause am Strand machen. Zwei Tage Reitabenteuer und einem <\/span><span style=\"font-weight: 400;\">Strandtag<\/span><span style=\"font-weight: 400;\">\u00a0in\u00a0<\/span><span style=\"font-weight: 400;\">Cayo Jutias <\/span><span style=\"font-weight: 400;\">ist die perfekte Kombination um das Land richtig entdecken!<\/span><\/p>\n<p><b>Sehensw\u00fcrdigkeiten.<\/b><\/p>\n<ul>\n<li><span style=\"font-weight: 400;\"> Aussichtspunkt vom Hotel Los Jazmines<\/span><\/li>\n<li><span style=\"font-weight: 400;\"> Cueva del Indio(H\u00f6hle der Indianer)<\/span><\/li>\n<li><span style=\"font-weight: 400;\"> Botanischer Garten<\/span><\/li>\n<li><span style=\"font-weight: 400;\"> Mural de la Prehistoria (Wandgem\u00e4lde der Vorgeschichte)<\/span><\/li>\n<li><span style=\"font-weight: 400;\"> Reiten &#8211; 2 Gelegenheiten<\/span><\/li>\n<li><span style=\"font-weight: 400;\"> Tabak und Kaffee Plantage\u00a0<\/span><\/li>\n<li><span style=\"font-weight: 400;\"> Strandtag in Cayo Jutias.<\/span>\n<p style=\"text-align: left;\">\n<\/li>\n<\/ul>\n<p style=\"text-align: left;\"><b>Was ist inbegriffen<\/b><\/p>\n<ul>\n<li style=\"list-style-type: none;\">\n<ul>\n<li style=\"text-align: left;\"><span style=\"font-weight: 400;\"> Abholung vom Flughafen\/Havanna nach Vi\u00f1ales<\/span><\/li>\n<li style=\"text-align: left;\"><span style=\"font-weight: 400;\"> Vi\u00f1ales Tour mit dem gleichen Auto<\/span><\/li>\n<li style=\"text-align: left;\"><span style=\"font-weight: 400;\"> Mittagessen am ersten und zweiten Tag.<\/span><\/li>\n<li style=\"text-align: left;\"><span style=\"font-weight: 400;\"> Unterkunft in einem Privathaus (3 N\u00e4chte.\u00a0Mit Fr\u00fchst\u00fcck)<\/span><\/li>\n<li style=\"text-align: left;\"><span style=\"font-weight: 400;\"> Ein Abendessen in einem Privathaus.<\/span><\/li>\n<li style=\"text-align: left;\"><span style=\"font-weight: 400;\"> Guide Service f\u00fcr die Stadtrundfahrt Vinales.<\/span><\/li>\n<li style=\"text-align: left;\"><span style=\"font-weight: 400;\"> Gef\u00fchrte Ausfl\u00fcge mit dem Pferd mit Qualifizierte Reiseleiter\u00a0<\/span><\/li>\n<li style=\"text-align: left;\"><span style=\"font-weight: 400;\"> Eine Zigarre in den Tabakplantagen.<\/span><\/li>\n<li style=\"text-align: left;\"><span style=\"font-weight: 400;\"> Tag am Strand von Cayo Jutias mit Hin- und R\u00fccktransport.<\/span><\/li>\n<li style=\"text-align: left;\"><span style=\"font-weight: 400;\"> Organisation des R\u00fccktransfers nach Havanna.<\/span><\/li>\n<li style=\"text-align: left;\"><span style=\"font-weight: 400;\">\u00a0 \u00a0 \u00a0Helme zum reiten (wenn Sie Ihre eigenen mitbringen k\u00f6nnen<\/span><\/li>\n<\/ul>\n<\/li>\n<\/ul>\n<p><span style=\"color: #000000;\"><strong>PREIS<\/strong><\/span><br \/>\n<strong>F\u00fcr 1 Person 580<span style=\"color: #000000;\">\u20ac <\/span><\/strong><br \/>\n<strong>F\u00fcr 2 Personen 705<span style=\"color: #000000;\">\u20ac <\/span><\/strong><br \/>\n<strong>F\u00fcr 3 Personen 820<span style=\"color: #000000;\">\u20ac <\/span><\/strong><br \/>\n<strong>F\u00fcr 4 Personen 935<span style=\"color: #000000;\">\u20ac <\/span><\/strong><a href=\"https:\/\/www.sunnyvinalestour.com\/de\/buchung\/\"><img loading=\"lazy\" decoding=\"async\" class=\"aligncenter wp-image-6276 size-full\" src=\"https:\/\/www.sunnyvinalestour.com\/wp-content\/uploads\/Captura-de-Pantalla-2021-10-09-a-las-21.59.17.png\" alt=\"\" width=\"426\" height=\"104\" srcset=\"https:\/\/www.sunnyvinalestour.com\/wp-content\/uploads\/Captura-de-Pantalla-2021-10-09-a-las-21.59.17.png 426w, https:\/\/www.sunnyvinalestour.com\/wp-content\/uploads\/Captura-de-Pantalla-2021-10-09-a-las-21.59.17-300x73.png 300w, https:\/\/www.sunnyvinalestour.com\/wp-content\/uploads\/Captura-de-Pantalla-2021-10-09-a-las-21.59.17-370x90.png 370w\" sizes=\"auto, (max-width: 426px) 100vw, 426px\" \/><\/a><\/p>\n","protected":false},"excerpt":{"rendered":"<p>Ausflug 19: Safari in Vi\u00f1ales mit Pferden \u2013 3 N\u00e4chte plus Strandtag. Diese ganz neue Ausflugsorte ist nach langen Gespr\u00e4chen zwischen meinen Arbeitskollegen und mir entstanden. Wir werden die Erfahrung&hellip;<\/p>\n","protected":false},"author":1,"featured_media":0,"parent":0,"menu_order":0,"comment_status":"closed","ping_status":"closed","template":"","meta":{"footnotes":""},"class_list":["post-3299","page","type-page","status-publish","hentry"],"_links":{"self":[{"href":"https:\/\/www.sunnyvinalestour.com\/de\/wp-json\/wp\/v2\/pages\/3299","targetHints":{"allow":["GET"]}}],"collection":[{"href":"https:\/\/www.sunnyvinalestour.com\/de\/wp-json\/wp\/v2\/pages"}],"about":[{"href":"https:\/\/www.sunnyvinalestour.com\/de\/wp-json\/wp\/v2\/types\/page"}],"author":[{"embeddable":true,"href":"https:\/\/www.sunnyvinalestour.com\/de\/wp-json\/wp\/v2\/users\/1"}],"replies":[{"embeddable":true,"href":"https:\/\/www.sunnyvinalestour.com\/de\/wp-json\/wp\/v2\/comments?post=3299"}],"version-history":[{"count":13,"href":"https:\/\/www.sunnyvinalestour.com\/de\/wp-json\/wp\/v2\/pages\/3299\/revisions"}],"predecessor-version":[{"id":6737,"href":"https:\/\/www.sunnyvinalestour.com\/de\/wp-json\/wp\/v2\/pages\/3299\/revisions\/6737"}],"wp:attachment":[{"href":"https:\/\/www.sunnyvinalestour.com\/de\/wp-json\/wp\/v2\/media?parent=3299"}],"curies":[{"name":"wp","href":"https:\/\/api.w.org\/{rel}","templated":true}]}}