{"id":3302,"date":"2020-07-09T06:45:24","date_gmt":"2020-07-09T06:45:24","guid":{"rendered":"https:\/\/www.sunnyvinalestour.com\/\/?page_id=3302"},"modified":"2021-11-04T12:14:35","modified_gmt":"2021-11-04T12:14:35","slug":"sunny-vinales-tour-mit-dem-amerikanischen-oldtimer-von-havanna","status":"publish","type":"page","link":"https:\/\/www.sunnyvinalestour.com\/de\/sunny-vinales-tour-mit-dem-amerikanischen-oldtimer-von-havanna\/","title":{"rendered":"Vinales mit Oldtimer"},"content":{"rendered":"<h2>Tour: Sunny Vinales Tour mit dem amerikanischen Oldtimer von Havanna<\/h2>\n<p>Vor allen herrlichen willkommen in das land des tabak die zur pinar del rio provinz geh\u00f6rt[die die fr\u00fcher mit der nahme vom nueva Filipinas vom spanichen ansiedeln bennant wurde. heute fahren wir in norden des provinzes rund 30 km vom provinz hauptstadt entfernt ,wo man die mogotes (die sind karssteinkegelfelsen,mit ger\u00fcndet h\u00fcgeln und verticalen w\u00e4nden )die stammen aus der jurazeit und die nur im Cuba china und malacia finden kann .gleichzeitig stellen wir ihnen vor ein programm die sie nicht verpassen sollen wie zum beispiel reitausfl\u00fcgen durch die bergen,wo in diese bergkettesSystem die circa 2000 h\u00f6len gibt vom dennen einigen erreichbar sind ,wie der indianer h\u00f6le mit einem unterirdiche fluss wo ist ein bootsfahr gemacht werden.sie ist eine der \u00e4ltesten tropfsteinh\u00f6len der gegend mit eine geschichte vor 40 millionen jahren. naher d\u00fcrfen sie der vorgeschichte mural (der gr\u00f6sste cubas und eine der gr\u00f6ssten auf der welt)wo der evolution geschichte zusammen mit der uhr einwohner gezeigt werden sind. bitte charmen sie sich mit der unz\u00e4hligen bauerh\u00f6fen des tales ,weltbekannt durch den tabaksqualit\u00e4t die der nummer eins auf der welt ist. w\u00e4hrend. der besucht k\u00f6nnen sie die arabiker kaffe sorte probieren mitlerweiler zigarren hergestellt und gerollt werden.die bauern erg\u00f6tzen sich mit ein ritual wo zigarren in honig eingetrunken wird.so gleich wie w\u00e4hrend der guten alten zeiten der Ernesto che Guevara gemacht hat, weil honig wie ein natural filter ist .kosten sie auch die zwei honig arten der die vom aguinaldo erdbienenhonig die auf die Bergen stehen und honig vom kaffe bl\u00fcte. trinken sie bitte auch die ber\u00fchmte Guayabita del pinar ein art lik\u00f6r aus einer s\u00fcssen, kleinen guavenfrucht Man geniss vom 2 versionen herb mit 40 %alcohol empfehlbar f\u00fcr m\u00e4nner und s\u00fcss mit einer 34 %f\u00fcr frauen. als ein tipp vergessen sie nicht im dorf zu laufen da werden sie sehen der freude und sch\u00f6nheit die vom einwohner sind gemalt werden. unsere beste empfehlung la finca el para\u00edso weil es \u00f6kologisches bauernhof ist und sehr gut zu speisen. Schlie\u00dflich werden Sie den Aussichtspunkt beim Hotel Jazmines besuchen und einen wundersch\u00f6nen Blick auf den Sonnenuntergang genie\u00dfen.<br \/>\nEs wird eine einzigartige Erfahrung sein!<\/p>\n<h4>Attraktionen:<\/h4>\n<p>&#8211; Besuch einer Tabakplantage und Zigarrenverkostung<br \/>\n&#8211; Mural de la Prehistoria (Wandgem\u00e4lde der Urgeschichte)<br \/>\n&#8211; Jardin Botanico (Botanischer Garten)<br \/>\n&#8211; Cueva del Indio (Indianerh\u00f6hle)<br \/>\n&#8211; traditionelles Mittagessen im kubanischen Restaurant<br \/>\n&#8211; Ausblick auf das Vinales-Tal aus der Terasse vom Hotel los Jazmines<\/p>\n<h4>PREIS<\/h4>\n<ul>\n<li>Preis pro 2 Personen:\u00a0<strong>175<span style=\"color: #000000;\">\u20ac<\/span><\/strong><\/li>\n<li>Preis pro 3 Personen:\u00a0<strong>200<span style=\"color: #000000;\">\u20ac<\/span><\/strong><\/li>\n<li>Preis pro 4 Personen: <strong>250<span style=\"color: #000000;\">\u20ac<\/span><\/strong><\/li>\n<\/ul>\n<p><strong>ANMERKUNG!<\/strong><\/p>\n<ul>\n<li>Der Preis beinhaltet keine Eintrittskarten!<\/li>\n<li>Wenn Sie reiten m\u00f6chten, ist der Preis allein <strong>(kostet 20\u20ac pro Person)<\/strong><\/li>\n<\/ul>\n<h1><a href=\"https:\/\/www.sunnyvinalestour.com\/de\/buchung\/\"><img loading=\"lazy\" decoding=\"async\" class=\"aligncenter wp-image-6276 size-full\" src=\"https:\/\/www.sunnyvinalestour.com\/wp-content\/uploads\/Captura-de-Pantalla-2021-10-09-a-las-21.59.17.png\" alt=\"\" width=\"426\" height=\"104\" srcset=\"https:\/\/www.sunnyvinalestour.com\/wp-content\/uploads\/Captura-de-Pantalla-2021-10-09-a-las-21.59.17.png 426w, https:\/\/www.sunnyvinalestour.com\/wp-content\/uploads\/Captura-de-Pantalla-2021-10-09-a-las-21.59.17-300x73.png 300w, https:\/\/www.sunnyvinalestour.com\/wp-content\/uploads\/Captura-de-Pantalla-2021-10-09-a-las-21.59.17-370x90.png 370w\" sizes=\"auto, (max-width: 426px) 100vw, 426px\" \/><\/a><\/h1>\n","protected":false},"excerpt":{"rendered":"<p>Tour: Sunny Vinales Tour mit dem amerikanischen Oldtimer von Havanna Vor allen herrlichen willkommen in das land des tabak die zur pinar del rio provinz geh\u00f6rt[die die fr\u00fcher mit der&hellip;<\/p>\n","protected":false},"author":1,"featured_media":5526,"parent":0,"menu_order":0,"comment_status":"closed","ping_status":"closed","template":"","meta":{"footnotes":""},"class_list":["post-3302","page","type-page","status-publish","has-post-thumbnail","hentry"],"_links":{"self":[{"href":"https:\/\/www.sunnyvinalestour.com\/de\/wp-json\/wp\/v2\/pages\/3302","targetHints":{"allow":["GET"]}}],"collection":[{"href":"https:\/\/www.sunnyvinalestour.com\/de\/wp-json\/wp\/v2\/pages"}],"about":[{"href":"https:\/\/www.sunnyvinalestour.com\/de\/wp-json\/wp\/v2\/types\/page"}],"author":[{"embeddable":true,"href":"https:\/\/www.sunnyvinalestour.com\/de\/wp-json\/wp\/v2\/users\/1"}],"replies":[{"embeddable":true,"href":"https:\/\/www.sunnyvinalestour.com\/de\/wp-json\/wp\/v2\/comments?post=3302"}],"version-history":[{"count":9,"href":"https:\/\/www.sunnyvinalestour.com\/de\/wp-json\/wp\/v2\/pages\/3302\/revisions"}],"predecessor-version":[{"id":6741,"href":"https:\/\/www.sunnyvinalestour.com\/de\/wp-json\/wp\/v2\/pages\/3302\/revisions\/6741"}],"wp:featuredmedia":[{"embeddable":true,"href":"https:\/\/www.sunnyvinalestour.com\/de\/wp-json\/wp\/v2\/media\/5526"}],"wp:attachment":[{"href":"https:\/\/www.sunnyvinalestour.com\/de\/wp-json\/wp\/v2\/media?parent=3302"}],"curies":[{"name":"wp","href":"https:\/\/api.w.org\/{rel}","templated":true}]}}