{"id":3308,"date":"2020-07-09T06:48:37","date_gmt":"2020-07-09T06:48:37","guid":{"rendered":"https:\/\/www.sunnyvinalestour.com\/\/?page_id=3308"},"modified":"2024-03-08T22:28:38","modified_gmt":"2024-03-08T22:28:38","slug":"schweinebucht-tour-bay-of-pigs-tour","status":"publish","type":"page","link":"https:\/\/www.sunnyvinalestour.com\/de\/schweinebucht-tour-bay-of-pigs-tour\/","title":{"rendered":"Schweinebucht &#038; Guama"},"content":{"rendered":"<p><img loading=\"lazy\" decoding=\"async\" class=\"aligncenter size-full wp-image-1392\" src=\"https:\/\/www.sunnyvinalestour.com\/\/wp-content\/uploads\/bay-of-pigs-1.jpg\" alt=\"\" width=\"2500\" height=\"1670\" srcset=\"https:\/\/www.sunnyvinalestour.com\/wp-content\/uploads\/bay-of-pigs-1.jpg 2500w, https:\/\/www.sunnyvinalestour.com\/wp-content\/uploads\/bay-of-pigs-1-600x401.jpg 600w, https:\/\/www.sunnyvinalestour.com\/wp-content\/uploads\/bay-of-pigs-1-300x200.jpg 300w, https:\/\/www.sunnyvinalestour.com\/wp-content\/uploads\/bay-of-pigs-1-768x513.jpg 768w, https:\/\/www.sunnyvinalestour.com\/wp-content\/uploads\/bay-of-pigs-1-1024x684.jpg 1024w\" sizes=\"auto, (max-width: 2500px) 100vw, 2500px\" \/><\/p>\n<p class=\"p2\"><b>Aus: La Havanna, Varadero oder Trinidad.<\/b><\/p>\n<p><span style=\"font-weight: 400;\">Die Reise beginnt und endet in Ihrer Unterkunft in Havanna oder in Varadero.\u00a0Die Schweinebucht hat beides gro\u00dfe historische und \u00f6kologische Bedeutung.\u00a0Es ist ein UNESCO Biosph\u00e4ren Reservat, das zu Naturwanderungen und Vogelbeobachtungen einl\u00e4dt. Zudem ist es perfekt f\u00fcr alle, die abseits der Touristenstr\u00f6me sein m\u00f6chten sowie sich mit der endemischen Natur bewundern.<\/span><\/p>\n<p><span style=\"font-weight: 400;\">Bringen Sie unbedingt Taucherbrille und einen Badeanzug mit!\u00a0Wir geben Ihnen die M\u00f6glichkeit, einen wirklich nat\u00fcrlichen Umgebung zu erkunden.<\/span><\/p>\n<p><span style=\"font-weight: 400;\">Die Abfahrt erfolgt um 08:00 Uhr in Ihrer Unterkunft in Havanna oder Varadero. Die Ankunft ist gegen 19.00 Uhr vorgesehen.<\/span><\/p>\n<p><b>Sehensw\u00fcrdigkeiten:<\/b><\/p>\n<ul>\n<li><span style=\"font-weight: 400;\"> Besuch zur Krokodilfarm<\/span><\/li>\n<li><span style=\"font-weight: 400;\"> Besichtigung einer Nachbildung des Indianerdorfes Guama mit Bootsfahrt durch Mangrovenw\u00e4lder.<\/span><\/li>\n<li><span style=\"font-weight: 400;\"> Besuch Playa Larga.<\/span><\/li>\n<li><span style=\"font-weight: 400;\"> Besuch zur Kubas tiefste S\u00fc\u00dfwasserh\u00f6hle, die \u201eCueva de los Peces\u201c, eine 70 Meter tiefe Unterwasserh\u00f6hle.<\/span><\/li>\n<li><span style=\"font-weight: 400;\"> Die K\u00fcste der Schweinebucht.<\/span><\/li>\n<\/ul>\n<p><b>Auf dem Programm stehen:<\/b><\/p>\n<ul>\n<li><span style=\"font-weight: 400;\"> 08:00 &#8211; Wir beginnen bei Ihrer Unterkunft in Havanna oder Varadero.<\/span><\/li>\n<li><span style=\"font-weight: 400;\">10:30 \u2013 Ankunft im National Park von Zapata Peninsula. Besuch zur Krokodilfarm<\/span><\/li>\n<li><span style=\"font-weight: 400;\"> 11:30 &#8211; La Aldea de Guama ist eine Nachbildung eines Indianerdorfes. Wir werden ein<\/span> <span style=\"font-weight: 400;\">Bootsfahrt durch Mangrovenw\u00e4lder machen um dort zu gehen. Dort, k\u00f6nnen wir eine Vorstellung vom Leben des Ureinwohners sehen, ein erfrischendes Getr\u00e4nk in einem Kokosnuss trinken und die sch\u00f6ne Vegetation und V\u00f6gel der Umgebung betrachten.<\/span><\/li>\n<li><span style=\"font-weight: 400;\"> 13:00 &#8211; Mittagessen in Playa Larga auf dem besten Fischrestaurant <\/span><b>(das Essen ist nicht inbegriffen).<\/b><\/li>\n<li><span style=\"font-weight: 400;\"> 14:00 \u2013 Besuch zur Cueva de los Peces &#8211; Die 70 Meter tiefe Xenote begeistert mit ihren bunten exotischen Fischen und den leuchtenden Korallen. Er ist \u00fcber einen unterirdischen Tunnel mit dem Meer verbunden. Hier k\u00f6nnen wir einen Sonnenbaden nehmen oder einfach in dieser wundersch\u00f6ne K\u00fcste schwimmen.Bringen Sie bitte Ihre Tauchenbrille mit!<\/span><\/li>\n<li><span style=\"font-weight: 400;\"> 16:30 \u2013 R\u00fcckreise nach Havanna oder Varadero. Gegen 19.00 Uhr sollen wir in Havanna oder Varadero zur\u00fcck sein.\u00a0<\/span><\/li>\n<\/ul>\n<p><strong>\u00dcberwachung<\/strong><\/p>\n<ul>\n<li><span style=\"font-weight: 400;\">\u00a0<\/span><b>Mittagessen und Tickets sind nicht inbegriffen!\u00a0Es sind zus\u00e4tzliche Kosten (22 CUC pro Person).\u00a0<\/b><\/li>\n<li><b>Eintritt zur Krokodilfarm: 5\u20ac\u00a0<\/b><\/li>\n<li><b>Besuch zum Indianerdorf mit dem Bootfahrt : 15\u20ac<\/b><\/li>\n<\/ul>\n<h6><strong style=\"font-family: Montserrat, sans-serif; font-size: 1.2143em; letter-spacing: 0px;\">Preis pro 1-4 Personen: 230<b>\u20ac Mit Guide in Englisch \/ Spanisch und Deutsch.<\/b><\/strong><\/h6>\n<p><a href=\"https:\/\/www.sunnyvinalestour.com\/de\/buchung\/\"><img loading=\"lazy\" decoding=\"async\" class=\"aligncenter wp-image-6276 size-full\" src=\"https:\/\/www.sunnyvinalestour.com\/wp-content\/uploads\/Captura-de-Pantalla-2021-10-09-a-las-21.59.17.png\" alt=\"\" width=\"426\" height=\"104\" srcset=\"https:\/\/www.sunnyvinalestour.com\/wp-content\/uploads\/Captura-de-Pantalla-2021-10-09-a-las-21.59.17.png 426w, https:\/\/www.sunnyvinalestour.com\/wp-content\/uploads\/Captura-de-Pantalla-2021-10-09-a-las-21.59.17-300x73.png 300w, https:\/\/www.sunnyvinalestour.com\/wp-content\/uploads\/Captura-de-Pantalla-2021-10-09-a-las-21.59.17-370x90.png 370w\" sizes=\"auto, (max-width: 426px) 100vw, 426px\" \/><\/a><\/p>\n","protected":false},"excerpt":{"rendered":"<p>Aus: La Havanna, Varadero oder Trinidad. Die Reise beginnt und endet in Ihrer Unterkunft in Havanna oder in Varadero.\u00a0Die Schweinebucht hat beides gro\u00dfe historische und \u00f6kologische Bedeutung.\u00a0Es ist ein UNESCO&hellip;<\/p>\n","protected":false},"author":1,"featured_media":1801,"parent":0,"menu_order":0,"comment_status":"closed","ping_status":"closed","template":"","meta":{"footnotes":""},"class_list":["post-3308","page","type-page","status-publish","has-post-thumbnail","hentry"],"_links":{"self":[{"href":"https:\/\/www.sunnyvinalestour.com\/de\/wp-json\/wp\/v2\/pages\/3308","targetHints":{"allow":["GET"]}}],"collection":[{"href":"https:\/\/www.sunnyvinalestour.com\/de\/wp-json\/wp\/v2\/pages"}],"about":[{"href":"https:\/\/www.sunnyvinalestour.com\/de\/wp-json\/wp\/v2\/types\/page"}],"author":[{"embeddable":true,"href":"https:\/\/www.sunnyvinalestour.com\/de\/wp-json\/wp\/v2\/users\/1"}],"replies":[{"embeddable":true,"href":"https:\/\/www.sunnyvinalestour.com\/de\/wp-json\/wp\/v2\/comments?post=3308"}],"version-history":[{"count":14,"href":"https:\/\/www.sunnyvinalestour.com\/de\/wp-json\/wp\/v2\/pages\/3308\/revisions"}],"predecessor-version":[{"id":7889,"href":"https:\/\/www.sunnyvinalestour.com\/de\/wp-json\/wp\/v2\/pages\/3308\/revisions\/7889"}],"wp:featuredmedia":[{"embeddable":true,"href":"https:\/\/www.sunnyvinalestour.com\/de\/wp-json\/wp\/v2\/media\/1801"}],"wp:attachment":[{"href":"https:\/\/www.sunnyvinalestour.com\/de\/wp-json\/wp\/v2\/media?parent=3308"}],"curies":[{"name":"wp","href":"https:\/\/api.w.org\/{rel}","templated":true}]}}