{"id":5209,"date":"2017-06-01T11:17:07","date_gmt":"2017-06-01T11:17:07","guid":{"rendered":"https:\/\/www.sunnyvinalestour.com\/\/team\/"},"modified":"2024-10-08T13:28:58","modified_gmt":"2024-10-08T13:28:58","slug":"ueber-uns","status":"publish","type":"page","link":"https:\/\/www.sunnyvinalestour.com\/de\/ueber-uns\/","title":{"rendered":"\u00dcber uns"},"content":{"rendered":"<header class=\"entry-header\">Sunny Vinales Tour ist eine kubanische Agentur mit mehr als 10-j\u00e4hriger Erfahrung in der Touristikbranche. Wir organisieren die ganze Vielfalt der Reisen nach Kuba und kommen aus Vinales, aus dem Land, mit dem besten Tabak auf der ganzen Welt.<br \/>\nSie werden mit uns einen Reitausflug durch die Tabakplantagen erleben, die wilde Landschaft der Schweinebucht kennenlernen, das magische und aufregende Havanna entdecken oder auch die M\u00f6glichkeit haben, die sch\u00f6nsten Kolonialst\u00e4dte wie Cienfuegos und Trinidad zu bewundern.<\/header>\n<div class=\"entry-content content-page \">\n<p>Wir besitzen das <strong>Certificate of Excellence 2019 von TripAdvisor<\/strong> (die weltweit gr\u00f6\u00dfte Reise-Plattform).<\/p>\n<\/div>\n<h3 class=\"p1\"><\/h3>\n<p>&nbsp;<\/p>\n","protected":false},"excerpt":{"rendered":"<p>Sunny Vinales Tour ist eine kubanische Agentur mit mehr als 10-j\u00e4hriger Erfahrung in der Touristikbranche. Wir organisieren die ganze Vielfalt der Reisen nach Kuba und kommen aus Vinales, aus dem&hellip;<\/p>\n","protected":false},"author":1,"featured_media":0,"parent":0,"menu_order":0,"comment_status":"closed","ping_status":"closed","template":"","meta":{"footnotes":""},"class_list":["post-5209","page","type-page","status-publish","hentry"],"_links":{"self":[{"href":"https:\/\/www.sunnyvinalestour.com\/de\/wp-json\/wp\/v2\/pages\/5209","targetHints":{"allow":["GET"]}}],"collection":[{"href":"https:\/\/www.sunnyvinalestour.com\/de\/wp-json\/wp\/v2\/pages"}],"about":[{"href":"https:\/\/www.sunnyvinalestour.com\/de\/wp-json\/wp\/v2\/types\/page"}],"author":[{"embeddable":true,"href":"https:\/\/www.sunnyvinalestour.com\/de\/wp-json\/wp\/v2\/users\/1"}],"replies":[{"embeddable":true,"href":"https:\/\/www.sunnyvinalestour.com\/de\/wp-json\/wp\/v2\/comments?post=5209"}],"version-history":[{"count":4,"href":"https:\/\/www.sunnyvinalestour.com\/de\/wp-json\/wp\/v2\/pages\/5209\/revisions"}],"predecessor-version":[{"id":8046,"href":"https:\/\/www.sunnyvinalestour.com\/de\/wp-json\/wp\/v2\/pages\/5209\/revisions\/8046"}],"wp:attachment":[{"href":"https:\/\/www.sunnyvinalestour.com\/de\/wp-json\/wp\/v2\/media?parent=5209"}],"curies":[{"name":"wp","href":"https:\/\/api.w.org\/{rel}","templated":true}]}}