{"id":5712,"date":"2021-09-23T11:14:40","date_gmt":"2021-09-23T11:14:40","guid":{"rendered":"https:\/\/www.sunnyvinalestour.com\/?page_id=5712"},"modified":"2021-11-04T12:07:16","modified_gmt":"2021-11-04T12:07:16","slug":"klassisches-kuba-in-14-tagen","status":"publish","type":"page","link":"https:\/\/www.sunnyvinalestour.com\/de\/klassisches-kuba-in-14-tagen\/","title":{"rendered":"Klassisches Kuba in 14 Tagen"},"content":{"rendered":"<p><img loading=\"lazy\" decoding=\"async\" class=\"aligncenter size-full wp-image-1470\" src=\"https:\/\/www.sunnyvinalestour.com\/\/wp-content\/uploads\/cuba-tours.jpg\" sizes=\"auto, (max-width: 660px) 100vw, 660px\" srcset=\"https:\/\/www.sunnyvinalestour.com\/\/wp-content\/uploads\/cuba-tours.jpg 660w, https:\/\/www.sunnyvinalestour.com\/\/wp-content\/uploads\/cuba-tours-300x235.jpg 300w\" alt=\"\" width=\"660\" height=\"517\" \/><\/p>\n\n<h3>KOMBI MIT CAYO SANTA MARIA<\/h3>\n<p>Havanna (Anreise)<br \/>\nHavanna<br \/>\nHavanna<br \/>\nVi\u00f1ales<br \/>\nVi\u00f1ales<br \/>\nPlaya Gir\u00f3n<br \/>\nPlaya Gir\u00f3n<br \/>\nCienfuegos \u2013 Trinidad<br \/>\nTrinidad<br \/>\nSanta Clara<br \/>\nSanta Clara \u2013 Remedios \u2013 Cayo Santa Mar\u00eda<br \/>\nCayo Santa Mar\u00eda<br \/>\nCayo Santa Mar\u00eda<br \/>\nCayo Santa Mar\u00eda \u2013 Havanna<\/p>\n<h5>PAKET F\u00dcR 2 PERSONEN:<\/h5>\n<p>10 N\u00e4chte in Casas Particulares (private Familienunterkunft).<br \/>\n3 N\u00e4chte in einem 5 *-All-Inclusive-Hotel in Cayo Santa Mar\u00eda (Hotel Dhawa).<br \/>\nTransfers vom\/zum Flughafen (in Havanna zur Casa Particular und von Cayo<br \/>\nSanta Mar\u00eda nach Havanna).<br \/>\nPrivatfahrer f\u00fcr 8 Tage.<br \/>\nAusf\u00fchrlicher Rundreiseablauf mit Empfehlungen (PDF).<br \/>\nN\u00fctzliche Informationen vor Reisebeginn (PDF).<br \/>\n<strong>Preis pro Person: 1360<span style=\"color: #000000;\">\u20ac <\/span> (maximal 2 Personen)<\/strong><\/p>\n<h5><a href=\"https:\/\/www.sunnyvinalestour.com\/de\/contact\/\"><img loading=\"lazy\" decoding=\"async\" class=\"aligncenter wp-image-6276 size-full\" src=\"https:\/\/www.sunnyvinalestour.com\/wp-content\/uploads\/Captura-de-Pantalla-2021-10-09-a-las-21.59.17.png\" alt=\"\" width=\"426\" height=\"104\" srcset=\"https:\/\/www.sunnyvinalestour.com\/wp-content\/uploads\/Captura-de-Pantalla-2021-10-09-a-las-21.59.17.png 426w, https:\/\/www.sunnyvinalestour.com\/wp-content\/uploads\/Captura-de-Pantalla-2021-10-09-a-las-21.59.17-300x73.png 300w, https:\/\/www.sunnyvinalestour.com\/wp-content\/uploads\/Captura-de-Pantalla-2021-10-09-a-las-21.59.17-370x90.png 370w\" sizes=\"auto, (max-width: 426px) 100vw, 426px\" \/><\/a><\/h5>\n<h5>PAKET F\u00dcR 3 PERSONEN:<\/h5>\n<p>10 N\u00e4chte in Casas Particulares (private Familienunterkunft \u2013 2 Zimmer).<br \/>\n3 N\u00e4chte in einem 5 *-All-Inclusive-Hotel in Cayo Santa Mar\u00eda (Hotel Iberostar<br \/>\nEnsenachos) \u2013 im Dreibettzimmer.<br \/>\nTransfers vom\/zum Flughafen(in Havanna zur Casa Particular und von Cayo<br \/>\nSanta Mar\u00eda nach Havanna).<br \/>\nPrivatfahrer f\u00fcr 8 Tage.<br \/>\nAusf\u00fchrlicher Rundreiseablauf mit Empfehlungen (PDF).<br \/>\nN\u00fctzliche Informationen vor Reisebeginn (PDF).<br \/>\n<strong>Preis pro Person: 1250<span style=\"color: #000000;\">\u20ac <\/span> (maximal 3 Personen)<\/strong><\/p>\n<h5><a href=\"https:\/\/www.sunnyvinalestour.com\/de\/contact\/\"><img loading=\"lazy\" decoding=\"async\" class=\"aligncenter wp-image-6276 size-full\" src=\"https:\/\/www.sunnyvinalestour.com\/wp-content\/uploads\/Captura-de-Pantalla-2021-10-09-a-las-21.59.17.png\" alt=\"\" width=\"426\" height=\"104\" srcset=\"https:\/\/www.sunnyvinalestour.com\/wp-content\/uploads\/Captura-de-Pantalla-2021-10-09-a-las-21.59.17.png 426w, https:\/\/www.sunnyvinalestour.com\/wp-content\/uploads\/Captura-de-Pantalla-2021-10-09-a-las-21.59.17-300x73.png 300w, https:\/\/www.sunnyvinalestour.com\/wp-content\/uploads\/Captura-de-Pantalla-2021-10-09-a-las-21.59.17-370x90.png 370w\" sizes=\"auto, (max-width: 426px) 100vw, 426px\" \/><\/a><\/h5>\n<h5>PAKET F\u00dcR 4 PERSONEN:<\/h5>\n<p>10 N\u00e4chte in Casas Particulares (private Familienunterkunft \u2013 2 Zimmer).<br \/>\n3 N\u00e4chte in einem 5 *-All-Inclusive-Hotel in Cayo Santa Mar\u00eda (Hotel Dhawa) \u2013<br \/>\n2 Zimmer.<br \/>\nTransfers vom\/zum Flughafen (in Havanna zur Casa Particular und von Cayo<br \/>\nSanta Mar\u00eda nach Havanna).<br \/>\nPrivatfahrer f\u00fcr 8 Tage.<br \/>\nAusf\u00fchrlicher Rundreiseablauf mit Empfehlungen(PDF).<br \/>\nN\u00fctzliche Informationen vor Reisebeginn (PDF).<br \/>\n<strong>Preis pro Person: 1060<span style=\"color: #000000;\">\u20ac <\/span> (maximal 4 Personen)<\/strong><\/p>\n<h5><a href=\"https:\/\/www.sunnyvinalestour.com\/de\/contact\/\"><img loading=\"lazy\" decoding=\"async\" class=\"aligncenter wp-image-6276 size-full\" src=\"https:\/\/www.sunnyvinalestour.com\/wp-content\/uploads\/Captura-de-Pantalla-2021-10-09-a-las-21.59.17.png\" alt=\"\" width=\"426\" height=\"104\" srcset=\"https:\/\/www.sunnyvinalestour.com\/wp-content\/uploads\/Captura-de-Pantalla-2021-10-09-a-las-21.59.17.png 426w, https:\/\/www.sunnyvinalestour.com\/wp-content\/uploads\/Captura-de-Pantalla-2021-10-09-a-las-21.59.17-300x73.png 300w, https:\/\/www.sunnyvinalestour.com\/wp-content\/uploads\/Captura-de-Pantalla-2021-10-09-a-las-21.59.17-370x90.png 370w\" sizes=\"auto, (max-width: 426px) 100vw, 426px\" \/><\/a><\/h5>\n<h3>KOMBI MIT VARADERO<\/h3>\n<p>Havanna (Anreise)<br \/>\nHavanna<br \/>\nHavanna<br \/>\nVi\u00f1ales<br \/>\nVi\u00f1ales<br \/>\nPlaya Gir\u00f3n<br \/>\nPlaya Gir\u00f3n<br \/>\nTrinidad<br \/>\nTrinidad<br \/>\nSanta Clara<br \/>\nSanta Clara \u2013 Varadero<br \/>\nVaradero<br \/>\nVaradero<br \/>\nVaradero \u2013 Havanna<\/p>\n<h5>PAKET F\u00dcR 2 PERSONEN:<\/h5>\n<p>10 N\u00e4chte in Casas Particulares (private Familienunterkunft).<br \/>\n3 N\u00e4chte im All-Inclusive-Hotel Grand Memories Varadero.<br \/>\nTransfers vom\/zum Flughafen (in Havanna zur Casa Particular und von<br \/>\nVaradero nach Havanna).<br \/>\nPrivatfahrer f\u00fcr 8 Tage.<br \/>\nAusf\u00fchrlicher Rundreiseablauf mit Empfehlungen (PDF).<br \/>\nN\u00fctzliche Informationen vor Reisebeginn (PDF).<br \/>\n<strong>Preis pro Person: 1290<span style=\"color: #000000;\">\u20ac <\/span> (maximal 2 Personen)<\/strong><\/p>\n<h5><a href=\"https:\/\/www.sunnyvinalestour.com\/de\/contact\/\"><img loading=\"lazy\" decoding=\"async\" class=\"aligncenter wp-image-6276 size-full\" src=\"https:\/\/www.sunnyvinalestour.com\/wp-content\/uploads\/Captura-de-Pantalla-2021-10-09-a-las-21.59.17.png\" alt=\"\" width=\"426\" height=\"104\" srcset=\"https:\/\/www.sunnyvinalestour.com\/wp-content\/uploads\/Captura-de-Pantalla-2021-10-09-a-las-21.59.17.png 426w, https:\/\/www.sunnyvinalestour.com\/wp-content\/uploads\/Captura-de-Pantalla-2021-10-09-a-las-21.59.17-300x73.png 300w, https:\/\/www.sunnyvinalestour.com\/wp-content\/uploads\/Captura-de-Pantalla-2021-10-09-a-las-21.59.17-370x90.png 370w\" sizes=\"auto, (max-width: 426px) 100vw, 426px\" \/><\/a><\/h5>\n<h5>PAKET F\u00dcR 3 PERSONEN:<\/h5>\n<p>10 N\u00e4chte in Casas Particulares (private Familienunterkunft) &#8211; 2 Zimmer.<br \/>\n3 N\u00e4chte im All-Inclusive-Hotel Grand Memories Varadero, (1 Dreibettzimmer)<br \/>\nTransfers vom\/zum Flughafen (in Havanna zur Casa Particular und von<br \/>\nVaradero nach Havanna).<br \/>\nPrivatfahrer f\u00fcr 8 Tage.<br \/>\nAusf\u00fchrlicher Rundreiseablauf mit Empfehlungen (PDF).<br \/>\nN\u00fctzliche Informationen vor Reisebeginn (PDF).<br \/>\n<strong>Preis pro Person: 1130<span style=\"color: #000000;\">\u20ac <\/span> (maximal 3 Personen)<\/strong><\/p>\n<h5><a href=\"https:\/\/www.sunnyvinalestour.com\/de\/contact\/\"><img loading=\"lazy\" decoding=\"async\" class=\"aligncenter wp-image-6276 size-full\" src=\"https:\/\/www.sunnyvinalestour.com\/wp-content\/uploads\/Captura-de-Pantalla-2021-10-09-a-las-21.59.17.png\" alt=\"\" width=\"426\" height=\"104\" srcset=\"https:\/\/www.sunnyvinalestour.com\/wp-content\/uploads\/Captura-de-Pantalla-2021-10-09-a-las-21.59.17.png 426w, https:\/\/www.sunnyvinalestour.com\/wp-content\/uploads\/Captura-de-Pantalla-2021-10-09-a-las-21.59.17-300x73.png 300w, https:\/\/www.sunnyvinalestour.com\/wp-content\/uploads\/Captura-de-Pantalla-2021-10-09-a-las-21.59.17-370x90.png 370w\" sizes=\"auto, (max-width: 426px) 100vw, 426px\" \/><\/a><\/h5>\n<h5>PAKET F\u00dcR 4 PERSONEN:<\/h5>\n<p>10 N\u00e4chte in Casas Particulares (private Familienunterkunft &#8211; 2 Zimmer)<br \/>\n3 N\u00e4chte im All-Inclusive-Hotel Grand Memories Varadero (2 Doppelzimmer)<br \/>\nTransfers vom\/zum Flughafen (in Havanna bis zur Casa Particular und von<br \/>\nVaradero nach Havanna).<br \/>\nPrivatfahrer f\u00fcr 8 Tage.<br \/>\nAusf\u00fchrlicher Rundreiseablauf mit Empfehlungen (PDF).<br \/>\nN\u00fctzliche Informationen vor Reisebeginn (PDF).<br \/>\n<strong>Preis pro Person: 1050<span style=\"color: #000000;\">\u20ac <\/span> (maximal 4 Personen)<\/strong><\/p>\n<p><strong>Nicht im Paket inbegriffen:<\/strong><br \/>\nVerpflegung und Getr\u00e4nke<br \/>\nFlugtickets<br \/>\nVisum<br \/>\nEintrittskarten<br \/>\nEigene Ausgaben und Trinkfgelder<\/p>\n<h5><a href=\"https:\/\/www.sunnyvinalestour.com\/de\/contact\/\"><img loading=\"lazy\" decoding=\"async\" class=\"aligncenter wp-image-6276 size-full\" src=\"https:\/\/www.sunnyvinalestour.com\/wp-content\/uploads\/Captura-de-Pantalla-2021-10-09-a-las-21.59.17.png\" alt=\"\" width=\"426\" height=\"104\" srcset=\"https:\/\/www.sunnyvinalestour.com\/wp-content\/uploads\/Captura-de-Pantalla-2021-10-09-a-las-21.59.17.png 426w, https:\/\/www.sunnyvinalestour.com\/wp-content\/uploads\/Captura-de-Pantalla-2021-10-09-a-las-21.59.17-300x73.png 300w, https:\/\/www.sunnyvinalestour.com\/wp-content\/uploads\/Captura-de-Pantalla-2021-10-09-a-las-21.59.17-370x90.png 370w\" sizes=\"auto, (max-width: 426px) 100vw, 426px\" \/><\/a><\/h5>\n","protected":false},"excerpt":{"rendered":"<p>KOMBI MIT CAYO SANTA MARIA Havanna (Anreise) Havanna Havanna Vi\u00f1ales Vi\u00f1ales Playa Gir\u00f3n Playa Gir\u00f3n Cienfuegos \u2013 Trinidad Trinidad Santa Clara Santa Clara \u2013 Remedios \u2013 Cayo Santa Mar\u00eda Cayo&hellip;<\/p>\n","protected":false},"author":1,"featured_media":1464,"parent":0,"menu_order":0,"comment_status":"closed","ping_status":"closed","template":"","meta":{"footnotes":""},"class_list":["post-5712","page","type-page","status-publish","has-post-thumbnail","hentry"],"_links":{"self":[{"href":"https:\/\/www.sunnyvinalestour.com\/de\/wp-json\/wp\/v2\/pages\/5712","targetHints":{"allow":["GET"]}}],"collection":[{"href":"https:\/\/www.sunnyvinalestour.com\/de\/wp-json\/wp\/v2\/pages"}],"about":[{"href":"https:\/\/www.sunnyvinalestour.com\/de\/wp-json\/wp\/v2\/types\/page"}],"author":[{"embeddable":true,"href":"https:\/\/www.sunnyvinalestour.com\/de\/wp-json\/wp\/v2\/users\/1"}],"replies":[{"embeddable":true,"href":"https:\/\/www.sunnyvinalestour.com\/de\/wp-json\/wp\/v2\/comments?post=5712"}],"version-history":[{"count":7,"href":"https:\/\/www.sunnyvinalestour.com\/de\/wp-json\/wp\/v2\/pages\/5712\/revisions"}],"predecessor-version":[{"id":6733,"href":"https:\/\/www.sunnyvinalestour.com\/de\/wp-json\/wp\/v2\/pages\/5712\/revisions\/6733"}],"wp:featuredmedia":[{"embeddable":true,"href":"https:\/\/www.sunnyvinalestour.com\/de\/wp-json\/wp\/v2\/media\/1464"}],"wp:attachment":[{"href":"https:\/\/www.sunnyvinalestour.com\/de\/wp-json\/wp\/v2\/media?parent=5712"}],"curies":[{"name":"wp","href":"https:\/\/api.w.org\/{rel}","templated":true}]}}