{"id":2824,"date":"2020-07-01T07:16:27","date_gmt":"2020-07-01T07:16:27","guid":{"rendered":"https:\/\/www.sunnyvinalestour.com\/\/?page_id=2824"},"modified":"2021-11-04T12:33:25","modified_gmt":"2021-11-04T12:33:25","slug":"viaje-3-sunny-vinales-tour-en-automovil-americano-desde-la-habana","status":"publish","type":"page","link":"https:\/\/www.sunnyvinalestour.com\/es\/viaje-3-sunny-vinales-tour-en-automovil-americano-desde-la-habana\/","title":{"rendered":"Vi\u00f1ales en coche cl\u00e1sico"},"content":{"rendered":"<p><img loading=\"lazy\" decoding=\"async\" class=\"size-full wp-image-1759 aligncenter\" src=\"https:\/\/www.sunnyvinalestour.com\/\/wp-content\/uploads\/5.png\" alt=\"\" width=\"820\" height=\"312\" srcset=\"https:\/\/www.sunnyvinalestour.com\/wp-content\/uploads\/5.png 820w, https:\/\/www.sunnyvinalestour.com\/wp-content\/uploads\/5-600x228.png 600w, https:\/\/www.sunnyvinalestour.com\/wp-content\/uploads\/5-300x114.png 300w, https:\/\/www.sunnyvinalestour.com\/wp-content\/uploads\/5-768x292.png 768w\" sizes=\"auto, (max-width: 820px) 100vw, 820px\" \/><\/p>\n<h6>Durante este viaje, descubrir\u00e1 las atracciones m\u00e1s hermosas del Valle de Vi\u00f1ales, mientras viaja c\u00f3modamente.<\/h6>\n<p class=\"p1\"><b>Est\u00e1 listo, este viaje est\u00e1 dise\u00f1ada para que usted: disfrute de un viaje a plenitud regresando a los a\u00f1os 50 en donde los coches cl\u00e1sicos eran los medios de transporte si buscas tener una aventura de este tipo y a su paso descubrir uno de los paisajes m\u00e1s naturales y hermosos de Cuba no te pierdas la<\/b><span class=\"Apple-converted-space\" style=\"font-weight: bold;\">\u00a0 <\/span><b>oportunidad de conocer el Valle de Vinales.<\/b><\/p>\n<p><span style=\"color: #000000;\"><strong>Comenzaremos en la su casa a las 7:30 am y estaremos de regreso a las 6:30 pm en La Habana.\u00a0<\/strong><\/span><\/p>\n<p><strong>Actividades incluidas:<\/strong><\/p>\n<ul>\n<li>Viaje en taxi americano Todo el d\u00eda desde La Habana a Vi\u00f1ales y regreso\u00a0 \u00a0 \u00a0 \u00a0 \u00a0 \u00a0 \u00a0 \u00a0 \u00a0 \u00a0 \u00a0 \u00a0 \u00a0 \u00a0 \u00a0 \u00a0 \u00a0 \u00a0 \u00a0 \u00a0 \u00a0 \u00a0 \u00a0 \u00a0 \u00a0 \u00a0 \u00a0 \u00a0 \u00a0 \u00a0 \u00a0 \u00a0 \u00a0 \u00a0 \u00a0 <strong><img loading=\"lazy\" decoding=\"async\" class=\"alignright size-full wp-image-1310\" src=\"https:\/\/www.sunnyvinalestour.com\/\/wp-content\/uploads\/28709_Rec-On_logo_for_BrandFolder_Circle-GREEN_EN.png\" alt=\"\" width=\"116\" height=\"116\" srcset=\"https:\/\/www.sunnyvinalestour.com\/wp-content\/uploads\/28709_Rec-On_logo_for_BrandFolder_Circle-GREEN_EN.png 116w, https:\/\/www.sunnyvinalestour.com\/wp-content\/uploads\/28709_Rec-On_logo_for_BrandFolder_Circle-GREEN_EN-90x90.png 90w, https:\/\/www.sunnyvinalestour.com\/wp-content\/uploads\/28709_Rec-On_logo_for_BrandFolder_Circle-GREEN_EN-100x100.png 100w, https:\/\/www.sunnyvinalestour.com\/wp-content\/uploads\/28709_Rec-On_logo_for_BrandFolder_Circle-GREEN_EN-75x75.png 75w\" sizes=\"auto, (max-width: 116px) 100vw, 116px\" \/><\/strong><\/li>\n<li>C\u00f3ctel de bienvenida<\/li>\n<li>Visita las plantaciones de tabaco (en auto)<\/li>\n<li>Una deliciosa comida tradicional cubana<\/li>\n<li>Tour de Citi en el centro tur\u00edstico y sus alrededores (Mural de la Prehistoria, Cueva del Indio, Jard\u00edn Bot\u00e1nico)<\/li>\n<li>Volviendo a La Habana y visita el Mirador de los Jazmines.<\/li>\n<\/ul>\n<h4>PRECIOS:<\/h4>\n<ul>\n<li><strong><span style=\"color: #000000;\">\u00a02 personas: 175\u20ac<\/span><\/strong><\/li>\n<li><strong><span style=\"color: #000000;\">\u00a03 personas: 200\u20ac<\/span><\/strong><\/li>\n<li><strong><span style=\"color: #000000;\">\u00a04 personas: 230\u20ac<\/span><\/strong><\/li>\n<\/ul>\n<p>&nbsp;<\/p>\n<p><span id=\"result_box\" class=\"short_text\" lang=\"en\" style=\"font-weight: bold;\"><span class=\"\"><img loading=\"lazy\" decoding=\"async\" class=\"alignleft wp-image-244\" src=\"https:\/\/www.sunnyvinalestour.com\/\/wp-content\/uploads\/important-150x150.png\" alt=\"\" width=\"67\" height=\"67\" \/>Boletos no son\u00a0<\/span><\/span><b>incluidos! El pr<\/b><strong>ecio para los boletos es 8<span style=\"color: #000000;\">\u20ac<\/span>&#8211; para cada persona! Solo en efectivo.<em><br \/>\n<\/em><\/strong><\/p>\n<p><strong> (<em>Cueva del Indio &#8211; 5<span style=\"color: #000000;\">\u20ac<\/span>*, Mural de Prehistoria &#8211; 3<span style=\"color: #000000;\">\u20ac<\/span>)\u00a0<\/em><\/strong><\/p>\n<p>&nbsp;<\/p>\n<p><a href=\"https:\/\/www.sunnyvinalestour.com\/\/es\/reservar\/#3\"><img loading=\"lazy\" decoding=\"async\" class=\"aligncenter wp-image-639\" src=\"https:\/\/www.sunnyvinalestour.com\/\/wp-content\/uploads\/reservar-ahora.png\" alt=\"\" width=\"352\" height=\"151\" \/><\/a><\/p>\n<h3>Si necesitas servicio de taxi solamente para alg\u00fan tipo de traslado te ayudamos tambien. <a href=\"https:\/\/www.sunnyvinalestour.com\/\/es\/transfer-de-taxis-en-cuba\/\">Encuentra lo Aqui!<\/a><\/h3>\n<p>&nbsp;<\/p>\n","protected":false},"excerpt":{"rendered":"<p>Durante este viaje, descubrir\u00e1 las atracciones m\u00e1s hermosas del Valle de Vi\u00f1ales, mientras viaja c\u00f3modamente. Est\u00e1 listo, este viaje est\u00e1 dise\u00f1ada para que usted: disfrute de un viaje a plenitud&hellip;<\/p>\n","protected":false},"author":1,"featured_media":1956,"parent":0,"menu_order":0,"comment_status":"closed","ping_status":"closed","template":"","meta":{"footnotes":""},"class_list":["post-2824","page","type-page","status-publish","has-post-thumbnail","hentry"],"_links":{"self":[{"href":"https:\/\/www.sunnyvinalestour.com\/es\/wp-json\/wp\/v2\/pages\/2824","targetHints":{"allow":["GET"]}}],"collection":[{"href":"https:\/\/www.sunnyvinalestour.com\/es\/wp-json\/wp\/v2\/pages"}],"about":[{"href":"https:\/\/www.sunnyvinalestour.com\/es\/wp-json\/wp\/v2\/types\/page"}],"author":[{"embeddable":true,"href":"https:\/\/www.sunnyvinalestour.com\/es\/wp-json\/wp\/v2\/users\/1"}],"replies":[{"embeddable":true,"href":"https:\/\/www.sunnyvinalestour.com\/es\/wp-json\/wp\/v2\/comments?post=2824"}],"version-history":[{"count":12,"href":"https:\/\/www.sunnyvinalestour.com\/es\/wp-json\/wp\/v2\/pages\/2824\/revisions"}],"predecessor-version":[{"id":6763,"href":"https:\/\/www.sunnyvinalestour.com\/es\/wp-json\/wp\/v2\/pages\/2824\/revisions\/6763"}],"wp:featuredmedia":[{"embeddable":true,"href":"https:\/\/www.sunnyvinalestour.com\/es\/wp-json\/wp\/v2\/media\/1956"}],"wp:attachment":[{"href":"https:\/\/www.sunnyvinalestour.com\/es\/wp-json\/wp\/v2\/media?parent=2824"}],"curies":[{"name":"wp","href":"https:\/\/api.w.org\/{rel}","templated":true}]}}