{"id":2826,"date":"2020-07-01T07:17:46","date_gmt":"2020-07-01T07:17:46","guid":{"rendered":"https:\/\/www.sunnyvinalestour.com\/\/?page_id=2826"},"modified":"2022-02-05T02:26:42","modified_gmt":"2022-02-05T02:26:42","slug":"viaje-4-la-habana-desde-varadero","status":"publish","type":"page","link":"https:\/\/www.sunnyvinalestour.com\/es\/viaje-4-la-habana-desde-varadero\/","title":{"rendered":"La Habana desde Varadero"},"content":{"rendered":"<p>&nbsp;<\/p>\n<p><img loading=\"lazy\" decoding=\"async\" class=\"size-full wp-image-1738 aligncenter\" src=\"https:\/\/www.sunnyvinalestour.com\/\/wp-content\/uploads\/67461620_860239931022626_5322487429284757504_n.jpg\" alt=\"\" width=\"844\" height=\"474\" srcset=\"https:\/\/www.sunnyvinalestour.com\/wp-content\/uploads\/67461620_860239931022626_5322487429284757504_n.jpg 844w, https:\/\/www.sunnyvinalestour.com\/wp-content\/uploads\/67461620_860239931022626_5322487429284757504_n-600x337.jpg 600w, https:\/\/www.sunnyvinalestour.com\/wp-content\/uploads\/67461620_860239931022626_5322487429284757504_n-300x168.jpg 300w, https:\/\/www.sunnyvinalestour.com\/wp-content\/uploads\/67461620_860239931022626_5322487429284757504_n-768x431.jpg 768w\" sizes=\"auto, (max-width: 844px) 100vw, 844px\" \/><\/p>\n<p>Durante este viaje descubrir\u00e1 la ciudad m\u00e1s hermosa del Caribe: La Habana, llena de energ\u00eda, colorida y llena de extremos edificios demostrando su antig\u00fcedad entre sus calles . Es una ciudad fenomenal a escala mundial, en la que chocan diversas \u00e9pocas, estilos de vidas, culturas, razas, olores y sonidos.<\/p>\n<h4>\u00a0Itinerario.<\/h4>\n<ul>\n<li><span style=\"color: #808080;\">8:00 &#8211; Un conductor le recoger\u00e1 de su lugar de alojamiento en Varadero. Ind\u00edquenos su direcci\u00f3n exacta y \/ o el nombre del hotel en el que se hospeda. Espera al conductor afuera de la entrada. Y aseg\u00farese de revisar siempre antes de tomar el taxi su n\u00famero de reservaci\u00f3n en caso que no lo tenga exija de inmediato a nosotros estas informaci\u00f3n.<\/span><\/li>\n<li><span style=\"color: #808080;\">10:00 &#8211; Comenzamos a explorar La Habana. Descubrir\u00e1 La Habana Vieja y sus cuatro plazas famosas, ver\u00e1 el Capitolio, los bares emblem\u00e1ticos donde Ernest Hemingway tom\u00f3 bebidas y el Museo de la Revoluci\u00f3n.<\/span><\/li>\n<li><span style=\"color: #808080;\">Tomaremos un descanso para almorzar durante el recorrido.<\/span><\/li>\n<li><span style=\"color: #808080;\">Luego, iremos a la Plaza de la Revoluci\u00f3n para ver el lugar donde Fidel Castro pronunci\u00f3 sus largos discursos.<\/span><br \/>\n<span style=\"color: #808080;\">Viajaremos en autom\u00f3vil a trav\u00e9s del Malec\u00f3n, el Distrito Chino y el Centro de La Habana, y el distrito residencial del Vedado para experimentar todos los sabores de La Habana.17:00 Regreso a Varadero.<\/span><\/li>\n<\/ul>\n<h4><strong>Programa.\u00a0<\/strong><\/h4>\n<ul>\n<li>Recogida en su alojamiento u hotel en La Habana o Varadero a las 8:00 am<\/li>\n<li>Parada en el Puente de Bacubayagua.<\/li>\n<li>Cerca de dos horas de viaje hasta la Habana bordando todo el litoral norte<\/li>\n<li>Visita al Hotel Nacional.<\/li>\n<li>Paseo por las 4 Plazas de la Habana vieja, declarada patrimonio de la Habana por la UNESCO en 1982<\/li>\n<li>Visitaras, Hotel Ambos Mundos, Bodeguita del Medio, Bar Floridita, son famosos por Hemingway.<\/li>\n<li>Almuerzo (los precios var\u00edan seg\u00fan la elecci\u00f3n del cliente)<\/li>\n<li>Tiempo libre (se pudiera visitar el Mercado de artesan\u00eda)<\/li>\n<li>Recorrido por la Habana moderna<\/li>\n<li>Recorrido a lo largo de la avenida del malec\u00f3n para ver el Hotel Nacional.<\/li>\n<li>Parada en la Plaza de la Revoluci\u00f3n<\/li>\n<li>Parada en el edificio del Capitolio<\/li>\n<li>Parada en el parque central Jos\u00e9 Mart\u00ed<\/li>\n<li>Parada en el Gran Teatro de La Habana y Museo de Bellas Artes.<\/li>\n<li>Si lo deseas, podr\u00e1s visitar la f\u00e1brica de tabaco, el Museo de la Revoluci\u00f3n y la f\u00e1brica de ron antes de regresar<\/li>\n<li>Regreso a su hotel o alojamiento Varadero o Habana.<\/li>\n<\/ul>\n<p><strong>PRECIO\u00a0<\/strong><\/p>\n<ul>\n<li>El precio para este viaje de: 1-4 personas desde Varadero es: 180<span style=\"color: #000000;\">\u20ac<\/span>\u00a0.<b> Pagando en efectivo. Oh en nuestra cuenta\u00a0 por transferencia si as\u00ed lo prefiere.\u00a0<\/b><span style=\"color: #000000;\"><strong>\u00a0<\/strong><\/span><\/li>\n<\/ul>\n<p>&nbsp;<\/p>\n<p><strong><img loading=\"lazy\" decoding=\"async\" class=\"alignleft wp-image-244\" src=\"https:\/\/www.sunnyvinalestour.com\/\/wp-content\/uploads\/important-150x150.png\" alt=\"\" width=\"67\" height=\"67\" \/><\/strong><span id=\"result_box\" class=\"short_text\" lang=\"en\" style=\"font-weight: bold;\"><span class=\"\">Qu\u00e9 incluye: <\/span><\/span><span id=\"result_box\" class=\"short_text\" lang=\"en\"><span class=\"\">T<\/span><\/span><span id=\"result_box\" class=\"short_text\" lang=\"en\"><span class=\"\">axi privado Varadero-La Habana-Varadero y gu\u00eda ingl\u00e9s \/ espa\u00f1ol o Aleman.<\/span><\/span><span id=\"result_box\" class=\"short_text\" lang=\"en\" style=\"font-weight: bold;\"><span class=\"\"><br \/>\n<\/span><\/span><\/p>\n<ul>\n<li><strong>Costo adicional:<\/strong>\u00a0gastos propios, bebidas, comidas, boletos de admisi\u00f3n, convertible (30 euros por un autom\u00f3vil, 1 hora de viaje).\u00a0Para 4 personas, se deben alquilar 2 convertibles &#8211; 60 EUR.<\/li>\n<\/ul>\n<p>&nbsp;<\/p>\n<p><a href=\"https:\/\/www.sunnyvinalestour.com\/\/es\/reservar\/#4\"><img loading=\"lazy\" decoding=\"async\" class=\"aligncenter wp-image-639\" src=\"https:\/\/www.sunnyvinalestour.com\/\/wp-content\/uploads\/reservar-ahora.png\" alt=\"\" width=\"352\" height=\"151\" \/><\/a><\/p>\n<h2>Si necesitas servicio de taxi para alg\u00fan tipo Transfer &#8211; traslado te ayudamos tambien. <a href=\"https:\/\/www.sunnyvinalestour.com\/\/es\/transfer-de-taxis-en-cuba\/\">Encuentra lo Aqui!<\/a><\/h2>\n<p>&nbsp;<\/p>\n","protected":false},"excerpt":{"rendered":"<p>&nbsp; Durante este viaje descubrir\u00e1 la ciudad m\u00e1s hermosa del Caribe: La Habana, llena de energ\u00eda, colorida y llena de extremos edificios demostrando su antig\u00fcedad entre sus calles . Es&hellip;<\/p>\n","protected":false},"author":1,"featured_media":1738,"parent":0,"menu_order":0,"comment_status":"closed","ping_status":"closed","template":"","meta":{"footnotes":""},"class_list":["post-2826","page","type-page","status-publish","has-post-thumbnail","hentry"],"_links":{"self":[{"href":"https:\/\/www.sunnyvinalestour.com\/es\/wp-json\/wp\/v2\/pages\/2826","targetHints":{"allow":["GET"]}}],"collection":[{"href":"https:\/\/www.sunnyvinalestour.com\/es\/wp-json\/wp\/v2\/pages"}],"about":[{"href":"https:\/\/www.sunnyvinalestour.com\/es\/wp-json\/wp\/v2\/types\/page"}],"author":[{"embeddable":true,"href":"https:\/\/www.sunnyvinalestour.com\/es\/wp-json\/wp\/v2\/users\/1"}],"replies":[{"embeddable":true,"href":"https:\/\/www.sunnyvinalestour.com\/es\/wp-json\/wp\/v2\/comments?post=2826"}],"version-history":[{"count":25,"href":"https:\/\/www.sunnyvinalestour.com\/es\/wp-json\/wp\/v2\/pages\/2826\/revisions"}],"predecessor-version":[{"id":6878,"href":"https:\/\/www.sunnyvinalestour.com\/es\/wp-json\/wp\/v2\/pages\/2826\/revisions\/6878"}],"wp:featuredmedia":[{"embeddable":true,"href":"https:\/\/www.sunnyvinalestour.com\/es\/wp-json\/wp\/v2\/media\/1738"}],"wp:attachment":[{"href":"https:\/\/www.sunnyvinalestour.com\/es\/wp-json\/wp\/v2\/media?parent=2826"}],"curies":[{"name":"wp","href":"https:\/\/api.w.org\/{rel}","templated":true}]}}