{"id":2829,"date":"2020-07-01T07:20:13","date_gmt":"2020-07-01T07:20:13","guid":{"rendered":"https:\/\/www.sunnyvinalestour.com\/\/?page_id=2829"},"modified":"2021-11-04T12:31:52","modified_gmt":"2021-11-04T12:31:52","slug":"viaje-5-sunny-vinales-tour-desde-varadero","status":"publish","type":"page","link":"https:\/\/www.sunnyvinalestour.com\/es\/viaje-5-sunny-vinales-tour-desde-varadero\/","title":{"rendered":"Vi\u00f1ales desde Varadero"},"content":{"rendered":"<p>&nbsp;<\/p>\n<p><span style=\"color: #000000;\"><strong>\u00a1Durante este viaje puedes ver un lugar donde no puedes ir en coche! Con nosotros puedes visitar el Valle de Vi\u00f1ales en caballos o trekking.<\/strong><\/span><\/p>\n<p><span style=\"color: #000000;\"><strong>\u00bfEs tu primera vez con caballos? \u00a1No hay problema! \u00a1Te va a encantar! \u00a1No necesitas ninguna experiencia! \u00a1Nuestro gu\u00eda profesional te ense\u00f1ar\u00e1 todo!<\/strong><\/span><\/p>\n<p><span style=\"color: #000000;\"><strong>IMPORTANTE: \u00a1Si prefieres el senderismo que montar a caballo, no hay problema! \u00a1Lo organizaremos para usted! Te damos la oportunidad de un disfrute a plenitud que no queras que alla terminado este momento al final del dia. Te regalamos una oportunidad \u00fanica y exclusiva ya que todos el trabajo que desempe\u00f1a este equipo es basado en la\u00a0 labor y experimentados en a\u00f1os de gran experiencia de toda nuestra familia. Somos un equipo forjado por una familia esto es lo que nos hace ser \u00fanicos.<\/strong><\/span><\/p>\n<p><img loading=\"lazy\" decoding=\"async\" class=\"size-full wp-image-2489 aligncenter\" src=\"https:\/\/www.sunnyvinalestour.com\/\/wp-content\/uploads\/53857796_638338683265117_2876775533016776704_n.jpg\" alt=\"\" width=\"700\" height=\"300\" srcset=\"https:\/\/www.sunnyvinalestour.com\/wp-content\/uploads\/53857796_638338683265117_2876775533016776704_n.jpg 700w, https:\/\/www.sunnyvinalestour.com\/wp-content\/uploads\/53857796_638338683265117_2876775533016776704_n-600x257.jpg 600w, https:\/\/www.sunnyvinalestour.com\/wp-content\/uploads\/53857796_638338683265117_2876775533016776704_n-300x129.jpg 300w\" sizes=\"auto, (max-width: 700px) 100vw, 700px\" \/><\/p>\n<p>HORARIO DEL DIA:<\/p>\n<ul>\n<li>6:00\u00a0 Estamos comenzando en Varadero en su lugar &#8211; hotel o casa particular.\u00a0 \u00a0 \u00a0 \u00a0 \u00a0 \u00a0 \u00a0 \u00a0 \u00a0 \u00a0 \u00a0 \u00a0 \u00a0 \u00a0 \u00a0 \u00a0 \u00a0 <strong><img loading=\"lazy\" decoding=\"async\" class=\"alignright size-full wp-image-1310\" src=\"https:\/\/www.sunnyvinalestour.com\/\/wp-content\/uploads\/28709_Rec-On_logo_for_BrandFolder_Circle-GREEN_EN.png\" alt=\"\" width=\"116\" height=\"116\" srcset=\"https:\/\/www.sunnyvinalestour.com\/wp-content\/uploads\/28709_Rec-On_logo_for_BrandFolder_Circle-GREEN_EN.png 116w, https:\/\/www.sunnyvinalestour.com\/wp-content\/uploads\/28709_Rec-On_logo_for_BrandFolder_Circle-GREEN_EN-90x90.png 90w, https:\/\/www.sunnyvinalestour.com\/wp-content\/uploads\/28709_Rec-On_logo_for_BrandFolder_Circle-GREEN_EN-100x100.png 100w, https:\/\/www.sunnyvinalestour.com\/wp-content\/uploads\/28709_Rec-On_logo_for_BrandFolder_Circle-GREEN_EN-75x75.png 75w\" sizes=\"auto, (max-width: 116px) 100vw, 116px\" \/><\/strong><\/li>\n<li>8:00\u00a0 Impresionante vista con El Puente de Bacunayagua<\/li>\n<li>11:30 Vi\u00f1ales &#8211; Es hora de una excursi\u00f3n a caballo o caminata de: (<span style=\"color: #000000;\">2 h<\/span>)<\/li>\n<li>Aqu\u00ed podr\u00e1s\u00a0 visitar y disfrutar de plantaciones de tabaco y caf\u00e9. \u00a1Puedes ver c\u00f3mo los cubanos hacen cigarros e intentar fumar tambi\u00e9n! ????<\/li>\n<li>Qu\u00e9 m\u00e1s veremos? la plantaci\u00f3n de caf\u00e9 y podemos probar c\u00f3mo saborea el caf\u00e9 cubano.<\/li>\n<li>13:30 Es hora de una cena deliciosa y ecol\u00f3gica con excelente vista para todo el valle de Vi\u00f1ales<\/li>\n<li>14:30 Jard\u00edn Bot\u00e1nico en Vi\u00f1ales<\/li>\n<li>15:00 Mural de Prehistoria<\/li>\n<li>16:00 Impresionante vista desde el Hotel Los Jazmines<\/li>\n<li>20:30 Estamos en Varadero<\/li>\n<\/ul>\n<h6>PRECIOS &#8211; \u00a1TODO EN UNO!<\/h6>\n<p><strong>1-2 personas &#8211; 375\u20ac<\/strong><br \/>\n<strong>3 personas &#8211; 395\u20ac<\/strong><br \/>\n<strong>4 personas &#8211; 420\u20ac<\/strong><br \/>\n<strong>5 personas &#8211; 450\u20ac<\/strong><\/p>\n<p>&nbsp;<\/p>\n<p><img loading=\"lazy\" decoding=\"async\" class=\"aligncenter size-full wp-image-93\" src=\"http:\/\/www.sunnyvinalestour.com\/\/wp-content\/uploads\/2017\/06\/horseriding_vinales_sunny.png\" alt=\"\" width=\"820\" height=\"312\" \/><\/p>\n<p><img loading=\"lazy\" decoding=\"async\" class=\"aligncenter size-full wp-image-203\" src=\"http:\/\/www.sunnyvinalestour.com\/\/wp-content\/uploads\/bacanayagua.png\" alt=\"\" width=\"900\" height=\"471\" \/><\/p>\n<p><img loading=\"lazy\" decoding=\"async\" class=\"aligncenter size-full wp-image-202\" src=\"http:\/\/www.sunnyvinalestour.com\/\/wp-content\/uploads\/vinales.png\" alt=\"\" width=\"900\" height=\"471\" \/><\/p>\n<p><img loading=\"lazy\" decoding=\"async\" class=\"aligncenter size-full wp-image-204\" src=\"http:\/\/www.sunnyvinalestour.com\/\/wp-content\/uploads\/mural.png\" alt=\"\" width=\"900\" height=\"471\" \/><\/p>\n<p><img loading=\"lazy\" decoding=\"async\" class=\"aligncenter size-full wp-image-541\" src=\"http:\/\/www.sunnyvinalestour.com\/\/wp-content\/uploads\/vinales-7.jpg\" alt=\"\" width=\"1000\" height=\"1000\" \/><\/p>\n<p><a href=\"https:\/\/www.sunnyvinalestour.com\/\/es\/reservar\/#5\"><img loading=\"lazy\" decoding=\"async\" class=\"aligncenter wp-image-639\" src=\"https:\/\/www.sunnyvinalestour.com\/\/wp-content\/uploads\/reservar-ahora.png\" alt=\"\" width=\"352\" height=\"151\" \/><\/a><\/p>\n<h2>Si necesitas servicio de taxi solamente para alg\u00fan tipo de traslado te ayudamos tambien. <a href=\"https:\/\/www.sunnyvinalestour.com\/\/es\/transfer-de-taxis-en-cuba\/\">Encuentra lo Aqui!<\/a><\/h2>\n<p>&nbsp;<\/p>\n","protected":false},"excerpt":{"rendered":"<p>&nbsp; \u00a1Durante este viaje puedes ver un lugar donde no puedes ir en coche! Con nosotros puedes visitar el Valle de Vi\u00f1ales en caballos o trekking. \u00bfEs tu primera vez&hellip;<\/p>\n","protected":false},"author":1,"featured_media":3016,"parent":0,"menu_order":0,"comment_status":"closed","ping_status":"closed","template":"","meta":{"footnotes":""},"class_list":["post-2829","page","type-page","status-publish","has-post-thumbnail","hentry"],"_links":{"self":[{"href":"https:\/\/www.sunnyvinalestour.com\/es\/wp-json\/wp\/v2\/pages\/2829","targetHints":{"allow":["GET"]}}],"collection":[{"href":"https:\/\/www.sunnyvinalestour.com\/es\/wp-json\/wp\/v2\/pages"}],"about":[{"href":"https:\/\/www.sunnyvinalestour.com\/es\/wp-json\/wp\/v2\/types\/page"}],"author":[{"embeddable":true,"href":"https:\/\/www.sunnyvinalestour.com\/es\/wp-json\/wp\/v2\/users\/1"}],"replies":[{"embeddable":true,"href":"https:\/\/www.sunnyvinalestour.com\/es\/wp-json\/wp\/v2\/comments?post=2829"}],"version-history":[{"count":14,"href":"https:\/\/www.sunnyvinalestour.com\/es\/wp-json\/wp\/v2\/pages\/2829\/revisions"}],"predecessor-version":[{"id":6762,"href":"https:\/\/www.sunnyvinalestour.com\/es\/wp-json\/wp\/v2\/pages\/2829\/revisions\/6762"}],"wp:featuredmedia":[{"embeddable":true,"href":"https:\/\/www.sunnyvinalestour.com\/es\/wp-json\/wp\/v2\/media\/3016"}],"wp:attachment":[{"href":"https:\/\/www.sunnyvinalestour.com\/es\/wp-json\/wp\/v2\/media?parent=2829"}],"curies":[{"name":"wp","href":"https:\/\/api.w.org\/{rel}","templated":true}]}}