{"id":2856,"date":"2020-07-01T08:15:35","date_gmt":"2020-07-01T08:15:35","guid":{"rendered":"https:\/\/www.sunnyvinalestour.com\/\/?page_id=2856"},"modified":"2022-12-25T20:21:37","modified_gmt":"2022-12-25T20:21:37","slug":"viaje-15-excursion-al-el-nicho-se-organiza-desde","status":"publish","type":"page","link":"https:\/\/www.sunnyvinalestour.com\/es\/viaje-15-excursion-al-el-nicho-se-organiza-desde\/","title":{"rendered":"El Nicho y Cienfuegos en un dia."},"content":{"rendered":"<h3>Desde: La Habana, Varadero, Cayo Santa Maria o Trinidad.<\/h3>\n<p><img loading=\"lazy\" decoding=\"async\" class=\"alignnone size-full wp-image-1857\" src=\"https:\/\/www.sunnyvinalestour.com\/\/wp-content\/uploads\/91013202_2707133736063116_1729143486793383936_n.jpg\" alt=\"\" width=\"1200\" height=\"628\" srcset=\"https:\/\/www.sunnyvinalestour.com\/wp-content\/uploads\/91013202_2707133736063116_1729143486793383936_n.jpg 1200w, https:\/\/www.sunnyvinalestour.com\/wp-content\/uploads\/91013202_2707133736063116_1729143486793383936_n-600x314.jpg 600w, https:\/\/www.sunnyvinalestour.com\/wp-content\/uploads\/91013202_2707133736063116_1729143486793383936_n-300x157.jpg 300w, https:\/\/www.sunnyvinalestour.com\/wp-content\/uploads\/91013202_2707133736063116_1729143486793383936_n-768x402.jpg 768w, https:\/\/www.sunnyvinalestour.com\/wp-content\/uploads\/91013202_2707133736063116_1729143486793383936_n-1024x536.jpg 1024w\" sizes=\"auto, (max-width: 1200px) 100vw, 1200px\" \/><\/p>\n<p>La excursi\u00f3n en efecto las distancias m\u00e1s extensa ser\u00e1 hasta la llegada a la ciudad de Cienfuegos, y desde alli solo seran 46 km m\u00e1s hasta llegar. Es una emocionante excursi\u00f3n al Parque\u00a0 El Nicho, es impresionante sitio con saltos de agua, cascadas y pocetas naturales. Disfrute del hermoso paisaje de las monta\u00f1as del Escambray, aves exclusivas, flora end\u00e9mica, senderismo, cuevas y campestre en el lugar. Parada en el pueblo de monta\u00f1a Crucecitas con mirador natural, punto m\u00e1s alto del recorrido (655 metros sobre el nivel del mar): tiempo de fotos. Observaci\u00f3n de la altura m\u00e1s prominente de todo el centro y occidente del pa\u00eds, el Pico San Juan con 1156 metros sobre el nivel del mar. En su llegada al Nicho har\u00e1 una caminata hasta la Cueva el Calvo, los Desparramadoras cascadas y la Poceta del Cristal. Podr\u00e1 disfrutar de un ba\u00f1o en la Poza del Puente y en la Cascada de los tres deseos, adem\u00e1s de un delicioso. Lugar para observaciones de algunas aves.<\/p>\n<h3>Horarios para cada tipo de excursi\u00f3n.<\/h3>\n\n<table id=\"tablepress-7\" class=\"tablepress tablepress-id-7\">\n<thead>\n<tr class=\"row-1\">\n\t<th class=\"column-1\">Direcciones de salidas <\/th><th class=\"column-2\">Hora de inicio <\/th><th class=\"column-3\">Hora de primera pausa<\/th><th class=\"column-4\">Hora de llegada al destino<\/th><th class=\"column-5\">Hora estimada de regreso al Hotel<\/th>\n<\/tr>\n<\/thead>\n<tbody class=\"row-striping row-hover\">\n<tr class=\"row-2\">\n\t<td class=\"column-1\">Habana <\/td><td class=\"column-2\">6:15 am <\/td><td class=\"column-3\">10:00 am <\/td><td class=\"column-4\">1:40 pm <\/td><td class=\"column-5\">9:00 pm<\/td>\n<\/tr>\n<tr class=\"row-3\">\n\t<td class=\"column-1\">Varadero<\/td><td class=\"column-2\">6:30 am<\/td><td class=\"column-3\">9:30 am<\/td><td class=\"column-4\">12:30 am<\/td><td class=\"column-5\">8:00 pm<\/td>\n<\/tr>\n<tr class=\"row-4\">\n\t<td class=\"column-1\">Cayo Santa Maria <\/td><td class=\"column-2\">6:45 am<\/td><td class=\"column-3\">11:15 am<\/td><td class=\"column-4\">12:30 am<\/td><td class=\"column-5\">7:45 pm<\/td>\n<\/tr>\n<tr class=\"row-5\">\n\t<td class=\"column-1\">Cayo Coco<\/td><td class=\"column-2\">6:00 am<\/td><td class=\"column-3\">No se recomienda <\/td><td class=\"column-4\">10:15 am<\/td><td class=\"column-5\">8:00 pm <\/td>\n<\/tr>\n<\/tbody>\n<\/table>\n<!-- #tablepress-7 from cache -->\n<h4>Itinerario:<\/h4>\n<p><span style=\"color: #000000;\"><span style=\"color: #808080;\">Salida de su alojamiento de Hotel. Hora de Salida 7:00 am.<\/span> <span style=\"color: #808080;\">En su direcci\u00f3n origen y terminaremos sobre las 8:00 pm<\/span><\/span><\/p>\n<p>La primera parada Cienfuegos. Para disfrutar de un din\u00e1mico recorrido. Para disfrutar ver:<\/p>\n<p><span style=\"color: #000000;\"><strong>PROGRAMA\u00a0<\/strong><\/span> \u00a0 \u00a0 \u00a0 \u00a0 \u00a0 \u00a0 \u00a0 \u00a0 \u00a0 \u00a0 \u00a0 \u00a0 \u00a0 \u00a0 \u00a0 \u00a0 \u00a0 \u00a0 \u00a0 \u00a0 \u00a0 \u00a0 \u00a0<strong><img loading=\"lazy\" decoding=\"async\" class=\"alignright size-full wp-image-1310\" src=\"https:\/\/www.sunnyvinalestour.com\/\/wp-content\/uploads\/28709_Rec-On_logo_for_BrandFolder_Circle-GREEN_EN.png\" alt=\"\" width=\"116\" height=\"116\" srcset=\"https:\/\/www.sunnyvinalestour.com\/wp-content\/uploads\/28709_Rec-On_logo_for_BrandFolder_Circle-GREEN_EN.png 116w, https:\/\/www.sunnyvinalestour.com\/wp-content\/uploads\/28709_Rec-On_logo_for_BrandFolder_Circle-GREEN_EN-90x90.png 90w, https:\/\/www.sunnyvinalestour.com\/wp-content\/uploads\/28709_Rec-On_logo_for_BrandFolder_Circle-GREEN_EN-100x100.png 100w, https:\/\/www.sunnyvinalestour.com\/wp-content\/uploads\/28709_Rec-On_logo_for_BrandFolder_Circle-GREEN_EN-75x75.png 75w\" sizes=\"auto, (max-width: 116px) 100vw, 116px\" \/><\/strong><\/p>\n<ul>\n<li>Teatro Tom\u00e1s Terry.<\/li>\n<li>La Catedral de la Celaya,<\/li>\n<li>Parque central Jos\u00e9 Mart\u00ed.<\/li>\n<li>Malec\u00f3n de la ciudad<\/li>\n<li>Palacio del Valle.<\/li>\n<\/ul>\n<p><strong>Segunda Parada Parque El Nicho.\u00a0<\/strong><\/p>\n<ul>\n<li>Donde realiza una excursi\u00f3n de senderismo donde Puede tomar el Ba\u00f1o en las diferentes pocetas de agua limpias y cristalinas.<\/li>\n<li>Despu\u00e9s tomaremos un delicioso almuerzo al finalizar el recorrido en uno de los restaurantes de la zona.<\/li>\n<\/ul>\n<h4><span style=\"color: #000000;\">LISTADO DE PRECIOS POR CADA EXCURSION!\u00a0<\/span><\/h4>\n<p><span style=\"color: #808080;\">Precio: El Nicho y Cienfuegos desde Habana: Desde 1 &#8211; 3 personas 340\u20ac (Esta oferta tiene guia incluido)<\/span><\/p>\n<p><span style=\"color: #808080;\">Precio:\u00a0 El Nicho y Cienfuegos desde Varadero: Desde 1 &#8211; 3 personas 320\u20ac (Esta oferta tiene guia incluido)<\/span><\/p>\n<p><span style=\"color: #808080;\">Precio: El Nicho desde Trinidad. Desde 1 &#8211; 3 personas 175\u20ac ( Esta oferta no incluye visita a la ciudad de Cienfuegos)<\/span><\/p>\n<p><span style=\"color: #808080;\">Precios: El Nicho, Remedios, Cienfuegos desde Cayo Santa Maria<\/span>. Desde 1 &#8211; 3 personas 240<span style=\"color: #808080;\">\u20ac ( Esta oferta es con guia incluido)<\/span><\/p>\n<p>Precios: El Nicho, Remedios y Trinidad desde Cayo Santa Maria: Desde 1 &#8211; 3 personas 240<span style=\"color: #808080;\">\u20ac. ( Esta oferta no incluye visita a la ciudad de Cienfuegos)<\/span><\/p>\n<h3>La mejor oferta: El Nicho &#8211; Cienfuegos y Santa Clara [ <span style=\"color: #000000;\">Todo en un dia] <\/span>desde Cayo Santa Maria. De 1 &#8211; 3 personas &#8211; 310<span style=\"color: #000000;\">\u20ac.\u00a0\u00a0<\/span><\/h3>\n<h4>Que se incluye en el precio.<\/h4>\n<h1><img loading=\"lazy\" decoding=\"async\" class=\"alignright wp-image-195\" src=\"https:\/\/www.sunnyvinalestour.com\/\/wp-content\/uploads\/best-seller.png\" alt=\"\" width=\"160\" height=\"160\" \/><\/h1>\n<ul>\n<li>Transportaci\u00f3n de Taxi y Guia!<\/li>\n<\/ul>\n<h4>OBSERVACIONES<\/h4>\n<h3><strong><img loading=\"lazy\" decoding=\"async\" class=\"alignleft wp-image-244\" src=\"https:\/\/www.sunnyvinalestour.com\/\/wp-content\/uploads\/important-150x150.png\" alt=\"\" width=\"41\" height=\"41\" \/><\/strong><\/h3>\n<ul>\n<li>EL recorrido es totalmente privado, lo que hace que la excursi\u00f3n sea m\u00e1s interesante y placentera para usted.<\/li>\n<li>Los boletos de entradas a los diferentes lugares a visitar no estan incluidos en el precio!.<\/li>\n<li>Los boletos de entrada al El Nicho es un precio de 10 <strong>\u20ac<\/strong> por persona y 5 <strong>\u20ac<\/strong> por los ni\u00f1os menores de 11 a\u00f1os de edad.\u00a0 \u00a0 Y podemos organizar grupos de Hasta 10 personas.<\/li>\n<\/ul>\n<p>&nbsp;<\/p>\n<p><a href=\"https:\/\/www.sunnyvinalestour.com\/\/es\/reservar\/#15\"><img loading=\"lazy\" decoding=\"async\" class=\"aligncenter wp-image-639\" src=\"https:\/\/www.sunnyvinalestour.com\/\/wp-content\/uploads\/reservar-ahora.png\" alt=\"\" width=\"352\" height=\"151\" \/><\/a><\/p>\n","protected":false},"excerpt":{"rendered":"<p>Desde: La Habana, Varadero, Cayo Santa Maria o Trinidad. La excursi\u00f3n en efecto las distancias m\u00e1s extensa ser\u00e1 hasta la llegada a la ciudad de Cienfuegos, y desde alli solo&hellip;<\/p>\n","protected":false},"author":1,"featured_media":1857,"parent":0,"menu_order":0,"comment_status":"closed","ping_status":"closed","template":"","meta":{"footnotes":""},"class_list":["post-2856","page","type-page","status-publish","has-post-thumbnail","hentry"],"_links":{"self":[{"href":"https:\/\/www.sunnyvinalestour.com\/es\/wp-json\/wp\/v2\/pages\/2856","targetHints":{"allow":["GET"]}}],"collection":[{"href":"https:\/\/www.sunnyvinalestour.com\/es\/wp-json\/wp\/v2\/pages"}],"about":[{"href":"https:\/\/www.sunnyvinalestour.com\/es\/wp-json\/wp\/v2\/types\/page"}],"author":[{"embeddable":true,"href":"https:\/\/www.sunnyvinalestour.com\/es\/wp-json\/wp\/v2\/users\/1"}],"replies":[{"embeddable":true,"href":"https:\/\/www.sunnyvinalestour.com\/es\/wp-json\/wp\/v2\/comments?post=2856"}],"version-history":[{"count":16,"href":"https:\/\/www.sunnyvinalestour.com\/es\/wp-json\/wp\/v2\/pages\/2856\/revisions"}],"predecessor-version":[{"id":7349,"href":"https:\/\/www.sunnyvinalestour.com\/es\/wp-json\/wp\/v2\/pages\/2856\/revisions\/7349"}],"wp:featuredmedia":[{"embeddable":true,"href":"https:\/\/www.sunnyvinalestour.com\/es\/wp-json\/wp\/v2\/media\/1857"}],"wp:attachment":[{"href":"https:\/\/www.sunnyvinalestour.com\/es\/wp-json\/wp\/v2\/media?parent=2856"}],"curies":[{"name":"wp","href":"https:\/\/api.w.org\/{rel}","templated":true}]}}