{"id":3243,"date":"2020-07-06T18:49:32","date_gmt":"2020-07-06T18:49:32","guid":{"rendered":"https:\/\/www.sunnyvinalestour.com\/\/?page_id=3243"},"modified":"2021-11-04T12:29:56","modified_gmt":"2021-11-04T12:29:56","slug":"las-mejores-playas-para-ti","status":"publish","type":"page","link":"https:\/\/www.sunnyvinalestour.com\/es\/las-mejores-playas-para-ti\/","title":{"rendered":"Varadero desde La Habana"},"content":{"rendered":"<h2>VIAJE 6: Varadero desde La Habana! Un dia completo.<\/h2>\n<p><img loading=\"lazy\" decoding=\"async\" class=\"alignnone size-large wp-image-1788\" src=\"https:\/\/www.sunnyvinalestour.com\/\/wp-content\/uploads\/Simple-Photo-Beach-Twitter-Post-1-1024x512.jpg\" sizes=\"auto, (max-width: 730px) 100vw, 730px\" srcset=\"https:\/\/www.sunnyvinalestour.com\/\/wp-content\/uploads\/Simple-Photo-Beach-Twitter-Post-1.jpg 1024w, https:\/\/www.sunnyvinalestour.com\/\/wp-content\/uploads\/Simple-Photo-Beach-Twitter-Post-1-300x150.jpg 300w, https:\/\/www.sunnyvinalestour.com\/\/wp-content\/uploads\/Simple-Photo-Beach-Twitter-Post-1-768x384.jpg 768w\" alt=\"\" width=\"730\" height=\"365\" \/><\/p>\n<p><strong>\u00bfAmas las playas? Las de Cuba son algunos de las m\u00e1s bellas del Caribe, \u00a1y las de Varadero son un verdadero para\u00edso! \u00a1Dir\u00edgete a Varadero para una maravillosa experiencia para tomar el sol!\u00a0<\/strong><\/p>\n<p><span style=\"color: #000000;\"><strong>Atracciones:<\/strong><\/span><\/p>\n<p>Cuevas de Saturno.\u00a0 \u00a0 \u00a0 \u00a0 \u00a0 \u00a0 \u00a0 \u00a0 \u00a0 \u00a0 \u00a0 \u00a0 \u00a0 \u00a0 \u00a0 \u00a0 \u00a0 \u00a0 \u00a0 \u00a0 \u00a0 \u00a0 \u00a0 \u00a0 \u00a0 \u00a0 \u00a0 \u00a0 \u00a0 \u00a0 \u00a0 \u00a0 \u00a0 \u00a0 \u00a0 \u00a0 \u00a0 \u00a0 \u00a0 \u00a0 \u00a0 \u00a0 <strong><img loading=\"lazy\" decoding=\"async\" class=\"alignright size-full wp-image-1310\" src=\"https:\/\/www.sunnyvinalestour.com\/\/wp-content\/uploads\/28709_Rec-On_logo_for_BrandFolder_Circle-GREEN_EN.png\" sizes=\"auto, (max-width: 116px) 100vw, 116px\" srcset=\"https:\/\/www.sunnyvinalestour.com\/\/wp-content\/uploads\/28709_Rec-On_logo_for_BrandFolder_Circle-GREEN_EN.png 116w, https:\/\/www.sunnyvinalestour.com\/\/wp-content\/uploads\/28709_Rec-On_logo_for_BrandFolder_Circle-GREEN_EN-75x75.png 75w\" alt=\"\" width=\"116\" height=\"116\" \/><\/strong><br \/>\nMirador de Bacunayagua.<br \/>\nTomando el sol en Varadero.<\/p>\n<p><span style=\"color: #000000;\"><strong>Itinerario:<\/strong><\/span><\/p>\n<p>7:30 \u2013 El\u00a0 conductor le recoger\u00e1 en su lugar de alojamiento en La Habana ya en Hotel o Airbnb . Ind\u00edquenos su direcci\u00f3n exacta y \/ o el nombre del hotel en el que se hospeda. Esperar siempre\u00a0 al conductor afuera de la entrada. O puerta de salida principal en caso de que sea en hoteles.<br \/>\n9:30 \u2013 Llegada a Varadero. Nadar en Cuevas de Saturno y tomar el sol en Varadero.<br \/>\n16:00 \u2013 Salida de Varadero<br \/>\n18:00 \u2013 Llegada a La Habana.<\/p>\n<p><strong>PRECIO DE TAXI.\u00a0<\/strong><\/p>\n<ul>\n<li>\u00a0\u00a0\u00a0\u00a0<strong> 1- 4 personas: 160\u20ac<\/strong><\/li>\n<\/ul>\n<div><strong><span id=\"result_box\" class=\"short_text\" lang=\"en\"><span class=\"\"><img loading=\"lazy\" decoding=\"async\" class=\"alignleft wp-image-244\" src=\"https:\/\/www.sunnyvinalestour.com\/\/wp-content\/uploads\/important-150x150.png\" alt=\"\" width=\"67\" height=\"67\" \/><\/span><\/span><\/strong><\/div>\n<p><strong><span id=\"result_box\" class=\"short_text\" lang=\"en\"><\/span><span id=\"result_box\" class=\"short_text\" lang=\"en\"><span class=\"\">Las entradas no son incluidas!<\/span><\/span><br \/>\n<\/strong><\/p>\n<p><b>Excursi\u00f3n es sin guia si deseas este servicio es un costo extra!<\/b><\/p>\n<p><a href=\"https:\/\/www.sunnyvinalestour.com\/\/es\/reservar\/#6\"><img loading=\"lazy\" decoding=\"async\" class=\"aligncenter wp-image-639\" src=\"https:\/\/www.sunnyvinalestour.com\/\/wp-content\/uploads\/reservar-ahora.png\" alt=\"\" width=\"352\" height=\"151\" \/><\/a><\/p>\n<h5>Si necesitas servicio de taxi solamente para alg\u00fan tipo de traslado te ayudamos tambien. <a href=\"https:\/\/www.sunnyvinalestour.com\/\/es\/transfer-de-taxis-en-cuba\/\">Encuentra lo Aqui!<\/a><\/h5>\n<h2>VIAJE 10: Tour a Cayo Jutias desde Vi\u00f1ales<\/h2>\n<p><img loading=\"lazy\" decoding=\"async\" class=\"alignnone size-full wp-image-1477\" src=\"https:\/\/www.sunnyvinalestour.com\/\/wp-content\/uploads\/cuba-private-tour.png\" sizes=\"auto, (max-width: 768px) 100vw, 768px\" srcset=\"https:\/\/www.sunnyvinalestour.com\/\/wp-content\/uploads\/cuba-private-tour.png 768w, https:\/\/www.sunnyvinalestour.com\/\/wp-content\/uploads\/cuba-private-tour-300x167.png 300w\" alt=\"\" width=\"768\" height=\"427\" \/><\/p>\n<p>La playa m\u00e1s hermosa y salvaje de Cuba\u00a0 a tan solo 1:30 minutos de distancia Situada en las zona del Municipio de Minas de Matambres pueblo reconocido por sus caracter\u00edsticas minas de oro y cobre. Este paseo se agregan las maravillosas vistas panor\u00e1micas con miles de Km de extensi\u00f3n de valles y bosques totalmente salvajes y naturaleza viva. Antes de llegar se encuentran las maravillosa cueva de Santo Tom\u00e1s donde si usted prefiere podemos hacer una entrada al lugar antes de poner el marcha el fin hasta llegar a playa de: Cayo Jutias. Ofrecemos el recorrido desde Vi\u00f1ales.<\/p>\n<p><span style=\"color: #000000;\"><strong>Observaciones importantes!<\/strong><\/span><\/p>\n<p>Hora de comienzo del 8:00 am para Quienes desean entrar a la cueva de Santo Tom\u00e1s!<\/p>\n<p>Inicio a las : 9:00 en Vi\u00f1ales en su alojamiento para aquellos que solo desean ir directo a la playa!<\/p>\n<p>ACABADO: 18:00 en Vi\u00f1ales<br \/>\n<span style=\"color: #000000;\"><strong>PRECIO: 90\u20ac taxi privado a Cayo Jutias (1-4 personas)<\/strong><\/span><\/p>\n<p>&nbsp;<\/p>\n<p><a href=\"https:\/\/www.sunnyvinalestour.com\/\/es\/reservar\/#10\"><img loading=\"lazy\" decoding=\"async\" class=\"aligncenter wp-image-639\" src=\"https:\/\/www.sunnyvinalestour.com\/\/wp-content\/uploads\/reservar-ahora.png\" alt=\"\" width=\"352\" height=\"151\" \/><\/a><\/p>\n<h2>VIAJE 12: La Habana \u2013 Excursi\u00f3n de un d\u00eda a Playa del Este<\/h2>\n<p><img loading=\"lazy\" decoding=\"async\" class=\"alignnone size-full wp-image-1827\" src=\"https:\/\/www.sunnyvinalestour.com\/\/wp-content\/uploads\/cayo-jutia-1.png\" sizes=\"auto, (max-width: 810px) 100vw, 810px\" srcset=\"https:\/\/www.sunnyvinalestour.com\/\/wp-content\/uploads\/cayo-jutia-1.png 810w, https:\/\/www.sunnyvinalestour.com\/\/wp-content\/uploads\/cayo-jutia-1-300x167.png 300w, https:\/\/www.sunnyvinalestour.com\/\/wp-content\/uploads\/cayo-jutia-1-768x427.png 768w\" alt=\"\" width=\"810\" height=\"450\" \/><\/p>\n<p>Pase el d\u00eda relaj\u00e1ndose en una de las mejores playas de La Habana, <b>(Playa del Este) <\/b>pero antes\u00a0 disfrute de un paseo panor\u00e1mico hasta llegar a su destino.<\/p>\n<p>Rel\u00e1jese y descanse en una de las mejores playas de La Habana en esta excursi\u00f3n de un d\u00eda.<\/p>\n<p>Despu\u00e9s de que lo recojan de su hotel, o en su alojamiento de Airbnb, se\u00a0 dirige a (Playa del Este) en un autom\u00f3vil cl\u00e1sico cubano tradicional.<\/p>\n<p>Pase el resto del d\u00eda relaj\u00e1ndose en una de las playas v\u00edrgenes de la bah\u00eda de la habana. Date un chapuz\u00f3n en aguas cristalinas, recu\u00e9state en las arenas blancas o almuerza en uno de los muchos restaurantes de la zona. Regrese a su hotel o alojamiento de Airbnb en horas de por la noche.<br \/>\nINICIO: 9:00 am<\/p>\n<p><strong>PRECIOS<\/strong>:<\/p>\n<ul>\n<li><strong>1-2 personas: 55\u20ac<\/strong><\/li>\n<li><strong>3-4 personas: 65\u20ac.\u00a0<\/strong> \u00a0 \u00a0 \u00a0 \u00a0 \u00a0 \u00a0 \u00a0 \u00a0 \u00a0 <a href=\"https:\/\/www.sunnyvinalestour.com\/\/es\/reservar\/#12\"><img loading=\"lazy\" decoding=\"async\" class=\"aligncenter wp-image-639\" src=\"https:\/\/www.sunnyvinalestour.com\/\/wp-content\/uploads\/reservar-ahora.png\" alt=\"\" width=\"352\" height=\"151\" \/><\/a><\/li>\n<\/ul>\n<h2>Viaje 13: Cayo Levisa desde\u00a0 Vinales.<\/h2>\n<p><img loading=\"lazy\" decoding=\"async\" class=\"alignnone size-full wp-image-1832\" src=\"https:\/\/www.sunnyvinalestour.com\/\/wp-content\/uploads\/cayo_levisa_tour-1.jpg\" sizes=\"auto, (max-width: 960px) 100vw, 960px\" srcset=\"https:\/\/www.sunnyvinalestour.com\/\/wp-content\/uploads\/cayo_levisa_tour-1.jpg 960w, https:\/\/www.sunnyvinalestour.com\/\/wp-content\/uploads\/cayo_levisa_tour-1-300x200.jpg 300w, https:\/\/www.sunnyvinalestour.com\/\/wp-content\/uploads\/cayo_levisa_tour-1-768x511.jpg 768w\" alt=\"\" width=\"960\" height=\"639\" \/><\/p>\n<p>&nbsp;<\/p>\n<p>Haga una excursi\u00f3n de un d\u00eda desde Vi\u00f1ales a las playas m\u00e1s perfectas para postales de la isla de Cayo Levisa.<br \/>\nDespu\u00e9s de que lo recojan de su hotel en Vi\u00f1ales, realiza el viaje de 1 hora a Palma Rubia. Aqu\u00ed, toma un bote hasta el muelle en Cayo Levisa. Pase el d\u00eda relaj\u00e1ndose en una de las playas de arena de la isla, bordeada de palmeras y aguas cristalinas. Recu\u00e9state en su hamaca y escape del calor bajo el paraguas, ambos reservados especialmente para usted. Hay una variedad de actividades para que pruebas divertirte mientras est\u00e1s en la isla. Juegue al voleibol de playa, tome un catamar\u00e1n, haga algunas compras de recuerdos o tome una copa en uno de los bares de la playa. La decisi\u00f3n es tuya.<br \/>\nDisfrute de un almuerzo buffet en el restaurante del hotel con una bebida gratis antes de regresar a Palma Rubia a \u00faltima hora de la tarde y comenzar el viaje de regreso a Vi\u00f1ales.<\/p>\n<p><span style=\"color: #000000;\"><strong>Itinerario:<\/strong><\/span><\/p>\n<ul>\n<li>8:00 Te esperamos en el centro de la ciudad de Vi\u00f1ales, al lado de la iglesia (en la plaza principal)<\/li>\n<li>10:00 Salida del barco en el puerto de Palma Rubia.<\/li>\n<li>17:00 Salida de Cayo Levisa<\/li>\n<li>12: 00-14: 00 Tiempo para almorzar en el restaurante (buffet al lado de la playa)<\/li>\n<li>19:00 Regreso a Vi\u00f1ales<\/li>\n<li>El Precio incluye:<\/li>\n<li>\u00a0\u00a0\u00a0Transporte en bus<\/li>\n<li>Almuerzo (buffet en el restaurante en la playa)<\/li>\n<li>\u00a0 \u00a0Transporte del barco.<\/li>\n<\/ul>\n<p><span style=\"color: #000000;\"><strong>PRECIOS:<\/strong><\/span><\/p>\n<ul>\n<li><strong>1 persona: 55 \u20ac<\/strong><\/li>\n<li><strong>2 personas: 95 \u20ac<\/strong><\/li>\n<li><strong>3 personas: 140 \u20ac<\/strong><\/li>\n<li><strong>4 personas: 185 \u20ac<\/strong><\/li>\n<li><strong>5 personas: 230 \u20ac<\/strong><\/li>\n<\/ul>\n<p><a href=\"https:\/\/www.sunnyvinalestour.com\/\/es\/reservar\/#13\"><img loading=\"lazy\" decoding=\"async\" class=\"aligncenter wp-image-639\" src=\"https:\/\/www.sunnyvinalestour.com\/\/wp-content\/uploads\/reservar-ahora.png\" alt=\"\" width=\"352\" height=\"151\" \/><\/a><\/p>\n<h2>Viaje 16: Playa Anc\u00f3n desde Trinidad<\/h2>\n<p><img loading=\"lazy\" decoding=\"async\" class=\"alignnone size-full wp-image-1876\" src=\"https:\/\/www.sunnyvinalestour.com\/\/wp-content\/uploads\/traslado-playa-ancon.jpg\" sizes=\"auto, (max-width: 1440px) 100vw, 1440px\" srcset=\"https:\/\/www.sunnyvinalestour.com\/\/wp-content\/uploads\/traslado-playa-ancon.jpg 1440w, https:\/\/www.sunnyvinalestour.com\/\/wp-content\/uploads\/traslado-playa-ancon-300x102.jpg 300w, https:\/\/www.sunnyvinalestour.com\/\/wp-content\/uploads\/traslado-playa-ancon-768x262.jpg 768w, https:\/\/www.sunnyvinalestour.com\/\/wp-content\/uploads\/traslado-playa-ancon-1024x349.jpg 1024w\" alt=\"\" width=\"1440\" height=\"491\" \/><\/p>\n<p>Haga una excursi\u00f3n a Playa Anc\u00f3n desde Trinidad te ofrecemos una oportunidad de traslado de ida y regreso con nuestro equipo, de taxis privados, destinado a ofrecer en todo el trayecto de cuba una gran variedad de experiencias, unetenos y disfruta de un gran dia de playa con nuestro equipo.<\/p>\n<h4>Observaciones<\/h4>\n<p>Hora de comienzo 9:00 am en la direcci\u00f3n de su Airbnb o Hotel.\u00a0 \u00a0 \u00a0 \u00a0 \u00a0 \u00a0 \u00a0 \u00a0 \u00a0 \u00a0 \u00a0 \u00a0 \u00a0 \u00a0 \u00a0 \u00a0 \u00a0 \u00a0 \u00a0 \u00a0 \u00a0 \u00a0 \u00a0 \u00a0 \u00a0 \u00a0 \u00a0 \u00a0 \u00a0 \u00a0 <strong><img loading=\"lazy\" decoding=\"async\" class=\"alignright size-full wp-image-1310\" src=\"https:\/\/www.sunnyvinalestour.com\/\/wp-content\/uploads\/28709_Rec-On_logo_for_BrandFolder_Circle-GREEN_EN.png\" sizes=\"auto, (max-width: 116px) 100vw, 116px\" srcset=\"https:\/\/www.sunnyvinalestour.com\/\/wp-content\/uploads\/28709_Rec-On_logo_for_BrandFolder_Circle-GREEN_EN.png 116w, https:\/\/www.sunnyvinalestour.com\/\/wp-content\/uploads\/28709_Rec-On_logo_for_BrandFolder_Circle-GREEN_EN-75x75.png 75w\" alt=\"\" width=\"116\" height=\"116\" \/><\/strong><\/p>\n<p>Y la hora de regreso 17.00 se termina en mismo lugar de recogida.<\/p>\n<p><strong>Precio: 1 \u2013 4 personas 50\u20ac !Precio es por taxi no por persona.! Seg\u00fan sea el tama\u00f1o de su grupo puede variar el precio<\/strong><\/p>\n<p>&nbsp;<\/p>\n<p><a href=\"https:\/\/www.sunnyvinalestour.com\/\/es\/reservar\/#16\"><img loading=\"lazy\" decoding=\"async\" class=\"aligncenter wp-image-639\" src=\"https:\/\/www.sunnyvinalestour.com\/\/wp-content\/uploads\/reservar-ahora.png\" alt=\"\" width=\"352\" height=\"151\" \/><\/a><\/p>\n<h5>No te olvides! Si necesitas servicio de taxi solamente para alg\u00fan tipo de traslado te ayudamos tambien. <a href=\"https:\/\/www.sunnyvinalestour.com\/\/es\/transfer-de-taxis-en-cuba\/\">Encuentra lo Aqui!<\/a><\/h5>\n<p>&nbsp;<\/p>\n","protected":false},"excerpt":{"rendered":"<p>VIAJE 6: Varadero desde La Habana! Un dia completo. \u00bfAmas las playas? Las de Cuba son algunos de las m\u00e1s bellas del Caribe, \u00a1y las de Varadero son un verdadero&hellip;<\/p>\n","protected":false},"author":1,"featured_media":2684,"parent":0,"menu_order":0,"comment_status":"closed","ping_status":"closed","template":"","meta":{"footnotes":""},"class_list":["post-3243","page","type-page","status-publish","has-post-thumbnail","hentry"],"_links":{"self":[{"href":"https:\/\/www.sunnyvinalestour.com\/es\/wp-json\/wp\/v2\/pages\/3243","targetHints":{"allow":["GET"]}}],"collection":[{"href":"https:\/\/www.sunnyvinalestour.com\/es\/wp-json\/wp\/v2\/pages"}],"about":[{"href":"https:\/\/www.sunnyvinalestour.com\/es\/wp-json\/wp\/v2\/types\/page"}],"author":[{"embeddable":true,"href":"https:\/\/www.sunnyvinalestour.com\/es\/wp-json\/wp\/v2\/users\/1"}],"replies":[{"embeddable":true,"href":"https:\/\/www.sunnyvinalestour.com\/es\/wp-json\/wp\/v2\/comments?post=3243"}],"version-history":[{"count":14,"href":"https:\/\/www.sunnyvinalestour.com\/es\/wp-json\/wp\/v2\/pages\/3243\/revisions"}],"predecessor-version":[{"id":6758,"href":"https:\/\/www.sunnyvinalestour.com\/es\/wp-json\/wp\/v2\/pages\/3243\/revisions\/6758"}],"wp:featuredmedia":[{"embeddable":true,"href":"https:\/\/www.sunnyvinalestour.com\/es\/wp-json\/wp\/v2\/media\/2684"}],"wp:attachment":[{"href":"https:\/\/www.sunnyvinalestour.com\/es\/wp-json\/wp\/v2\/media?parent=3243"}],"curies":[{"name":"wp","href":"https:\/\/api.w.org\/{rel}","templated":true}]}}