{"id":4251,"date":"2020-08-20T10:48:14","date_gmt":"2020-08-20T10:48:14","guid":{"rendered":"https:\/\/www.sunnyvinalestour.com\/\/?page_id=4251"},"modified":"2021-11-04T12:34:15","modified_gmt":"2021-11-04T12:34:15","slug":"paquete-2","status":"publish","type":"page","link":"https:\/\/www.sunnyvinalestour.com\/es\/paquete-2\/","title":{"rendered":"Visita y relaja en 14 dias"},"content":{"rendered":"<p>&nbsp;<\/p>\n<p><img loading=\"lazy\" decoding=\"async\" class=\"size-full wp-image-1744 aligncenter\" src=\"https:\/\/www.sunnyvinalestour.com\/\/wp-content\/uploads\/91211650_837765580020457_440434821596971008_n.jpg\" sizes=\"auto, (max-width: 960px) 100vw, 960px\" srcset=\"https:\/\/www.sunnyvinalestour.com\/\/wp-content\/uploads\/91211650_837765580020457_440434821596971008_n.jpg 960w, https:\/\/www.sunnyvinalestour.com\/\/wp-content\/uploads\/91211650_837765580020457_440434821596971008_n-300x200.jpg 300w, https:\/\/www.sunnyvinalestour.com\/\/wp-content\/uploads\/91211650_837765580020457_440434821596971008_n-768x512.jpg 768w\" alt=\"\" width=\"960\" height=\"640\" \/><\/p>\n<p>1. La Habana (llegada, alojamiento)<br \/>\n2. La Habana (visitando La Habana)<br \/>\n3. La Habana (visitando La Habana)<br \/>\n4. Vi\u00f1ales (traslado a Vi\u00f1ales, cabalgatas en una plantaci\u00f3n de tabaco)<br \/>\n5. Vi\u00f1ales (Cueva del Indio, Mural de la Prehistoria, Jard\u00edn Bot\u00e1nico, tiempo libre en Vi\u00f1ales)<br \/>\n6. Trinidad (conducir a Trinidad, con una parada en Cienfuegos, city tour)<br \/>\n7. Trinidad (Valley of Sugar Mills, city tour, tiempo libre)<br \/>\n8. Varadero (traslado desde Varadero por vacaciones)<br \/>\n9. Varadero<br \/>\n10. Varadero<br \/>\n11. Varadero<br \/>\n12. Varadero<br \/>\n13. Varadero<br \/>\n14. Varadero \u2013 La Habana (traslado al aeropuerto a La Habana)<\/p>\n<p><img loading=\"lazy\" decoding=\"async\" class=\"alignnone size-large wp-image-4290\" src=\"https:\/\/www.sunnyvinalestour.com\/\/wp-content\/uploads\/plazowanie-1cuba-1024x439.png\" alt=\"\" width=\"730\" height=\"313\" srcset=\"https:\/\/www.sunnyvinalestour.com\/wp-content\/uploads\/plazowanie-1cuba-1024x439.png 1024w, https:\/\/www.sunnyvinalestour.com\/wp-content\/uploads\/plazowanie-1cuba-600x257.png 600w, https:\/\/www.sunnyvinalestour.com\/wp-content\/uploads\/plazowanie-1cuba-300x129.png 300w, https:\/\/www.sunnyvinalestour.com\/wp-content\/uploads\/plazowanie-1cuba-768x329.png 768w, https:\/\/www.sunnyvinalestour.com\/wp-content\/uploads\/plazowanie-1cuba.png 1280w\" sizes=\"auto, (max-width: 730px) 100vw, 730px\" \/><\/p>\n<p>En el paquete:<br \/>\n7 noches en casas particulares (habitaciones dobles)<br \/>\n6 noches en un hotel de 4 * en Varadero, todo incluido<br \/>\nTraslados al aeropuerto (del aeropuerto de La Habana a la casa y de Varadero a La Habana)<br \/>\nConductor privado durante 5 d\u00edas<br \/>\nPrograma detallado junto con las recomendaciones de atracciones enumeradas en el programa anterior (PDF)<br \/>\nPaquete de informaci\u00f3n pr\u00e1ctica antes de la salida (PDF)<\/p>\n<h4>Precio por persona es: 1250<span style=\"color: #000000;\">\u20ac<\/span> (el precio es por persona y es v\u00e1lido con limite hasta para 2 personas).<\/h4>\n<h4>Costes adicionales:<\/h4>\n<ul>\n<li>Alimentos y bebidas Boletos a\u00e9reos a Cuba<\/li>\n<li>Visa a Cuba<\/li>\n<li>Atracciones, entradas<\/li>\n<li>Gastos propios, propinas<\/li>\n<\/ul>\n<p><a href=\"https:\/\/www.sunnyvinalestour.com\/\/es\/contactenos\/\"><img loading=\"lazy\" decoding=\"async\" class=\"alignnone wp-image-1400 \" src=\"https:\/\/www.sunnyvinalestour.com\/\/wp-content\/uploads\/book-now-1.png\" alt=\"\" width=\"320\" height=\"114\" srcset=\"https:\/\/www.sunnyvinalestour.com\/wp-content\/uploads\/book-now-1.png 460w, https:\/\/www.sunnyvinalestour.com\/wp-content\/uploads\/book-now-1-300x107.png 300w\" sizes=\"auto, (max-width: 320px) 100vw, 320px\" \/><\/a><\/p>\n","protected":false},"excerpt":{"rendered":"<p>&nbsp; 1. La Habana (llegada, alojamiento) 2. La Habana (visitando La Habana) 3. La Habana (visitando La Habana) 4. Vi\u00f1ales (traslado a Vi\u00f1ales, cabalgatas en una plantaci\u00f3n de tabaco) 5.&hellip;<\/p>\n","protected":false},"author":1,"featured_media":1469,"parent":0,"menu_order":0,"comment_status":"closed","ping_status":"closed","template":"","meta":{"footnotes":""},"class_list":["post-4251","page","type-page","status-publish","has-post-thumbnail","hentry"],"_links":{"self":[{"href":"https:\/\/www.sunnyvinalestour.com\/es\/wp-json\/wp\/v2\/pages\/4251","targetHints":{"allow":["GET"]}}],"collection":[{"href":"https:\/\/www.sunnyvinalestour.com\/es\/wp-json\/wp\/v2\/pages"}],"about":[{"href":"https:\/\/www.sunnyvinalestour.com\/es\/wp-json\/wp\/v2\/types\/page"}],"author":[{"embeddable":true,"href":"https:\/\/www.sunnyvinalestour.com\/es\/wp-json\/wp\/v2\/users\/1"}],"replies":[{"embeddable":true,"href":"https:\/\/www.sunnyvinalestour.com\/es\/wp-json\/wp\/v2\/comments?post=4251"}],"version-history":[{"count":10,"href":"https:\/\/www.sunnyvinalestour.com\/es\/wp-json\/wp\/v2\/pages\/4251\/revisions"}],"predecessor-version":[{"id":6764,"href":"https:\/\/www.sunnyvinalestour.com\/es\/wp-json\/wp\/v2\/pages\/4251\/revisions\/6764"}],"wp:featuredmedia":[{"embeddable":true,"href":"https:\/\/www.sunnyvinalestour.com\/es\/wp-json\/wp\/v2\/media\/1469"}],"wp:attachment":[{"href":"https:\/\/www.sunnyvinalestour.com\/es\/wp-json\/wp\/v2\/media?parent=4251"}],"curies":[{"name":"wp","href":"https:\/\/api.w.org\/{rel}","templated":true}]}}