{"id":4254,"date":"2020-08-20T10:51:30","date_gmt":"2020-08-20T10:51:30","guid":{"rendered":"https:\/\/www.sunnyvinalestour.com\/\/?page_id=4254"},"modified":"2021-11-04T12:18:25","modified_gmt":"2021-11-04T12:18:25","slug":"4254-2","status":"publish","type":"page","link":"https:\/\/www.sunnyvinalestour.com\/es\/4254-2\/","title":{"rendered":"Cuba en 7 dias"},"content":{"rendered":"<div id=\"primary\" class=\"content-area col-md-8\">\n<p>&nbsp;<\/p>\n<article id=\"post-2151\" class=\"post-2151 page type-page status-publish hentry\">\n<div class=\"entry-content content-page \">\n<p><img loading=\"lazy\" decoding=\"async\" class=\"size-full wp-image-1465 aligncenter\" src=\"https:\/\/www.sunnyvinalestour.com\/\/wp-content\/uploads\/cuba-individual-tour.jpg\" sizes=\"auto, (max-width: 900px) 100vw, 900px\" srcset=\"https:\/\/www.sunnyvinalestour.com\/\/wp-content\/uploads\/cuba-individual-tour.jpg 900w, https:\/\/www.sunnyvinalestour.com\/\/wp-content\/uploads\/cuba-individual-tour-300x223.jpg 300w, https:\/\/www.sunnyvinalestour.com\/\/wp-content\/uploads\/cuba-individual-tour-768x571.jpg 768w\" alt=\"\" width=\"900\" height=\"669\" \/><\/p>\n<p>1. La Habana<br \/>\n2. La Habana<br \/>\n3. Trinidad<br \/>\n4. Trinidad<br \/>\n5. Vi\u00f1ales<br \/>\n6. Vi\u00f1ales<br \/>\n7. Vi\u00f1ales \u2013 La Habana<\/p>\n<h4>En el paquete: (Esta incluido)<\/h4>\n<p>6 noches en casas particulares<br \/>\nConductor privado durante 5 d\u00edas (del 3 \u00b0 al 7 \u00b0 d\u00eda del programa)<br \/>\nTraslado al aeropuerto a la llegada a la oficina.<br \/>\nPrograma detallado con recomendaciones de atracciones (PDF)<br \/>\nPaquete de informaci\u00f3n pr\u00e1ctica antes de la salida (PDF)<\/p>\n<h4><span style=\"color: #000000;\"><strong>Precio por persona: 670\u20ac (v\u00e1lido para 2<\/strong> personas)<\/span><\/h4>\n<p><strong>Costes adicionales:<\/strong><br \/>\nAlimentos y bebidas<br \/>\nBoletos a\u00e9reos a Cuba<br \/>\nVisa a Cuba<br \/>\nAtracciones, entradas, etc.<br \/>\nGastos propios, propinas.<\/p>\n<p><a href=\"https:\/\/www.sunnyvinalestour.com\/\/es\/contactenos\/\"><img loading=\"lazy\" decoding=\"async\" class=\"alignnone wp-image-1400 \" src=\"https:\/\/www.sunnyvinalestour.com\/\/wp-content\/uploads\/book-now-1.png\" alt=\"\" width=\"320\" height=\"114\" srcset=\"https:\/\/www.sunnyvinalestour.com\/wp-content\/uploads\/book-now-1.png 460w, https:\/\/www.sunnyvinalestour.com\/wp-content\/uploads\/book-now-1-300x107.png 300w\" sizes=\"auto, (max-width: 320px) 100vw, 320px\" \/><\/a><\/p>\n<\/div>\n<\/article>\n<p>&nbsp;<\/p>\n<\/div>\n<div id=\"sidebar-secondary\" class=\"col-md-4 widget-area\" role=\"complementary\" aria-label=\"Main sidebar\">\n<aside id=\"text-2\" class=\"widget widget_text\">\n<div class=\"textwidget\">\n<p>&nbsp;<\/p>\n<div id=\"sb_instagram\" class=\"sbi sbi_col_3 sbi_width_resp sbi_small\" data-feedid=\"sbi_sunnyvinales#21\" data-res=\"auto\" data-cols=\"3\" data-num=\"21\" data-shortcode-atts=\"{&quot;num&quot;:&quot;21&quot;,&quot;cols&quot;:&quot;3&quot;}\" data-sbi-index=\"1\">\n<div class=\"sb_instagram_header \">\n<div class=\"sbi_header_text\"><\/div>\n<\/div>\n<div id=\"sbi_load\"><\/div>\n<\/div>\n<\/div>\n<\/aside>\n<\/div>\n","protected":false},"excerpt":{"rendered":"<p>&nbsp; 1. La Habana 2. La Habana 3. Trinidad 4. Trinidad 5. Vi\u00f1ales 6. Vi\u00f1ales 7. Vi\u00f1ales \u2013 La Habana En el paquete: (Esta incluido) 6 noches en casas particulares&hellip;<\/p>\n","protected":false},"author":1,"featured_media":1465,"parent":0,"menu_order":0,"comment_status":"closed","ping_status":"closed","template":"","meta":{"footnotes":""},"class_list":["post-4254","page","type-page","status-publish","has-post-thumbnail","hentry"],"_links":{"self":[{"href":"https:\/\/www.sunnyvinalestour.com\/es\/wp-json\/wp\/v2\/pages\/4254","targetHints":{"allow":["GET"]}}],"collection":[{"href":"https:\/\/www.sunnyvinalestour.com\/es\/wp-json\/wp\/v2\/pages"}],"about":[{"href":"https:\/\/www.sunnyvinalestour.com\/es\/wp-json\/wp\/v2\/types\/page"}],"author":[{"embeddable":true,"href":"https:\/\/www.sunnyvinalestour.com\/es\/wp-json\/wp\/v2\/users\/1"}],"replies":[{"embeddable":true,"href":"https:\/\/www.sunnyvinalestour.com\/es\/wp-json\/wp\/v2\/comments?post=4254"}],"version-history":[{"count":14,"href":"https:\/\/www.sunnyvinalestour.com\/es\/wp-json\/wp\/v2\/pages\/4254\/revisions"}],"predecessor-version":[{"id":6747,"href":"https:\/\/www.sunnyvinalestour.com\/es\/wp-json\/wp\/v2\/pages\/4254\/revisions\/6747"}],"wp:featuredmedia":[{"embeddable":true,"href":"https:\/\/www.sunnyvinalestour.com\/es\/wp-json\/wp\/v2\/media\/1465"}],"wp:attachment":[{"href":"https:\/\/www.sunnyvinalestour.com\/es\/wp-json\/wp\/v2\/media?parent=4254"}],"curies":[{"name":"wp","href":"https:\/\/api.w.org\/{rel}","templated":true}]}}