{"id":3266,"date":"2020-07-08T16:07:17","date_gmt":"2020-07-08T16:07:17","guid":{"rendered":"https:\/\/www.sunnyvinalestour.com\/\/?page_id=3266"},"modified":"2022-11-21T00:19:55","modified_gmt":"2022-11-21T00:19:55","slug":"vinales-tout-en-un-de-la-havane","status":"publish","type":"page","link":"https:\/\/www.sunnyvinalestour.com\/fr\/vinales-tout-en-un-de-la-havane\/","title":{"rendered":"Tout en un. Vinales de La Havane"},"content":{"rendered":"<div id=\"metaslider-id-3684\" style=\"max-width: 659px;\" class=\"ml-slider-3-108-0 metaslider metaslider-flex metaslider-3684 ml-slider has-dots-nav ms-theme-default\" role=\"region\" aria-label=\"All in One\" data-height=\"380\" data-width=\"659\">\n    <div id=\"metaslider_container_3684\">\n        <div id=\"metaslider_3684\">\n            <ul class='slides'>\n                <li style=\"display: block; width: 100%;\" class=\"slide-3685 ms-image \" aria-roledescription=\"slide\" data-date=\"2020-07-16 09:13:11\" data-filename=\"vinales2-1-659x380.jpeg\" data-slide-type=\"image\"><img loading=\"lazy\" decoding=\"async\" src=\"https:\/\/www.sunnyvinalestour.com\/wp-content\/uploads\/vinales2-1-659x380.jpeg\" height=\"380\" width=\"659\" alt=\"\" class=\"slider-3684 slide-3685 msDefaultImage\" title=\"vinales2\" \/><\/li>\n                <li style=\"display: none; width: 100%;\" class=\"slide-3686 ms-image \" aria-roledescription=\"slide\" data-date=\"2020-07-16 09:13:23\" data-filename=\"Vinales-from-Havana-min-437x252.jpg\" data-slide-type=\"image\"><img loading=\"lazy\" decoding=\"async\" src=\"https:\/\/www.sunnyvinalestour.com\/wp-content\/uploads\/Vinales-from-Havana-min-437x252.jpg\" height=\"380\" width=\"659\" alt=\"\" class=\"slider-3684 slide-3686 msDefaultImage\" title=\"Vinales from Havana-min\" \/><div class=\"caption-wrap\"><div class=\"caption\">My friend Edurne<\/div><\/div><\/li>\n                <li style=\"display: none; width: 100%;\" class=\"slide-3687 ms-image \" aria-roledescription=\"slide\" data-date=\"2020-07-16 09:13:33\" data-filename=\"Vinales-from-Varadero-1-409x236.jpg\" data-slide-type=\"image\"><img loading=\"lazy\" decoding=\"async\" src=\"https:\/\/www.sunnyvinalestour.com\/wp-content\/uploads\/Vinales-from-Varadero-1-409x236.jpg\" height=\"380\" width=\"659\" alt=\"\" class=\"slider-3684 slide-3687 msDefaultImage\" title=\"Vinales de vinales\" \/><\/li>\n                <li style=\"display: none; width: 100%;\" class=\"slide-3688 ms-image \" aria-roledescription=\"slide\" data-date=\"2020-07-16 09:14:00\" data-filename=\"cygaro-800x500-1-659x380.jpg\" data-slide-type=\"image\"><img loading=\"lazy\" decoding=\"async\" src=\"https:\/\/www.sunnyvinalestour.com\/wp-content\/uploads\/cygaro-800x500-1-659x380.jpg\" height=\"380\" width=\"659\" alt=\"\" class=\"slider-3684 slide-3688 msDefaultImage\" title=\"cygaro-800x500\" \/><\/li>\n                <li style=\"display: none; width: 100%;\" class=\"slide-3689 ms-image \" aria-roledescription=\"slide\" data-date=\"2020-07-16 09:16:07\" data-filename=\"53668345_261906124743639_1256389865222701056_n-520x300.jpg\" data-slide-type=\"image\"><img loading=\"lazy\" decoding=\"async\" src=\"https:\/\/www.sunnyvinalestour.com\/wp-content\/uploads\/53668345_261906124743639_1256389865222701056_n-520x300.jpg\" height=\"380\" width=\"659\" alt=\"\" class=\"slider-3684 slide-3689 msDefaultImage\" title=\"53668345_261906124743639_1256389865222701056_n\" \/><\/li>\n                <li style=\"display: none; width: 100%;\" class=\"slide-3691 ms-image \" aria-roledescription=\"slide\" data-date=\"2020-07-16 09:20:31\" data-filename=\"53857796_638338683265117_2876775533016776704_n-520x300.jpg\" data-slide-type=\"image\"><img loading=\"lazy\" decoding=\"async\" src=\"https:\/\/www.sunnyvinalestour.com\/wp-content\/uploads\/53857796_638338683265117_2876775533016776704_n-520x300.jpg\" height=\"380\" width=\"659\" alt=\"\" class=\"slider-3684 slide-3691 msDefaultImage\" title=\"Safari en Cuba\" \/><\/li>\n            <\/ul>\n        <\/div>\n        \n    <\/div>\n<\/div>\n<p><strong>Sunny Vinales Tour est une agence de voyage cubaine avec plus de 10 ans d&rsquo;exp\u00e9rience dans le tourisme. Nous sommes originaires de Vinales, le pays du meilleur tabac au monde, et nous organisons des visites dans toutes les r\u00e9gions de Cuba.<\/strong><\/p>\n<p>Avec nous, vous d\u00e9couvrirez les plantations de tabac lors d\u2019une excursion \u00e0 cheval, la faune et la flore de la Baies des Cochons, la Havane magique et stimulante et pourrez admirer les plus belles villes coloniales, telles que Cienfuegos et Trinidad.<\/p>\n<p>Laur\u00e9at du Certificat d&rsquo;excellence 2019 TripAdvisor, le plus grand site de voyage au monde. Vous pouvez nous faire confiance!<\/p>\n<p><strong>Quand?<\/strong> Tous les jours! Du lundi au dimanche.<br \/>\n<strong>O\u00f9?<\/strong> Les visites commencent \u00e0 La Havane ou \u00e0 Varadero, sur le lieu de votre h\u00e9bergement.<br \/>\nToutes les visites sont priv\u00e9es.<br \/>\nLa r\u00e9servation est obligatoire au moins 48 heures avant le d\u00e9but du tour.<\/p>\n<h2>Voyage 1: Vinales depuis la Havane. Excursion touristique et promenade \u00e0 cheval dans une plantation de tabac<\/h2>\n<p><img loading=\"lazy\" decoding=\"async\" class=\"aligncenter size-full wp-image-1390\" src=\"https:\/\/www.sunnyvinalestour.com\/\/wp-content\/uploads\/horseriding_vinales_sunny.png\" alt=\"\" width=\"820\" height=\"312\" srcset=\"https:\/\/www.sunnyvinalestour.com\/wp-content\/uploads\/horseriding_vinales_sunny.png 820w, https:\/\/www.sunnyvinalestour.com\/wp-content\/uploads\/horseriding_vinales_sunny-600x228.png 600w, https:\/\/www.sunnyvinalestour.com\/wp-content\/uploads\/horseriding_vinales_sunny-300x114.png 300w, https:\/\/www.sunnyvinalestour.com\/wp-content\/uploads\/horseriding_vinales_sunny-768x292.png 768w\" sizes=\"auto, (max-width: 820px) 100vw, 820px\" \/><\/p>\n<p><strong>Une excursion d&rsquo;une journ\u00e9e compl\u00e8te de La Havane \u00e0 Vinales combin\u00e9e \u00e0 la visite des meilleures attractions de la vall\u00e9e de Vinales.<\/strong><\/p>\n<h4>Activit\u00e9s:<\/h4>\n<ul>\n<li>Cueva del Indio (grotte indienne) avec une promenade en bateau \u00e0 moteur.<\/li>\n<li>Fresque pr\u00e9historique (Mural de la Prehistoria)<\/li>\n<li>Jardin Botanico (Jardin Botanique).<\/li>\n<li>Mirador de los Jazmines (vue de l&rsquo;h\u00f4tel los Jazmines sur la vall\u00e9e de Vinales).<\/li>\n<li>Randonn\u00e9e \u00e0 cheval ou \u00e0 pied dans la Valle de Vinales (visite de la plantation de tabac et du caf\u00e9), avec une d\u00e9monstration du processus de culture du caf\u00e9.<\/li>\n<li>D\u00eener traditionnel cubain.<\/li>\n<\/ul>\n<p>Vous pouvez explorer la vall\u00e9e de Vinales \u00e0 cheval ou \u00e0 pied. Nous recommandons une balade \u00e0 cheval, aussi bien pour les d\u00e9butants que pour les enfants. Les chevaux sont calmes et nos guides exp\u00e9riment\u00e9s garantissent la s\u00e9curit\u00e9.<\/p>\n<h4>Itin\u00e9raire:<\/h4>\n<p><strong>7h30<\/strong> &#8211; Un chauffeur viendra vous chercher \u00e0 votre lieu d&rsquo;h\u00e9bergement \u00e0 La Havane. Donnez-nous votre adresse exacte et \/ ou le nom de l&rsquo;h\u00f4tel o\u00f9 vous s\u00e9journez. Attendez le chauffeur devant l&rsquo;entr\u00e9e.<\/p>\n<p><strong>10h00<\/strong> &#8211; Ap\u00e9ritif de bienvenue \u00e0 Vinales.<\/p>\n<p><strong>10h30<\/strong> &#8211; Temps pour une randonn\u00e9e \u00e0 cheval (ou \u00e0 pied) qui durera environ 3 heures. Pendant le voyage, vous pourrez voir les plantations de tabac traditionnelles du meilleur tabac au monde, pour lesquelles la r\u00e9gion de Pinar del Rio est c\u00e9l\u00e8bre. Il y aura l&rsquo;occasion non seulement d&rsquo;apprendre \u00e0 fabriquer et \u00e0 rouler des cigares, mais aussi de prendre le temps de go\u00fbter au cigare! Les cigares traditionnels biologiques peuvent \u00eatre achet\u00e9s \u00e0 la plantation &#8211; le paiement en esp\u00e8ces seulement.<\/p>\n<p>Pendant le voyage, nous visiterons \u00e9galement un caf\u00e9 avec vue sur les plantations de caf\u00e9. Les Cubains pr\u00e9senteront comment le d\u00e9licieux caf\u00e9 cubain est pr\u00e9par\u00e9 &#8211; il sera \u00e9galement possible de l&rsquo;essayer (paiement en esp\u00e8ces).<\/p>\n<p><strong>14h30<\/strong> &#8211; Environ 3-4 heures apr\u00e8s notre d\u00e9part, un d\u00e9licieux d\u00eener \u00e9cologique cubain traditionnel vous sera servi dans un restaurant.<\/p>\n<p><strong>15h30<\/strong> &#8211; D\u00e9but du circuit Vinales &#8211; Cueva del Indio, jardin botanique et fresque murale pr\u00e9historique. La derni\u00e8re partie de la visite est la vue sur la vall\u00e9e de Vinales depuis le balcon de l&rsquo;h\u00f4tel Los Jazmines.<\/p>\n<p><strong>20h00<\/strong> &#8211; Le voyage se termine \u00e0 La Havane, \u00e0 l&rsquo;endroit o\u00f9 nous vous avons recueillis le matin.<\/p>\n<h4>PRIX<\/h4>\n<ul>\n<li><strong>Prix pour 1 personne: 205\u20ac<\/strong><\/li>\n<li><strong>Prix pour 2 personnes: 235\u20ac<\/strong><\/li>\n<li><strong>Prix pour 3 personnes: 290\u20ac<\/strong><\/li>\n<li><strong>Prix pour 4 personnes: 350\u20ac<\/strong><\/li>\n<li><strong>Prix pour 5 personnes: 430\u20ac\u00a0<\/strong><\/li>\n<\/ul>\n<p>Un voyage peut \u00eatre organis\u00e9 pour des groupes. (maximum 25 personnes)<\/p>\n<h4>Le prix comprend:<\/h4>\n<ul>\n<li>Taxi priv\u00e9 (voiture am\u00e9ricaine classique)<\/li>\n<li>Randonn\u00e9e \u00e0 cheval ou \u00e0 pied dans la vall\u00e9e de Vinales<\/li>\n<li>\u2028Vinales Tour<\/li>\n<li>Le d\u00e9jeuner<\/li>\n<\/ul>\n<p><strong>Attention!<\/strong> Le prix n&rsquo;inclut pas les billets d&rsquo;entr\u00e9e!<\/p>\n<p><a href=\"https:\/\/www.sunnyvinalestour.com\/fr\/reservation\/\"><img loading=\"lazy\" decoding=\"async\" class=\"aligncenter wp-image-6528 size-trx_addons-thumb-avatar\" src=\"https:\/\/www.sunnyvinalestour.com\/wp-content\/uploads\/Captura-de-Pantalla-2021-10-30-a-las-21.30.29-370x112.png\" alt=\"\" width=\"370\" height=\"112\" \/><\/a><\/p>\n","protected":false},"excerpt":{"rendered":"<p>Sunny Vinales Tour est une agence de voyage cubaine avec plus de 10 ans d&rsquo;exp\u00e9rience dans le tourisme. Nous sommes originaires de Vinales, le pays du meilleur tabac au monde,&hellip;<\/p>\n","protected":false},"author":1,"featured_media":2722,"parent":0,"menu_order":0,"comment_status":"closed","ping_status":"closed","template":"","meta":{"footnotes":""},"class_list":["post-3266","page","type-page","status-publish","has-post-thumbnail","hentry"],"_links":{"self":[{"href":"https:\/\/www.sunnyvinalestour.com\/fr\/wp-json\/wp\/v2\/pages\/3266","targetHints":{"allow":["GET"]}}],"collection":[{"href":"https:\/\/www.sunnyvinalestour.com\/fr\/wp-json\/wp\/v2\/pages"}],"about":[{"href":"https:\/\/www.sunnyvinalestour.com\/fr\/wp-json\/wp\/v2\/types\/page"}],"author":[{"embeddable":true,"href":"https:\/\/www.sunnyvinalestour.com\/fr\/wp-json\/wp\/v2\/users\/1"}],"replies":[{"embeddable":true,"href":"https:\/\/www.sunnyvinalestour.com\/fr\/wp-json\/wp\/v2\/comments?post=3266"}],"version-history":[{"count":8,"href":"https:\/\/www.sunnyvinalestour.com\/fr\/wp-json\/wp\/v2\/pages\/3266\/revisions"}],"predecessor-version":[{"id":7302,"href":"https:\/\/www.sunnyvinalestour.com\/fr\/wp-json\/wp\/v2\/pages\/3266\/revisions\/7302"}],"wp:featuredmedia":[{"embeddable":true,"href":"https:\/\/www.sunnyvinalestour.com\/fr\/wp-json\/wp\/v2\/media\/2722"}],"wp:attachment":[{"href":"https:\/\/www.sunnyvinalestour.com\/fr\/wp-json\/wp\/v2\/media?parent=3266"}],"curies":[{"name":"wp","href":"https:\/\/api.w.org\/{rel}","templated":true}]}}