{"id":3271,"date":"2020-07-08T16:10:43","date_gmt":"2020-07-08T16:10:43","guid":{"rendered":"https:\/\/www.sunnyvinalestour.com\/\/?page_id=3271"},"modified":"2021-11-04T12:00:38","modified_gmt":"2021-11-04T12:00:38","slug":"route-ensoleillee-de-vinales-dans-une-ancienne-voiture-americaine-oldtimer-depart-de-la-havane","status":"publish","type":"page","link":"https:\/\/www.sunnyvinalestour.com\/fr\/route-ensoleillee-de-vinales-dans-une-ancienne-voiture-americaine-oldtimer-depart-de-la-havane\/","title":{"rendered":"Vinales en voiture classique"},"content":{"rendered":"<h2>Voyage : Route ensoleill\u00e9e de Vinales dans une ancienne voiture am\u00e9ricaine (Oldtimer), d\u00e9part de La Havane.<\/h2>\n<p><img loading=\"lazy\" decoding=\"async\" class=\"aligncenter size-full wp-image-1422\" src=\"https:\/\/www.sunnyvinalestour.com\/\/wp-content\/uploads\/Cuba_vinales.png\" alt=\"\" width=\"1200\" height=\"628\" srcset=\"https:\/\/www.sunnyvinalestour.com\/wp-content\/uploads\/Cuba_vinales.png 1200w, https:\/\/www.sunnyvinalestour.com\/wp-content\/uploads\/Cuba_vinales-600x314.png 600w, https:\/\/www.sunnyvinalestour.com\/wp-content\/uploads\/Cuba_vinales-300x157.png 300w, https:\/\/www.sunnyvinalestour.com\/wp-content\/uploads\/Cuba_vinales-768x402.png 768w, https:\/\/www.sunnyvinalestour.com\/wp-content\/uploads\/Cuba_vinales-1024x536.png 1024w\" sizes=\"auto, (max-width: 1200px) 100vw, 1200px\" \/><\/p>\n<p>Au cours de ce voyage, vous d\u00e9couvrirez les plus belles attractions de la vall\u00e9e de Vinales, tout en voyageant confortablement.<\/p>\n<h4>Activit\u00e9s:<\/h4>\n<ul>\n<li>Visite d&rsquo;une plantation de tabac et d\u00e9gustation de cigares.<\/li>\n<li>Fresque pr\u00e9historique.<\/li>\n<li>Jardin Botanico (Jardin Botanique).<\/li>\n<li>Cueva del Indio (grotte indienne).<\/li>\n<li>D\u00eener traditionnel cubain dans un restaurant.<\/li>\n<li>Point d&rsquo;observation depuis la terrasse de l&rsquo;h\u00f4tel Los Jazmines.<\/li>\n<\/ul>\n<h4>PRIX:<\/h4>\n<ul>\n<li><strong>Prix pour 1-2 personnes: 175\u20ac<\/strong><\/li>\n<li><strong>Prix pour 3 personnes:\u00a0200\u20ac<\/strong><\/li>\n<li><strong>Prix pour 4 personnes: 250\u20ac<\/strong><\/li>\n<\/ul>\n<p><strong>Attention!<\/strong> Le prix n&rsquo;inclut pas les billets d&rsquo;entr\u00e9e!<\/p>\n<p><a href=\"https:\/\/www.sunnyvinalestour.com\/fr\/reservation\/\"><img loading=\"lazy\" decoding=\"async\" class=\"aligncenter wp-image-6528 size-trx_addons-thumb-avatar\" src=\"https:\/\/www.sunnyvinalestour.com\/wp-content\/uploads\/Captura-de-Pantalla-2021-10-30-a-las-21.30.29-370x112.png\" alt=\"\" width=\"370\" height=\"112\" \/><\/a><\/p>\n","protected":false},"excerpt":{"rendered":"<p>Voyage : Route ensoleill\u00e9e de Vinales dans une ancienne voiture am\u00e9ricaine (Oldtimer), d\u00e9part de La Havane. Au cours de ce voyage, vous d\u00e9couvrirez les plus belles attractions de la vall\u00e9e&hellip;<\/p>\n","protected":false},"author":1,"featured_media":5530,"parent":0,"menu_order":0,"comment_status":"closed","ping_status":"closed","template":"","meta":{"footnotes":""},"class_list":["post-3271","page","type-page","status-publish","has-post-thumbnail","hentry"],"_links":{"self":[{"href":"https:\/\/www.sunnyvinalestour.com\/fr\/wp-json\/wp\/v2\/pages\/3271","targetHints":{"allow":["GET"]}}],"collection":[{"href":"https:\/\/www.sunnyvinalestour.com\/fr\/wp-json\/wp\/v2\/pages"}],"about":[{"href":"https:\/\/www.sunnyvinalestour.com\/fr\/wp-json\/wp\/v2\/types\/page"}],"author":[{"embeddable":true,"href":"https:\/\/www.sunnyvinalestour.com\/fr\/wp-json\/wp\/v2\/users\/1"}],"replies":[{"embeddable":true,"href":"https:\/\/www.sunnyvinalestour.com\/fr\/wp-json\/wp\/v2\/comments?post=3271"}],"version-history":[{"count":10,"href":"https:\/\/www.sunnyvinalestour.com\/fr\/wp-json\/wp\/v2\/pages\/3271\/revisions"}],"predecessor-version":[{"id":6723,"href":"https:\/\/www.sunnyvinalestour.com\/fr\/wp-json\/wp\/v2\/pages\/3271\/revisions\/6723"}],"wp:featuredmedia":[{"embeddable":true,"href":"https:\/\/www.sunnyvinalestour.com\/fr\/wp-json\/wp\/v2\/media\/5530"}],"wp:attachment":[{"href":"https:\/\/www.sunnyvinalestour.com\/fr\/wp-json\/wp\/v2\/media?parent=3271"}],"curies":[{"name":"wp","href":"https:\/\/api.w.org\/{rel}","templated":true}]}}