{"id":3274,"date":"2020-07-08T16:12:55","date_gmt":"2020-07-08T16:12:55","guid":{"rendered":"https:\/\/www.sunnyvinalestour.com\/\/?page_id=3274"},"modified":"2022-02-05T02:22:13","modified_gmt":"2022-02-05T02:22:13","slug":"la-havane-depuis-varadero","status":"publish","type":"page","link":"https:\/\/www.sunnyvinalestour.com\/fr\/la-havane-depuis-varadero\/","title":{"rendered":"La Havane de Varadero"},"content":{"rendered":"<h2>Voyage : La Havane de Varadero<\/h2>\n<p><img loading=\"lazy\" decoding=\"async\" class=\"aligncenter size-full wp-image-1471\" src=\"https:\/\/www.sunnyvinalestour.com\/\/wp-content\/uploads\/cuba-tours.jpg\" alt=\"\" width=\"660\" height=\"517\" srcset=\"https:\/\/www.sunnyvinalestour.com\/wp-content\/uploads\/cuba-tours.jpg 660w, https:\/\/www.sunnyvinalestour.com\/wp-content\/uploads\/cuba-tours-600x470.jpg 600w, https:\/\/www.sunnyvinalestour.com\/wp-content\/uploads\/cuba-tours-300x235.jpg 300w\" sizes=\"auto, (max-width: 660px) 100vw, 660px\" \/><\/p>\n<p><strong>Au cours de ce voyage, vous d\u00e9couvrirez la plus belle ville des Cara\u00efbes &#8211; dynamique, color\u00e9e et pleine d\u2019extr\u00eames, la Havane. C&rsquo;est une ville ph\u00e9nom\u00e9nale \u00e0 l&rsquo;\u00e9chelle mondiale, dans laquelle diff\u00e9rentes \u00e9poques, modes de vie, cultures, races, odeurs et sons se rencontrent.<\/strong><\/p>\n<h4>Itin\u00e9raire:<\/h4>\n<p><strong>8h00<\/strong>\u00a0&#8211; Un chauffeur viendra vous chercher \u00e0 votre lieu d&rsquo;h\u00e9bergement \u00e0 Varadero. Donnez-nous votre adresse exacte et \/ ou le nom de l&rsquo;h\u00f4tel o\u00f9 vous s\u00e9journez. Attendez le chauffeur devant l&rsquo;entr\u00e9e.<br \/>\n<strong>10h00<\/strong>\u00a0&#8211; Nous commen\u00e7ons \u00e0 explorer La Havane. Vous d\u00e9couvrirez la Vieille Havane et ses quatre c\u00e9l\u00e8bres places, le Capitole, les bars embl\u00e9matiques o\u00f9 Ernest Hemingway a bu et le Mus\u00e9e de la R\u00e9volution.<br \/>\nPuis nous prendrons une pause d\u00e9jeuner pendant la journ\u00e9e.<br \/>\nEnsuite, nous irons sur la place de la r\u00e9volution pour voir le lieu o\u00f9 Fidel Castro a prononc\u00e9 ses longs discours.<br \/>\nEnfin nous voyagerons en voiture \u00e0 travers le Malecon, le quartier chinois, le centre de La Havane et le quartier r\u00e9sidentiel de Vedado pour y d\u00e9couvrir toutes les saveurs de La Havane.<\/p>\n<p><strong>PROGRAMME.<\/strong><br \/>\nPrise en charge \u00e0 votre h\u00e9bergement ou h\u00f4tel \u00e0 La Havane ou Varadero \u00e0 8h00<br \/>\nArr\u00eat au pont de Bacubayagua.<br \/>\nEnviron deux heures de trajet jusqu&rsquo;\u00e0 La Havane, en traversant toute la c\u00f4te nord<br \/>\nVisite de l&rsquo;H\u00f4tel National.<br \/>\nPromenez-vous dans les 4 places de la vieille Havane, d\u00e9clar\u00e9e site du patrimoine de La Havane par l&rsquo;UNESCO en 1982<br \/>\nVous visiterez, l&rsquo;h\u00f4tel Ambos Mundos, la Bodeguita del Medio, le bar Floridita, ils sont c\u00e9l\u00e8bres pour Hemingway.<br \/>\nD\u00e9jeuner (les prix varient selon le choix du client)<br \/>\nTemps libre (vous pouvez visiter le march\u00e9 artisanal)<br \/>\nVisite de La Havane moderne<br \/>\nTour le long de l&rsquo;avenue Malec\u00f3n pour voir l&rsquo;H\u00f4tel Nacional.<br \/>\nArr\u00eat \u00e0 la Plaza de la Revoluci\u00f3n<br \/>\nArr\u00eat au Capitole<br \/>\nArr\u00eat au parc central Jos\u00e9 Mart\u00ed<br \/>\nArr\u00eatez-vous au Gran Teatro de La Habana et au Mus\u00e9e des Beaux-Arts.<br \/>\nSi vous le souhaitez, vous pouvez visiter la fabrique de tabac, le mus\u00e9e de la R\u00e9volution et la fabrique de rhum avant de rentrer<br \/>\nRetour \u00e0 votre h\u00f4tel ou h\u00e9bergement Varadero ou La Havane.<\/p>\n<p><strong>17h00<\/strong>\u00a0Retour \u00e0 Varadero.<\/p>\n<h4>PRIX:<\/h4>\n<p>Prix pour 1-4 personnes:\u00a0<strong>180\u20ac<\/strong><\/p>\n<p><strong>Frais suppl\u00e9mentaires<\/strong> : frais personnels, boissons, repas, billets, cabriolet (30 euros par voiture, 1 heure en voiture). 2 cabriolets pour 4 personnes doivent \u00eatre lou\u00e9s &#8211; 60 EUR.<\/p>\n<p><strong>Attention!<\/strong>\u00a0Le prix n&rsquo;inclut pas les billets d&rsquo;entr\u00e9e!<\/p>\n<p><a href=\"https:\/\/www.sunnyvinalestour.com\/fr\/reservation\/\"><img loading=\"lazy\" decoding=\"async\" class=\"aligncenter wp-image-6528 size-trx_addons-thumb-avatar\" src=\"https:\/\/www.sunnyvinalestour.com\/wp-content\/uploads\/Captura-de-Pantalla-2021-10-30-a-las-21.30.29-370x112.png\" alt=\"\" width=\"370\" height=\"112\" \/><\/a><\/p>\n","protected":false},"excerpt":{"rendered":"<p>Voyage : La Havane de Varadero Au cours de ce voyage, vous d\u00e9couvrirez la plus belle ville des Cara\u00efbes &#8211; dynamique, color\u00e9e et pleine d\u2019extr\u00eames, la Havane. C&rsquo;est une ville&hellip;<\/p>\n","protected":false},"author":1,"featured_media":1740,"parent":0,"menu_order":0,"comment_status":"closed","ping_status":"closed","template":"","meta":{"footnotes":""},"class_list":["post-3274","page","type-page","status-publish","has-post-thumbnail","hentry"],"_links":{"self":[{"href":"https:\/\/www.sunnyvinalestour.com\/fr\/wp-json\/wp\/v2\/pages\/3274","targetHints":{"allow":["GET"]}}],"collection":[{"href":"https:\/\/www.sunnyvinalestour.com\/fr\/wp-json\/wp\/v2\/pages"}],"about":[{"href":"https:\/\/www.sunnyvinalestour.com\/fr\/wp-json\/wp\/v2\/types\/page"}],"author":[{"embeddable":true,"href":"https:\/\/www.sunnyvinalestour.com\/fr\/wp-json\/wp\/v2\/users\/1"}],"replies":[{"embeddable":true,"href":"https:\/\/www.sunnyvinalestour.com\/fr\/wp-json\/wp\/v2\/comments?post=3274"}],"version-history":[{"count":10,"href":"https:\/\/www.sunnyvinalestour.com\/fr\/wp-json\/wp\/v2\/pages\/3274\/revisions"}],"predecessor-version":[{"id":6874,"href":"https:\/\/www.sunnyvinalestour.com\/fr\/wp-json\/wp\/v2\/pages\/3274\/revisions\/6874"}],"wp:featuredmedia":[{"embeddable":true,"href":"https:\/\/www.sunnyvinalestour.com\/fr\/wp-json\/wp\/v2\/media\/1740"}],"wp:attachment":[{"href":"https:\/\/www.sunnyvinalestour.com\/fr\/wp-json\/wp\/v2\/media?parent=3274"}],"curies":[{"name":"wp","href":"https:\/\/api.w.org\/{rel}","templated":true}]}}