{"id":3277,"date":"2020-07-08T16:13:35","date_gmt":"2020-07-08T16:13:35","guid":{"rendered":"https:\/\/www.sunnyvinalestour.com\/\/?page_id=3277"},"modified":"2022-02-05T02:20:35","modified_gmt":"2022-02-05T02:20:35","slug":"varadero-depuis-la-havane","status":"publish","type":"page","link":"https:\/\/www.sunnyvinalestour.com\/fr\/varadero-depuis-la-havane\/","title":{"rendered":"Varadero de La Havane"},"content":{"rendered":"<p><img loading=\"lazy\" decoding=\"async\" class=\"size-large wp-image-1788 aligncenter\" src=\"https:\/\/www.sunnyvinalestour.com\/\/wp-content\/uploads\/Simple-Photo-Beach-Twitter-Post-1-1024x512.jpg\" sizes=\"auto, (max-width: 730px) 100vw, 730px\" srcset=\"https:\/\/www.sunnyvinalestour.com\/\/wp-content\/uploads\/Simple-Photo-Beach-Twitter-Post-1.jpg 1024w, https:\/\/www.sunnyvinalestour.com\/\/wp-content\/uploads\/Simple-Photo-Beach-Twitter-Post-1-300x150.jpg 300w, https:\/\/www.sunnyvinalestour.com\/\/wp-content\/uploads\/Simple-Photo-Beach-Twitter-Post-1-768x384.jpg 768w\" alt=\"\" width=\"730\" height=\"365\" \/><\/p>\n<h2>Tour6 Varadero en partant de La Havane!<\/h2>\n<p class=\"p3\">Vous aimez les plages ? Ceux de Cuba sont parmi des plus beaux des Cara\u00efbes, et ceux de Varadero ! Elles sont un vrai paradis! Dirigez-vous vers Varadero pour une merveilleuse exp\u00e9rience et prendre le soleil!<\/p>\n<h4 class=\"p3\"><b>Les Attractions:<\/b><\/h4>\n<ul>\n<li class=\"p3\">Grottes de Saturne.<\/li>\n<li class=\"p3\">Point de vue de Bacunayagua.<\/li>\n<li class=\"p3\">Bain de soleil \u00e0 Varadero.<\/li>\n<\/ul>\n<h4 class=\"p3\"><strong>Itin\u00e9raire:<\/strong><\/h4>\n<p class=\"p3\">7h30 &#8211; Le chauffeur vous cherchera \u00e0 votre logement \u00e0 La Havane, bien \u00e0 l&rsquo;h\u00f4tel ou Airbnb. Indiquez-nous votre adresse exacte et\/ou le nom de l&rsquo;h\u00f4tel o\u00f9 vous s\u00e9journez. Attendez toujours le chauffeur devant l&rsquo;entr\u00e9e ou devant la porte de sortie principale, dans le cas des h\u00f4tels.<\/p>\n<p class=\"p3\">9h30 &#8211; Arriv\u00e9e \u00e0 Varadero. Nagez dans les Grottes de Saturne et bronzez \u00e0 Varadero.<\/p>\n<p class=\"p3\">16h00 &#8211; D\u00e9part de Varadero.<\/p>\n<p class=\"p3\">18h00 &#8211; Arriv\u00e9e \u00e0 La Havane.<\/p>\n<p class=\"p3\"><b>Le trajet en TAXI\u00a0:<\/b><\/p>\n<p class=\"p3\">\u2022 De 1 \u00e0 4 personnes : 180 \u20ac<\/p>\n<p class=\"p3\">Les billets ne sont pas compris!<\/p>\n<p class=\"p3\"><a href=\"https:\/\/www.sunnyvinalestour.com\/fr\/reservation\/\"><img loading=\"lazy\" decoding=\"async\" class=\"aligncenter wp-image-6528 size-trx_addons-thumb-avatar\" src=\"https:\/\/www.sunnyvinalestour.com\/wp-content\/uploads\/Captura-de-Pantalla-2021-10-30-a-las-21.30.29-370x112.png\" alt=\"\" width=\"370\" height=\"112\" \/><\/a><\/p>\n<h2 class=\"p6\">Tour10 \u00e0 Cayo Jutias de Vinales<\/h2>\n<p><img loading=\"lazy\" decoding=\"async\" class=\"size-full wp-image-1477 aligncenter\" src=\"https:\/\/www.sunnyvinalestour.com\/\/wp-content\/uploads\/cuba-private-tour.png\" sizes=\"auto, (max-width: 768px) 100vw, 768px\" srcset=\"https:\/\/www.sunnyvinalestour.com\/\/wp-content\/uploads\/cuba-private-tour.png 768w, https:\/\/www.sunnyvinalestour.com\/\/wp-content\/uploads\/cuba-private-tour-300x167.png 300w\" alt=\"\" width=\"768\" height=\"427\" \/><\/p>\n<p class=\"p8\">La plage la plus belle et sauvage de Cuba se trouve \u00e0 1 heure et demie de distance et elle est situ\u00e9e dans la r\u00e9gion de la Municipalit\u00e9 de Mines de Matahambres reconnue par les caract\u00e9ristiques mines d&rsquo;or et cuivre. Dans ce voyage est ajout\u00e9e les vues panoramiques merveilleuses avec milliers de Km d&rsquo;extension de vall\u00e9es et for\u00eats sauvages et nature vivante. Avant d&rsquo;arriv\u00e9 il se trouve la merveilleuse grotte de Saint Tomas dont si vous pr\u00e9f\u00e9rez nous pouvons visiter le lieu avant de continue notre chemin \u00e0 la plage de: Cayo Jutias. Nous offrons le voyage en partant de Vinales. <span class=\"Apple-converted-space\">\u00a0 \u00a0<\/span><\/p>\n<h4 class=\"p3\"><b>Des observations importantes !<\/b><\/h4>\n<p class=\"p3\">Heure de d\u00e9part c\u2019est \u00e0 8h00 pour ceux qui souhaitent entrer \u00e0 la grotte de Santo Tomas !<\/p>\n<p class=\"p3\">D\u00e9part : 9h00 \u00e0 Vinales de votre logement pour ceux qui veulent juste aller directement \u00e0 la plage !<\/p>\n<p class=\"p8\">Heure de finir\u00a0: 18 h 00 \u00e0 Vinales.<\/p>\n<p class=\"p3\">PRIX : 90 \u20ac taxi priv\u00e9 vers Cayo Jutias (1-4 personnes).<\/p>\n<p><a href=\"https:\/\/www.sunnyvinalestour.com\/fr\/reservation\/\"><img loading=\"lazy\" decoding=\"async\" class=\"aligncenter wp-image-6528 size-trx_addons-thumb-avatar\" src=\"https:\/\/www.sunnyvinalestour.com\/wp-content\/uploads\/Captura-de-Pantalla-2021-10-30-a-las-21.30.29-370x112.png\" alt=\"\" width=\"370\" height=\"112\" \/><\/a><\/p>\n<h2 class=\"p6\">Tour 12 La Havane &#8211; Excursion d&rsquo;une journ\u00e9e \u00e0 Plage de l&rsquo;Est.<\/h2>\n<p class=\"p8\"><img loading=\"lazy\" decoding=\"async\" class=\"size-full wp-image-1827 aligncenter\" src=\"https:\/\/www.sunnyvinalestour.com\/\/wp-content\/uploads\/cayo-jutia-1.png\" sizes=\"auto, (max-width: 810px) 100vw, 810px\" srcset=\"https:\/\/www.sunnyvinalestour.com\/\/wp-content\/uploads\/cayo-jutia-1.png 810w, https:\/\/www.sunnyvinalestour.com\/\/wp-content\/uploads\/cayo-jutia-1-300x167.png 300w, https:\/\/www.sunnyvinalestour.com\/\/wp-content\/uploads\/cayo-jutia-1-768x427.png 768w\" alt=\"\" width=\"810\" height=\"450\" \/><\/p>\n<p class=\"p8\">Passez le jour tranquillement dans une des meilleures plages de la Havane <b>(Plage de l&rsquo;Est)<\/b> mais avant<span class=\"Apple-converted-space\">\u00a0 \u00a0 <\/span>profitez d\u2019un tour panoramique jusqu&rsquo;\u00e0 arriver \u00e0 votre destination.<span class=\"Apple-converted-space\">\u00a0 \u00a0<\/span><\/p>\n<p class=\"p8\">D\u00e9lassez-vous et reposez-vous dans une des meilleures plages \u00e0 la Havane dans ce voyage d&rsquo;un jour.<span class=\"Apple-converted-space\">\u00a0 \u00a0<\/span><\/p>\n<p class=\"p8\">Apr\u00e8s qu&rsquo;ils vous cherchent \u00e0 votre h\u00f4tel, ou \u00e0 votre logement d&rsquo;Airbnb, on va \u00e0 (Plage de l&rsquo;Est) dans une automobile classique cubaine et traditionnelle.<span class=\"Apple-converted-space\">\u00a0<\/span><\/p>\n<p class=\"p3\">Passez le reste du jour en se d\u00e9lassent dans une des plages vierges de la baie de la Havane. Prenez-vous une baignade dans les eaux cristallines, reposez dans les sables blancs ou prenez le d\u00e9jeuner dans un des grands nombres de restaurants de la r\u00e9gion. Revenez \u00e0 votre h\u00f4tel ou logement d&rsquo;Air nb dans le soir.<span class=\"Apple-converted-space\">\u00a0 \u00a0<\/span><\/p>\n<p class=\"p3\">D\u00c9PART\u00a0: 9h00<\/p>\n<p class=\"p3\"><b>DES PRIX:<\/b><\/p>\n<ul>\n<li class=\"p3\">Pour 1-2 personnes : 55 \u20ac<\/li>\n<li class=\"p3\">Pour 3-4 personnes : 65 \u20ac<\/li>\n<\/ul>\n<p><a href=\"https:\/\/www.sunnyvinalestour.com\/fr\/reservation\/\"><img loading=\"lazy\" decoding=\"async\" class=\"aligncenter wp-image-6528 size-trx_addons-thumb-avatar\" src=\"https:\/\/www.sunnyvinalestour.com\/wp-content\/uploads\/Captura-de-Pantalla-2021-10-30-a-las-21.30.29-370x112.png\" alt=\"\" width=\"370\" height=\"112\" \/><\/a><\/p>\n<h2 class=\"p6\">Tour13 Cayo Levisa en partant de Vinales<\/h2>\n<p class=\"p8\"><img loading=\"lazy\" decoding=\"async\" class=\"size-full wp-image-1832 aligncenter\" src=\"https:\/\/www.sunnyvinalestour.com\/\/wp-content\/uploads\/cayo_levisa_tour-1.jpg\" sizes=\"auto, (max-width: 960px) 100vw, 960px\" srcset=\"https:\/\/www.sunnyvinalestour.com\/\/wp-content\/uploads\/cayo_levisa_tour-1.jpg 960w, https:\/\/www.sunnyvinalestour.com\/\/wp-content\/uploads\/cayo_levisa_tour-1-300x200.jpg 300w, https:\/\/www.sunnyvinalestour.com\/\/wp-content\/uploads\/cayo_levisa_tour-1-768x511.jpg 768w\" alt=\"\" width=\"960\" height=\"639\" \/><\/p>\n<p class=\"p8\">Faites un voyage d&rsquo;un jour en commen\u00e7ant par Vinales pour les parfaites plages de cartes postales de l&rsquo;\u00eele de Cayo Levisa. <span class=\"Apple-converted-space\">\u00a0 \u00a0<\/span><\/p>\n<p class=\"p8\">Apr\u00e8s qu&rsquo;ils vous cherchent \u00e0 votre h\u00f4tel \u00e0 Vinales, on fait le voyage de 1 heure \u00e0 Palme Rubia. L\u00e0, on prendra un bateau jusqu&rsquo;\u00e0 la jet\u00e9e de Cayo Levisa. Passez la journ\u00e9e en se d\u00e9lassent dans une des plages de sable de l&rsquo;\u00eele, laquelle est contourn\u00e9 de palmes et eaux cristallines. Carrerez-vous dans une hamac et fuite de la chaleur avec le parasoleil, les deux sp\u00e9cialement r\u00e9serv\u00e9s pour vous. Il y a une vari\u00e9t\u00e9 d&rsquo;activit\u00e9s pour que vous puissiez vous amuser pendant le temps que vous \u00eates dans l&rsquo;\u00eele. Jouez au volley-ball de plage, prenez un catamaran, faites quelques achats de souvenirs ou prenez une boisson dans une des bars de la plage. C&rsquo;est votre choix. <span class=\"Apple-converted-space\">\u00a0 \u00a0<\/span><\/p>\n<p class=\"p3\">Profitez d\u2019un buffet comme d\u00e9jeuner dans le restaurant de l&rsquo;h\u00f4tel avec une boisson compris, avant de revenir \u00e0 Palme Rubia au dernier moment de l&rsquo;apr\u00e8s-midi pour commencer le voyage de retour \u00e0 Vinales.<\/p>\n<h4 class=\"p3\"><b>Itin\u00e9raire:<\/b><\/h4>\n<p class=\"p8\">8 h 00 On vous attend dans le centre-ville de Vinales, \u00e0 c\u00f4t\u00e9 de l&rsquo;\u00e9glise (\u00e0 la place principale).<\/p>\n<p class=\"p8\">10 h 00 D\u00e9part du bateau au port de Palme Rubia. <span class=\"Apple-converted-space\">\u00a0 \u00a0<\/span><\/p>\n<p class=\"p8\">17 h 00 D\u00e9part de Cayo Levisa.<\/p>\n<p class=\"p8\">12 h 00-14 h 00 Temps de manger le d\u00e9jeuner dans le restaurant (buffet \u00e0 c\u00f4t\u00e9 de la plage).<\/p>\n<p class=\"p8\">19 h 00 Voyage de retour \u00e0 Vinales.<\/p>\n<p class=\"p8\"><b>Le prix comprend:<\/b><\/p>\n<ul>\n<li class=\"p8\">Transports en bus.<\/li>\n<li class=\"p8\">\u00a0D\u00e9jeuner (buffet dans le restaurant \u00e0 la plage).<\/li>\n<li class=\"p8\">\u00a0Transports en bateau. <span class=\"Apple-converted-space\">\u00a0 \u00a0<\/span><\/li>\n<\/ul>\n<p class=\"p3\"><b>DES PRIX<\/b><\/p>\n<ul>\n<li class=\"p3\">\u00a01 personne : 55 \u20ac<\/li>\n<li class=\"p3\">\u00a02 personnes : 95 \u20ac<\/li>\n<li class=\"p3\">\u00a03 personnes : 140 \u20ac<\/li>\n<li class=\"p3\">\u00a04 personnes : 185 \u20ac<\/li>\n<li class=\"p3\">\u00a05 personnes : 230 \u20ac<a href=\"https:\/\/www.sunnyvinalestour.com\/fr\/reservation\/\"><img loading=\"lazy\" decoding=\"async\" class=\"aligncenter wp-image-6528 size-trx_addons-thumb-avatar\" src=\"https:\/\/www.sunnyvinalestour.com\/wp-content\/uploads\/Captura-de-Pantalla-2021-10-30-a-las-21.30.29-370x112.png\" alt=\"\" width=\"370\" height=\"112\" \/><\/a><\/li>\n<\/ul>\n<h2 class=\"p6\">Tour16 Plage Ancon en partant de Trinidad<\/h2>\n<p class=\"p8\"><img loading=\"lazy\" decoding=\"async\" class=\"size-full wp-image-1876 aligncenter\" src=\"https:\/\/www.sunnyvinalestour.com\/\/wp-content\/uploads\/traslado-playa-ancon.jpg\" sizes=\"auto, (max-width: 1440px) 100vw, 1440px\" srcset=\"https:\/\/www.sunnyvinalestour.com\/\/wp-content\/uploads\/traslado-playa-ancon.jpg 1440w, https:\/\/www.sunnyvinalestour.com\/\/wp-content\/uploads\/traslado-playa-ancon-300x102.jpg 300w, https:\/\/www.sunnyvinalestour.com\/\/wp-content\/uploads\/traslado-playa-ancon-768x262.jpg 768w, https:\/\/www.sunnyvinalestour.com\/\/wp-content\/uploads\/traslado-playa-ancon-1024x349.jpg 1024w\" alt=\"\" width=\"1440\" height=\"491\" \/><\/p>\n<p class=\"p8\">Faites une excursion \u00e0 la Plage Ancon en partant de Trinidad et nous vous offrons un voyage d\u2019aller-retour avec notre \u00e9quipe de taxis priv\u00e9s, d\u00e9di\u00e9 \u00e0 offrir une grande vari\u00e9t\u00e9 d&rsquo;exp\u00e9riences dans tout Cuba, rejoindrez nous et profitez un grand jour de plage avec notre \u00e9quipe. <span class=\"Apple-converted-space\">\u00a0 \u00a0<\/span><\/p>\n<h4 class=\"p8\"><b>Des observations <span class=\"Apple-converted-space\">\u00a0 \u00a0<\/span><\/b><\/h4>\n<ul>\n<li class=\"p8\">L&rsquo;heure de commencer\u00a0: 9 h 00 de votre adresse de Airbnb ou H\u00f4tel. <span class=\"Apple-converted-space\">\u00a0 \u00a0<\/span><\/li>\n<li class=\"p8\">Et l&rsquo;heure de retour 17 h 00 jusqu\u2019au lieu de d\u00e9part. <span class=\"Apple-converted-space\">\u00a0 \u00a0<\/span><\/li>\n<li class=\"p3\">Prix \u200b\u200b: De 1 \u00e0 4 personnes 50 \u20ac ! Le prix comprend chaque taxi, c\u2019est ne pas pour personne ! Selon la taille de votre groupe, le prix peut varier.<\/li>\n<\/ul>\n<p class=\"p3\"><b><a href=\"https:\/\/www.sunnyvinalestour.com\/fr\/reservation\/\"><img loading=\"lazy\" decoding=\"async\" class=\"aligncenter wp-image-6528 size-trx_addons-thumb-avatar\" src=\"https:\/\/www.sunnyvinalestour.com\/wp-content\/uploads\/Captura-de-Pantalla-2021-10-30-a-las-21.30.29-370x112.png\" alt=\"\" width=\"370\" height=\"112\" \/><\/a><\/b><\/p>\n<p class=\"p3\"><b>Ne l\u2019oublie pas! Si vous avez besoin d&rsquo;un service de taxi uniquement pour un certain type de transfert, on vous aidera aussi. <\/b><span class=\"s1\"><b>Trouvez-le ici!<\/b><\/span><\/p>\n","protected":false},"excerpt":{"rendered":"<p>Tour6 Varadero en partant de La Havane! Vous aimez les plages ? Ceux de Cuba sont parmi des plus beaux des Cara\u00efbes, et ceux de Varadero ! Elles sont un&hellip;<\/p>\n","protected":false},"author":1,"featured_media":2682,"parent":0,"menu_order":0,"comment_status":"closed","ping_status":"closed","template":"","meta":{"footnotes":""},"class_list":["post-3277","page","type-page","status-publish","has-post-thumbnail","hentry"],"_links":{"self":[{"href":"https:\/\/www.sunnyvinalestour.com\/fr\/wp-json\/wp\/v2\/pages\/3277","targetHints":{"allow":["GET"]}}],"collection":[{"href":"https:\/\/www.sunnyvinalestour.com\/fr\/wp-json\/wp\/v2\/pages"}],"about":[{"href":"https:\/\/www.sunnyvinalestour.com\/fr\/wp-json\/wp\/v2\/types\/page"}],"author":[{"embeddable":true,"href":"https:\/\/www.sunnyvinalestour.com\/fr\/wp-json\/wp\/v2\/users\/1"}],"replies":[{"embeddable":true,"href":"https:\/\/www.sunnyvinalestour.com\/fr\/wp-json\/wp\/v2\/comments?post=3277"}],"version-history":[{"count":13,"href":"https:\/\/www.sunnyvinalestour.com\/fr\/wp-json\/wp\/v2\/pages\/3277\/revisions"}],"predecessor-version":[{"id":6873,"href":"https:\/\/www.sunnyvinalestour.com\/fr\/wp-json\/wp\/v2\/pages\/3277\/revisions\/6873"}],"wp:featuredmedia":[{"embeddable":true,"href":"https:\/\/www.sunnyvinalestour.com\/fr\/wp-json\/wp\/v2\/media\/2682"}],"wp:attachment":[{"href":"https:\/\/www.sunnyvinalestour.com\/fr\/wp-json\/wp\/v2\/media?parent=3277"}],"curies":[{"name":"wp","href":"https:\/\/api.w.org\/{rel}","templated":true}]}}