{"id":3280,"date":"2020-07-08T16:14:44","date_gmt":"2020-07-08T16:14:44","guid":{"rendered":"https:\/\/www.sunnyvinalestour.com\/\/?page_id=3280"},"modified":"2024-03-08T22:21:09","modified_gmt":"2024-03-08T22:21:09","slug":"tour-de-la-baie-des-cochons","status":"publish","type":"page","link":"https:\/\/www.sunnyvinalestour.com\/fr\/tour-de-la-baie-des-cochons\/","title":{"rendered":"Baie des Cochons + Guama"},"content":{"rendered":"<h2>Voyage: Tour de la Baie des Cochons [Bay of Pigs]<\/h2>\n<p><img loading=\"lazy\" decoding=\"async\" class=\"aligncenter size-full wp-image-1394\" src=\"https:\/\/www.sunnyvinalestour.com\/\/wp-content\/uploads\/bay-of-pigs-1.jpg\" alt=\"\" width=\"2500\" height=\"1670\" srcset=\"https:\/\/www.sunnyvinalestour.com\/wp-content\/uploads\/bay-of-pigs-1.jpg 2500w, https:\/\/www.sunnyvinalestour.com\/wp-content\/uploads\/bay-of-pigs-1-600x401.jpg 600w, https:\/\/www.sunnyvinalestour.com\/wp-content\/uploads\/bay-of-pigs-1-300x200.jpg 300w, https:\/\/www.sunnyvinalestour.com\/wp-content\/uploads\/bay-of-pigs-1-768x513.jpg 768w, https:\/\/www.sunnyvinalestour.com\/wp-content\/uploads\/bay-of-pigs-1-1024x684.jpg 1024w\" sizes=\"auto, (max-width: 2500px) 100vw, 2500px\" \/><\/p>\n<p><strong>Le voyage commence et se termine \u00e0 La Havane ou \u00e0 Varadero sur votre lieu d&rsquo;h\u00e9bergement. La baie des Cochons est un lieu d&rsquo;importance historique et environnementale sur la carte de Cuba. Cette r\u00e9serve de biosph\u00e8re de l&rsquo;UNESCO est un lieu privil\u00e9gi\u00e9 pour observer les oiseaux, admirer la partie non commercialis\u00e9e de Cuba et rencontrer des esp\u00e8ces animales end\u00e9miques. Assurez-vous de prendre un masque ou des lunettes de plong\u00e9 et un maillot de bain avec vous!<\/strong><\/p>\n<h4>Activit\u00e9s:<\/h4>\n<ul>\n<li>Ferme aux crocodiles (Criadero de cocodrillos).<\/li>\n<li>Visite d\u2019une r\u00e9plique du village indien Guama en vedette rapide.<\/li>\n<li>Playa Larga<\/li>\n<li>Grotte magique des poissons de 70 m\u00e8tres (Cueva de los Peces).<\/li>\n<li>C\u00f4te de la Baie des Cochons.<\/li>\n<\/ul>\n<p>Le voyage commence \u00e0 7 heures du matin sur le lieu de votre h\u00e9bergement \u00e0 La Havane ou \u00e0 Varadero. Retour au m\u00eame endroit vers 19h.<\/p>\n<h4>PRIX:<\/h4>\n<p>Prix pour 1-4 personnes: <strong>230\u20ac<\/strong><\/p>\n<p><strong>Attention!<\/strong> Le prix n&rsquo;inclut pas les billets d&rsquo;entr\u00e9e!<\/p>\n<h1><a href=\"https:\/\/www.sunnyvinalestour.com\/fr\/reservation\/\"><img loading=\"lazy\" decoding=\"async\" class=\"aligncenter wp-image-6528 size-trx_addons-thumb-small\" src=\"https:\/\/www.sunnyvinalestour.com\/wp-content\/uploads\/Captura-de-Pantalla-2021-10-30-a-las-21.30.29-270x112.png\" alt=\"\" width=\"270\" height=\"112\" \/><\/a><\/h1>\n","protected":false},"excerpt":{"rendered":"<p>Voyage: Tour de la Baie des Cochons [Bay of Pigs] Le voyage commence et se termine \u00e0 La Havane ou \u00e0 Varadero sur votre lieu d&rsquo;h\u00e9bergement. La baie des Cochons&hellip;<\/p>\n","protected":false},"author":1,"featured_media":1800,"parent":0,"menu_order":0,"comment_status":"closed","ping_status":"closed","template":"","meta":{"footnotes":""},"class_list":["post-3280","page","type-page","status-publish","has-post-thumbnail","hentry"],"_links":{"self":[{"href":"https:\/\/www.sunnyvinalestour.com\/fr\/wp-json\/wp\/v2\/pages\/3280","targetHints":{"allow":["GET"]}}],"collection":[{"href":"https:\/\/www.sunnyvinalestour.com\/fr\/wp-json\/wp\/v2\/pages"}],"about":[{"href":"https:\/\/www.sunnyvinalestour.com\/fr\/wp-json\/wp\/v2\/types\/page"}],"author":[{"embeddable":true,"href":"https:\/\/www.sunnyvinalestour.com\/fr\/wp-json\/wp\/v2\/users\/1"}],"replies":[{"embeddable":true,"href":"https:\/\/www.sunnyvinalestour.com\/fr\/wp-json\/wp\/v2\/comments?post=3280"}],"version-history":[{"count":9,"href":"https:\/\/www.sunnyvinalestour.com\/fr\/wp-json\/wp\/v2\/pages\/3280\/revisions"}],"predecessor-version":[{"id":7888,"href":"https:\/\/www.sunnyvinalestour.com\/fr\/wp-json\/wp\/v2\/pages\/3280\/revisions\/7888"}],"wp:featuredmedia":[{"embeddable":true,"href":"https:\/\/www.sunnyvinalestour.com\/fr\/wp-json\/wp\/v2\/media\/1800"}],"wp:attachment":[{"href":"https:\/\/www.sunnyvinalestour.com\/fr\/wp-json\/wp\/v2\/media?parent=3280"}],"curies":[{"name":"wp","href":"https:\/\/api.w.org\/{rel}","templated":true}]}}