{"id":5781,"date":"2021-09-28T17:04:31","date_gmt":"2021-09-28T17:04:31","guid":{"rendered":"https:\/\/www.sunnyvinalestour.com\/?page_id=5781"},"modified":"2022-12-25T20:22:50","modified_gmt":"2022-12-25T20:22:50","slug":"la-niche-plus-autre-chose","status":"publish","type":"page","link":"https:\/\/www.sunnyvinalestour.com\/fr\/la-niche-plus-autre-chose\/","title":{"rendered":"La niche plus Cienfuegos"},"content":{"rendered":"<h3>En partant de: La Havane, Varadero, Cayo Santa Mar\u00eda ou Trinidad.<img loading=\"lazy\" decoding=\"async\" class=\"size-full wp-image-1857 aligncenter\" src=\"https:\/\/www.sunnyvinalestour.com\/\/wp-content\/uploads\/91013202_2707133736063116_1729143486793383936_n.jpg\" alt=\"\" width=\"1200\" height=\"628\" srcset=\"https:\/\/www.sunnyvinalestour.com\/wp-content\/uploads\/91013202_2707133736063116_1729143486793383936_n.jpg 1200w, https:\/\/www.sunnyvinalestour.com\/wp-content\/uploads\/91013202_2707133736063116_1729143486793383936_n-600x314.jpg 600w, https:\/\/www.sunnyvinalestour.com\/wp-content\/uploads\/91013202_2707133736063116_1729143486793383936_n-300x157.jpg 300w, https:\/\/www.sunnyvinalestour.com\/wp-content\/uploads\/91013202_2707133736063116_1729143486793383936_n-768x402.jpg 768w, https:\/\/www.sunnyvinalestour.com\/wp-content\/uploads\/91013202_2707133736063116_1729143486793383936_n-1024x536.jpg 1024w\" sizes=\"auto, (max-width: 1200px) 100vw, 1200px\" \/><\/h3>\n<p class=\"p3\">Profitez deux des villes coloniales les plus belles et charmantes de Cuba qui appartient a la r\u00e9gion centrale. Avec une excursion d\u2019un jour ! Architecture, Culture, Histoire et Nature c\u2019est une combinaison parfaite pour faire dans une journ\u00e9e. Le climat des villes de Cuba est tr\u00e8s vibrant avec des couleurs et de l\u2019\u00e9nergie.<\/p>\n<p class=\"p3\">Cienfuegos, m\u00eame connue comme la Pearl du Sud, a \u00e9t\u00e9 fond\u00e9 par les fran\u00e7ais l\u2019Anne 1919 et c\u2019est une ville id\u00e9ale pour appr\u00e9cier l\u2019architecture n\u00e9oclassique. C\u2032est une ville laquelle a \u00e9t\u00e9 construit au bout d\u2019une des belles baies du Caribe. <span class=\"Apple-converted-space\">\u00a0<\/span><\/p>\n<p class=\"p3\">Trinidad c\u2019est la ville qui vous permettra voyager dans les temps gr\u00e2ce \u00e0 ses constructions qui se trouvent encore tr\u00e8s bien conserv\u00e9es. C\u2019\u00e9tait la troisi\u00e8me ville fonde par les espagnoles et c\u2019\u00e9tait d\u00e9clar\u00e9 Patrimoine de La Humanit\u00e9 pour l&rsquo;Unesco en 1988.<span class=\"Apple-converted-space\">\u00a0 \u00a0 \u00a0<\/span><\/p>\n<p class=\"p4\">Le voyage, en effet les distances les plus \u00e9tendues, seront jusque pour y arriv\u00e9e \u00e0 la ville de Cienfuegos, et apr\u00e8s ils seront seulement 46 plus de kms. C&rsquo;est une excursion touchante vers le Parc La Niche, qui c&rsquo;est un lieu impressionnant avec des sauts d&rsquo;eau, des cascades et des piscines naturels. Profitez le beau paysage des montagnes de l&rsquo;Escambray, oiseaux exclusifs, flore end\u00e9mique, randonn\u00e9e, cavernes et des lieux ruraux. Arr\u00eatez dans la ville rurale de Crucecitas avec un belv\u00e9d\u00e8re naturel, le point le plus haut du voyage (655 m\u00e8tres sur le niveau de la mer): temps de prendre des photos. L\u2019observation de la hauteur la plus pro\u00e9minente du centre et occident du pays, le Pic San Juan, avec 1156 m\u00e8tres sur le niveau de la mer. Apres d\u2019avoir arriv\u00e9 \u00e0 La Niche on fera une promenade \u00e0 la Caverne le Chauve, les \u00c9tendus Cascades et les Piscines de Vitre. On profitera un bain dans la Flaque d&rsquo;eau du Pont et dans la Cascade des Trois Souhaits, en plus d\u2019une d\u00e9licieuse place pour les observations de quelques oiseaux. <span class=\"Apple-converted-space\">\u00a0 \u00a0<\/span><\/p>\n<h4 class=\"p3\"><b>Les horaires pour chaque type d&rsquo;excursion.<\/b><\/h4>\n\n<table id=\"tablepress-7\" class=\"tablepress tablepress-id-7\">\n<thead>\n<tr class=\"row-1\">\n\t<th class=\"column-1\">Direcciones de salidas <\/th><th class=\"column-2\">Hora de inicio <\/th><th class=\"column-3\">Hora de primera pausa<\/th><th class=\"column-4\">Hora de llegada al destino<\/th><th class=\"column-5\">Hora estimada de regreso al Hotel<\/th>\n<\/tr>\n<\/thead>\n<tbody class=\"row-striping row-hover\">\n<tr class=\"row-2\">\n\t<td class=\"column-1\">Habana <\/td><td class=\"column-2\">6:15 am <\/td><td class=\"column-3\">10:00 am <\/td><td class=\"column-4\">1:40 pm <\/td><td class=\"column-5\">9:00 pm<\/td>\n<\/tr>\n<tr class=\"row-3\">\n\t<td class=\"column-1\">Varadero<\/td><td class=\"column-2\">6:30 am<\/td><td class=\"column-3\">9:30 am<\/td><td class=\"column-4\">12:30 am<\/td><td class=\"column-5\">8:00 pm<\/td>\n<\/tr>\n<tr class=\"row-4\">\n\t<td class=\"column-1\">Cayo Santa Maria <\/td><td class=\"column-2\">6:45 am<\/td><td class=\"column-3\">11:15 am<\/td><td class=\"column-4\">12:30 am<\/td><td class=\"column-5\">7:45 pm<\/td>\n<\/tr>\n<tr class=\"row-5\">\n\t<td class=\"column-1\">Cayo Coco<\/td><td class=\"column-2\">6:00 am<\/td><td class=\"column-3\">No se recomienda <\/td><td class=\"column-4\">10:15 am<\/td><td class=\"column-5\">8:00 pm <\/td>\n<\/tr>\n<\/tbody>\n<\/table>\n\n<h4 class=\"p4\"><b>L&rsquo;itin\u00e9raire: <span class=\"Apple-converted-space\">\u00a0 \u00a0<\/span><\/b><\/h4>\n<p class=\"p4\">D\u00e9part de votre H\u00f4tel \u00e0 7 h 00 et on termine \u00e0 20 h 00 plus ou moins, on fait une boucle.<\/p>\n<p class=\"p4\">La premi\u00e8re arr\u00eate c\u2019est \u00e0 Cienfuegos. Profitez d\u2019un voyage dynamique et prendre plaisir \u00e0 regarder: <span class=\"Apple-converted-space\">\u00a0 \u00a0<\/span><\/p>\n<p class=\"p4\"><b>LE PROGRAMME <span class=\"Apple-converted-space\">\u00a0<\/span><\/b><\/p>\n<ul class=\"ul1\">\n<li class=\"li6\">Le Th\u00e9\u00e2tre Tomas Terry. <span class=\"Apple-converted-space\">\u00a0 \u00a0<\/span><\/li>\n<li class=\"li6\">La Cath\u00e9drale du Celaya.<\/li>\n<li class=\"li6\">Parc central Jos\u00e9 Mart\u00ed. <span class=\"Apple-converted-space\">\u00a0 \u00a0<\/span><\/li>\n<li class=\"li6\">Jet\u00e9e de la Ville.<\/li>\n<li class=\"li6\">Palais de la Vall\u00e9e. <span class=\"Apple-converted-space\">\u00a0 \u00a0<\/span><\/li>\n<\/ul>\n<p class=\"p4\"><b>La deuxi\u00e8me arr\u00eate c\u2019est au Parc La Niche.<\/b><\/p>\n<ul class=\"ul1\">\n<li class=\"li6\">O\u00f9 on fait une balade \u00e0 pied dont on peut prendre une baignade dans les diff\u00e9rentes piscines d&rsquo;eau tr\u00e8s propre et cristalline. <span class=\"Apple-converted-space\">\u00a0 \u00a0<\/span><\/li>\n<li class=\"li6\">Apr\u00e8s on mangera un d\u00e9jeuner d\u00e9licieux \u00e0 la fin du voyage dans un des restaurants de la r\u00e9gion. <span class=\"Apple-converted-space\">\u00a0 \u00a0<\/span><\/li>\n<\/ul>\n<h4 class=\"p3\"><b>LISTE DE PRIX DE CHAQUE EXCURSION!<\/b><\/h4>\n<p class=\"p3\">Prix \u200b\u200b: La Niche et Cienfuegos en partant de La Havane : De 1 \u00e0 3 personnes 340 \u20ac (Cette offre a un guide compris)<\/p>\n<p class=\"p3\">Prix: La Niche et Cienfuegos de Varadero: De 1 \u00e0 3 personnes 320 \u20ac (Cette offre a un guide compris)<\/p>\n<p class=\"p3\">Prix \u200b\u200b: La Niche de Trinidad. De 1 \u00e0 3 personnes 175 \u20ac (Cette offre ne comprend pas la visite de la ville de Cienfuegos)<\/p>\n<p class=\"p3\">Prix: La Niche, Remedios, Cienfuegos et apr\u00e8s Cayo Santa Mar\u00eda. De 1 \u00e0 3 personnes 240 \u20ac (Cette offre est avec un guide compris)<\/p>\n<p class=\"p3\">Prix: La Niche, Remedios et Trinidad depuis Cayo Santa Maria : De 1 \u00e0 3 personnes 240 \u20ac. (Cette offre ne comprend pas la visite de la ville de Cienfuegos)<\/p>\n<p class=\"p3\"><b>La meilleure offre : La Niche &#8211; Cienfuegos et Santa Clara [Tour d\u2019un jour] en commen\u00e7ant par Cayo<\/b><\/p>\n<p class=\"p3\"><b>Sainte Marie. De 1 \u00e0 3 personnes &#8211; 310 \u20ac.<\/b><\/p>\n<p class=\"p3\"><b>Qu&rsquo;est-ce qu\u2019il y a compris :<\/b><\/p>\n<p class=\"p3\">\u2022 Transport en taxi et guide!<\/p>\n<p class=\"p4\"><b>DES OBSERVATIONS <span class=\"Apple-converted-space\">\u00a0 \u00a0<\/span><\/b><\/p>\n<p class=\"p4\">\u2022 Le voyage est compl\u00e8tement priv\u00e9, car le voyage est plus int\u00e9ressant et agr\u00e9able pour vous. <span class=\"Apple-converted-space\">\u00a0 \u00a0<\/span><\/p>\n<p class=\"p4\">\u2022 Les billets d&rsquo;entr\u00e9es aux lieus diff\u00e9rentes \u00e0 visiter ne sont pas compris dans le prix!<\/p>\n<p class=\"p4\">\u2022 Les billets d&rsquo;entr\u00e9e \u00e0 La Niche ont un prix de 10 <strong>\u20ac<\/strong> par personne et 5 <strong>\u20ac<\/strong> pour les enfants plus petit de 11 ans. Et nous pouvons organiser des groupes de jusqu&rsquo;\u00e0 10 personnes. <span class=\"Apple-converted-space\">\u00a0 \u00a0<\/span><\/p>\n<p class=\"p3\"><b>Si vous avez besoin d&rsquo;un service de taxi uniquement pour un certain type de transfert, on vous aidera aussi. <\/b><span class=\"s2\"><b>Trouvez-le ici!<\/b><\/span><\/p>\n<p><img loading=\"lazy\" decoding=\"async\" class=\"size-trx_addons-thumb-small wp-image-6528 aligncenter\" src=\"https:\/\/www.sunnyvinalestour.com\/wp-content\/uploads\/Captura-de-Pantalla-2021-10-30-a-las-21.30.29-270x112.png\" alt=\"\" width=\"270\" height=\"112\" \/><\/p>\n","protected":false},"excerpt":{"rendered":"<p>En partant de: La Havane, Varadero, Cayo Santa Mar\u00eda ou Trinidad. Profitez deux des villes coloniales les plus belles et charmantes de Cuba qui appartient a la r\u00e9gion centrale. Avec&hellip;<\/p>\n","protected":false},"author":1,"featured_media":1859,"parent":0,"menu_order":0,"comment_status":"closed","ping_status":"closed","template":"","meta":{"footnotes":""},"class_list":["post-5781","page","type-page","status-publish","has-post-thumbnail","hentry"],"_links":{"self":[{"href":"https:\/\/www.sunnyvinalestour.com\/fr\/wp-json\/wp\/v2\/pages\/5781","targetHints":{"allow":["GET"]}}],"collection":[{"href":"https:\/\/www.sunnyvinalestour.com\/fr\/wp-json\/wp\/v2\/pages"}],"about":[{"href":"https:\/\/www.sunnyvinalestour.com\/fr\/wp-json\/wp\/v2\/types\/page"}],"author":[{"embeddable":true,"href":"https:\/\/www.sunnyvinalestour.com\/fr\/wp-json\/wp\/v2\/users\/1"}],"replies":[{"embeddable":true,"href":"https:\/\/www.sunnyvinalestour.com\/fr\/wp-json\/wp\/v2\/comments?post=5781"}],"version-history":[{"count":7,"href":"https:\/\/www.sunnyvinalestour.com\/fr\/wp-json\/wp\/v2\/pages\/5781\/revisions"}],"predecessor-version":[{"id":7350,"href":"https:\/\/www.sunnyvinalestour.com\/fr\/wp-json\/wp\/v2\/pages\/5781\/revisions\/7350"}],"wp:featuredmedia":[{"embeddable":true,"href":"https:\/\/www.sunnyvinalestour.com\/fr\/wp-json\/wp\/v2\/media\/1859"}],"wp:attachment":[{"href":"https:\/\/www.sunnyvinalestour.com\/fr\/wp-json\/wp\/v2\/media?parent=5781"}],"curies":[{"name":"wp","href":"https:\/\/api.w.org\/{rel}","templated":true}]}}