{"id":5788,"date":"2021-09-28T17:16:36","date_gmt":"2021-09-28T17:16:36","guid":{"rendered":"https:\/\/www.sunnyvinalestour.com\/?page_id=5788"},"modified":"2021-11-04T12:00:09","modified_gmt":"2021-11-04T12:00:09","slug":"vinales-de-varadero","status":"publish","type":"page","link":"https:\/\/www.sunnyvinalestour.com\/fr\/vinales-de-varadero\/","title":{"rendered":"Vi\u00f1ales de Varadero"},"content":{"rendered":"<p><iframe loading=\"lazy\" src=\"https:\/\/www.youtube.com\/embed\/hAFcRwmWMeo?ecver=2\" width=\"640\" height=\"360\" frameborder=\"0\" allowfullscreen=\"allowfullscreen\" data-mce-fragment=\"1\"><\/iframe><\/p>\n<p class=\"p1\">Pendant ce voyage vous pouvez voir un lieu dont vous ne pouvez pas aller en voiture! Avec nous vous pouvez visiter la Vall\u00e9e de Vinales \u00e0 cheval ou \u00e0 pied.<span class=\"Apple-converted-space\">\u00a0 \u00a0<\/span><\/p>\n<p class=\"p1\">Est-ce que c\u2019est votre premi\u00e8re fois \u00e0 cheval? Il n\u2019y a pas de probl\u00e8me! Vous l&rsquo;aimerez! Vous n&rsquo;en avez pas besoin de exp\u00e9rience! Notre guide professionnel vous apprendra tout! <span class=\"Apple-converted-space\">\u00a0 \u00a0<\/span><\/p>\n<p class=\"p1\">IMPORTANT: Si vous pr\u00e9f\u00e9rez la promenade \u00e0 pied et pas mont\u00e9 \u00e0 cheval, Il n\u2019y a pas de probl\u00e8me! Nous l\u2019organiserons pour vous! Nous vous donnons l&rsquo;opportunit\u00e9 d&rsquo;un plaisir \u00e0 pl\u00e9nitude qui vous ne voudrez pas que ce moment la finisse \u00e0 la fin du jour. Nous vous donnons une exp\u00e9rience unique et exclusive car tout le travail qui r\u00e9alise cette \u00e9quipe est bas\u00e9 dans le travail et des ann\u00e9es exp\u00e9riment\u00e9 des grandes exp\u00e9riences de toute notre famille. Nous sommes une \u00e9quipe forg\u00e9e par une famille et \u00e7a c\u2019est ce qu\u2019il nous fait \u00eatre uniques. <span class=\"Apple-converted-space\">\u00a0 \u00a0<\/span><\/p>\n<p class=\"p1\"><b>PROGRAMME DU JOUR: <span class=\"Apple-converted-space\">\u00a0 \u00a0<\/span><\/b><\/p>\n<ul>\n<li class=\"p1\">6 h 00 On commence \u00e0 Varadero, le d\u00e9part de chez vous &#8211; h\u00f4tel ou logement priv\u00e9. <span class=\"Apple-converted-space\">\u00a0 \u00a0<\/span><\/li>\n<li class=\"p1\">8 h 00 Une vue impressionnante sur Le Pont de Bacunayagua.<\/li>\n<li class=\"p1\">11 h 30 Vinales &#8211; c&rsquo;est le moment d&rsquo;une excursion \u00e0 cheval ou promenade de: (2 h).<\/li>\n<li class=\"p1\">Ici vous serez capable de visite et aimer des plantations de tabac et caf\u00e9. Vous pouvez voir comme les Cubains roulent des cigares et essayer aussi de fumer! Quoi de plus nous verrons? La plantation de caf\u00e9 et nous pouvons d\u00e9guster la savoure d\u2019un vrai caf\u00e9 cubain. <span class=\"Apple-converted-space\">\u00a0 \u00a0<\/span><\/li>\n<li class=\"p1\">13 h 30 C&rsquo;est le moment d&rsquo;un d\u00eener d\u00e9licieux et \u00e9cologique avec une vue excellente de toute la Vall\u00e9e de Vinales.<\/li>\n<li class=\"p1\">14 h 30 Jardin botanique \u00e0 Vinales.<\/li>\n<li class=\"p1\">15 h 00 Peinture Pr\u00e9historique.<\/li>\n<li class=\"p1\">16 h 00 La vue impressionnante de l&rsquo;H\u00f4tel Les Jasmins.<\/li>\n<li class=\"p1\">20 h 30 On arrive \u00e0 Varadero.<\/li>\n<\/ul>\n<p class=\"p4\"><b>VOICI LES PRIX &#8211; TOUT COMPRIS !<\/b><\/p>\n<ul>\n<li><strong>1-2 personnes &#8211; 375 \u20ac<\/strong><\/li>\n<li><strong>3 personnes &#8211; 395 \u20ac<\/strong><\/li>\n<li><strong>4 personnes &#8211; 420 \u20ac<\/strong><\/li>\n<li><strong>5 personnes &#8211; 450 \u20ac<\/strong><\/li>\n<\/ul>\n<p>&nbsp;<\/p>\n<p>&nbsp;<\/p>\n<p><img loading=\"lazy\" decoding=\"async\" class=\"aligncenter size-full wp-image-93\" src=\"http:\/\/www.sunnyvinalestour.com\/\/wp-content\/uploads\/2017\/06\/horseriding_vinales_sunny.png\" alt=\"\" width=\"820\" height=\"312\" \/><\/p>\n<p><img loading=\"lazy\" decoding=\"async\" class=\"aligncenter size-full wp-image-203\" src=\"http:\/\/www.sunnyvinalestour.com\/\/wp-content\/uploads\/bacanayagua.png\" alt=\"\" width=\"900\" height=\"471\" \/><\/p>\n<p><img loading=\"lazy\" decoding=\"async\" class=\"aligncenter size-full wp-image-202\" src=\"http:\/\/www.sunnyvinalestour.com\/\/wp-content\/uploads\/vinales.png\" alt=\"\" width=\"900\" height=\"471\" \/><\/p>\n<p>&nbsp;<\/p>\n<p><img loading=\"lazy\" decoding=\"async\" class=\"aligncenter size-full wp-image-204\" src=\"http:\/\/www.sunnyvinalestour.com\/\/wp-content\/uploads\/mural.png\" alt=\"\" width=\"900\" height=\"471\" \/><\/p>\n<p>&nbsp;<\/p>\n<p><img loading=\"lazy\" decoding=\"async\" class=\"aligncenter size-full wp-image-541\" src=\"http:\/\/www.sunnyvinalestour.com\/\/wp-content\/uploads\/vinales-7.jpg\" alt=\"\" width=\"1000\" height=\"1000\" \/><\/p>\n<p>&nbsp;<\/p>\n<h4 class=\"p4\"><b><a href=\"https:\/\/www.sunnyvinalestour.com\/fr\/reservation\/\"><img loading=\"lazy\" decoding=\"async\" class=\"aligncenter wp-image-6528 size-trx_addons-thumb-avatar\" src=\"https:\/\/www.sunnyvinalestour.com\/wp-content\/uploads\/Captura-de-Pantalla-2021-10-30-a-las-21.30.29-370x112.png\" alt=\"\" width=\"370\" height=\"112\" \/><\/a><\/b><\/h4>\n<h4 class=\"p4\"><b>Si vous avez besoin d&rsquo;un service de taxi uniquement pour un certain type de transfert, on vous aidera aussi. <\/b><span class=\"s1\"><b>Trouvez-le ici!<\/b><\/span><\/h4>\n","protected":false},"excerpt":{"rendered":"<p>Pendant ce voyage vous pouvez voir un lieu dont vous ne pouvez pas aller en voiture! Avec nous vous pouvez visiter la Vall\u00e9e de Vinales \u00e0 cheval ou \u00e0 pied.\u00a0&hellip;<\/p>\n","protected":false},"author":1,"featured_media":3014,"parent":0,"menu_order":0,"comment_status":"closed","ping_status":"closed","template":"","meta":{"footnotes":""},"class_list":["post-5788","page","type-page","status-publish","has-post-thumbnail","hentry"],"_links":{"self":[{"href":"https:\/\/www.sunnyvinalestour.com\/fr\/wp-json\/wp\/v2\/pages\/5788","targetHints":{"allow":["GET"]}}],"collection":[{"href":"https:\/\/www.sunnyvinalestour.com\/fr\/wp-json\/wp\/v2\/pages"}],"about":[{"href":"https:\/\/www.sunnyvinalestour.com\/fr\/wp-json\/wp\/v2\/types\/page"}],"author":[{"embeddable":true,"href":"https:\/\/www.sunnyvinalestour.com\/fr\/wp-json\/wp\/v2\/users\/1"}],"replies":[{"embeddable":true,"href":"https:\/\/www.sunnyvinalestour.com\/fr\/wp-json\/wp\/v2\/comments?post=5788"}],"version-history":[{"count":7,"href":"https:\/\/www.sunnyvinalestour.com\/fr\/wp-json\/wp\/v2\/pages\/5788\/revisions"}],"predecessor-version":[{"id":6722,"href":"https:\/\/www.sunnyvinalestour.com\/fr\/wp-json\/wp\/v2\/pages\/5788\/revisions\/6722"}],"wp:featuredmedia":[{"embeddable":true,"href":"https:\/\/www.sunnyvinalestour.com\/fr\/wp-json\/wp\/v2\/media\/3014"}],"wp:attachment":[{"href":"https:\/\/www.sunnyvinalestour.com\/fr\/wp-json\/wp\/v2\/media?parent=5788"}],"curies":[{"name":"wp","href":"https:\/\/api.w.org\/{rel}","templated":true}]}}