{"id":5799,"date":"2021-09-28T17:36:54","date_gmt":"2021-09-28T17:36:54","guid":{"rendered":"https:\/\/www.sunnyvinalestour.com\/?page_id=5799"},"modified":"2021-11-04T10:07:13","modified_gmt":"2021-11-04T10:07:13","slug":"excursion-a-collantes-topes","status":"publish","type":"page","link":"https:\/\/www.sunnyvinalestour.com\/fr\/excursion-a-collantes-topes\/","title":{"rendered":"Excursion \u00e0 Collantes Topes"},"content":{"rendered":"<h2 class=\"p1\">Excursion \u00e0 Topes de Collantes en partant de<\/h2>\n<p class=\"p3\"><b>CAYO SANTA MAR\u00cdA, TRINIDAD ET CIENFUEGOS.<span class=\"Apple-converted-space\">\u00a0<\/span><\/b><\/p>\n<div id=\"metaslider-id-3722\" style=\"max-width: 659px;\" class=\"ml-slider-3-107-0 metaslider metaslider-flex metaslider-3722 ml-slider has-dots-nav ms-theme-default\" role=\"region\" aria-label=\"Topes de Collantes\" data-height=\"380\" data-width=\"659\">\n    <div id=\"metaslider_container_3722\">\n        <div id=\"metaslider_3722\">\n            <ul class='slides'>\n                <li style=\"display: block; width: 100%;\" class=\"slide-3723 ms-image \" aria-roledescription=\"slide\" data-date=\"2020-07-21 10:39:23\" data-filename=\"sunnyvinalestour.com-topes-collate-659x380.jpg\" data-slide-type=\"image\"><img loading=\"lazy\" decoding=\"async\" src=\"https:\/\/www.sunnyvinalestour.com\/wp-content\/uploads\/sunnyvinalestour.com-topes-collate-659x380.jpg\" height=\"380\" width=\"659\" alt=\"\" class=\"slider-3722 slide-3723 msDefaultImage\" title=\"Topes de Collantes es el lugar ideal para quienes desean ver naturaleza.\" \/><div class=\"caption-wrap\"><div class=\"caption\">Topes de Collantes es el lugar ideal para quienes desean ver naturaleza.<\/div><\/div><\/li>\n                <li style=\"display: none; width: 100%;\" class=\"slide-3728 ms-image \" aria-roledescription=\"slide\" data-date=\"2020-07-21 11:04:43\" data-filename=\"topes-de-collantes-cuba-sunnyvinalestourcom--659x380.jpg\" data-slide-type=\"image\"><img loading=\"lazy\" decoding=\"async\" src=\"https:\/\/www.sunnyvinalestour.com\/wp-content\/uploads\/topes-de-collantes-cuba-sunnyvinalestourcom--659x380.jpg\" height=\"380\" width=\"659\" alt=\"\" class=\"slider-3722 slide-3728 msDefaultImage\" title=\"topes-de-collantes-cuba sunnyvinalestour:com\" \/><\/li>\n                <li style=\"display: none; width: 100%;\" class=\"slide-3737 ms-image \" aria-roledescription=\"slide\" data-date=\"2020-07-21 11:08:21\" data-filename=\"topes-de-collantes-cuba-sunnyvinalestour.com_-500x288.jpg\" data-slide-type=\"image\"><img loading=\"lazy\" decoding=\"async\" src=\"https:\/\/www.sunnyvinalestour.com\/wp-content\/uploads\/topes-de-collantes-cuba-sunnyvinalestour.com_-500x288.jpg\" height=\"380\" width=\"659\" alt=\"Sunnyvinalestour.com\" class=\"slider-3722 slide-3737 msDefaultImage\" title=\"topes collantes- cuba : sunnyvinalestour.com\" \/><\/li>\n                <li style=\"display: none; width: 100%;\" class=\"slide-3742 ms-image \" aria-roledescription=\"slide\" data-date=\"2020-07-21 11:08:42\" data-filename=\"Topes-de-Collantes-naturaleza-Cuba-659x380.jpg\" data-slide-type=\"image\"><img loading=\"lazy\" decoding=\"async\" src=\"https:\/\/www.sunnyvinalestour.com\/wp-content\/uploads\/Topes-de-Collantes-naturaleza-Cuba-659x380.jpg\" height=\"380\" width=\"659\" alt=\"\" class=\"slider-3722 slide-3742 msDefaultImage\" title=\"Topes-de-Collantes-naturaleza-Cuba\" \/><\/li>\n            <\/ul>\n        <\/div>\n        \n    <\/div>\n<\/div>\n<p class=\"p3\"><b>Le Paysage Naturel Prot\u00e9g\u00e9 Topes de Collantes<\/b>, c&rsquo;est une r\u00e9gion prot\u00e9g\u00e9e immense de Cuba, localis\u00e9 dans la partie centrale de l&rsquo;\u00eele, dans une r\u00e9gion c\u00e9l\u00e8bre connue comme <i>Topes de Collantes<\/i>, \u00e0 l&rsquo;int\u00e9rieur du groupe montagneuse Guamuhaya ou Sierra de l&rsquo;Escambray, \u00e0 la Provence cubain de Sancti Sp\u00edritus, localis\u00e9 \u00e0 quelque milles de la ville de Trinidad et la Vall\u00e9e des Moulins, les deux ont \u00e9t\u00e9 d\u00e9clar\u00e9 Patrimoine de La Humanit\u00e9 pour l&rsquo;Unesco en 1988. L\u2019excursion dans le parc est d&rsquo;approximativement 3 heures, toute la promenade jusqu&rsquo;\u00e0 arriver \u00e0 des cascades du lieu. Tout d\u00e9pend de la vitesse de notre voyage.<span class=\"Apple-converted-space\">\u00a0<\/span><\/p>\n<h2 class=\"p5\">Le programme du jour<\/h2>\n<ul>\n<li class=\"p3\">On commencera \u00e0 votre maison particuli\u00e8re \u00e0 Trinidad ou votre destination de s\u00e9jour. L&rsquo;heure de partir<span class=\"Apple-converted-space\">\u00a0 \u00a0 <\/span>ce peut \u00eatre toujours flexible, mais nous vous recommandons commencer \u00e0 8 h 30. <span class=\"Apple-converted-space\">\u00a0 \u00a0<\/span><\/li>\n<li class=\"p3\">On ira en Taxi qui sera compl\u00e8tement priv\u00e9, jusqu&rsquo;\u00e0 arriver au belv\u00e9d\u00e8re dont on fera notre premi\u00e8re arr\u00eate. L\u00e0 nous serons pour faire des photos un temps de pas plus de 10 minutes. <span class=\"Apple-converted-space\">\u00a0 \u00a0<\/span><\/li>\n<li class=\"p3\">Apres on fera une promenade vers les champs et les trajectoires jusqu&rsquo;\u00e0 arriver \u00e0 l&rsquo;entr\u00e9e du parc<span class=\"Apple-converted-space\">\u00a0 \u00a0 <\/span>appel\u00e9 &#8211; Topes de Collantes, localis\u00e9 dans la Sierra de l&rsquo;Escambray. Pour faire la promenade vers les cascades. L\u00e0-bas si vous pr\u00e9f\u00e9rez vous pouvez prendre une pause d\u00e9licieuse et profiter d&rsquo;une baignade dans la cascade avant de mettre la direction de retour au point du commencement. <span class=\"Apple-converted-space\">\u00a0 \u00a0<\/span><\/li>\n<li class=\"p3\">Pour finir le jour on prendra une fois de plus le taxi qui nous ram\u00e8nera de retour \u00e0 la belle ville de Trinidad ou l&rsquo;h\u00f4tel d&rsquo;o\u00f9 on a \u00e9t\u00e9 commenc\u00e9 l\u2019excursion. <span class=\"Apple-converted-space\">\u00a0 \u00a0<\/span><\/li>\n<\/ul>\n<p class=\"p3\"><b>Des informations de Programme et prix <span class=\"Apple-converted-space\">\u00a0<\/span><\/b><\/p>\n<p><span class=\"Apple-converted-space\">\n<table id=\"tablepress-8\" class=\"tablepress tablepress-id-8\">\n<thead>\n<tr class=\"row-1\">\n\t<th class=\"column-1\">Departure Destinations<\/th><th class=\"column-2\">Departure times<\/th><th class=\"column-3\">Arrival time at destination<\/th><th class=\"column-4\">Arrival time at your Hotel<\/th><th class=\"column-5\">Taxi price by destinations<\/th>\n<\/tr>\n<\/thead>\n<tbody class=\"row-striping row-hover\">\n<tr class=\"row-2\">\n\t<td class=\"column-1\">Cayo Santa Maria <\/td><td class=\"column-2\">8:00 am<\/td><td class=\"column-3\">11:10 am<\/td><td class=\"column-4\">7:30 pm <\/td><td class=\"column-5\">240 \u20ac<\/td>\n<\/tr>\n<tr class=\"row-3\">\n\t<td class=\"column-1\">Cienfuegos <\/td><td class=\"column-2\">9:30 am<\/td><td class=\"column-3\">11:00 am<\/td><td class=\"column-4\">5:00 pm<\/td><td class=\"column-5\">120 \u20ac<\/td>\n<\/tr>\n<tr class=\"row-4\">\n\t<td class=\"column-1\">Trinidad <\/td><td class=\"column-2\">10:00<\/td><td class=\"column-3\">10:45 <\/td><td class=\"column-4\">4:00 pm<\/td><td class=\"column-5\">65 \u20ac<\/td>\n<\/tr>\n<\/tbody>\n<\/table>\n \u00a0<\/span><\/p>\n<p class=\"p3\"><b>Les indications <span class=\"Apple-converted-space\">\u00a0 \u00a0<\/span><\/b><\/p>\n<ul>\n<li class=\"p3\">Prenez le maillot de bains, chaussures confortables pour marcher, de la cr\u00e8me solaire et quelque chose qui soit utile pour se prot\u00e9ger la t\u00eate du soleil. <span class=\"Apple-converted-space\">\u00a0 \u00a0<\/span><\/li>\n<li class=\"p3\">L&rsquo;entr\u00e9e au Parc coute 10 \u20ac par personne.<\/li>\n<li class=\"p3\">Le prix c\u2019est pour le taxi et pas pour les gens. Le prix de votre voyage sera selon la quantit\u00e9 de personnes dans le groupe. <span class=\"Apple-converted-space\">\u00a0 \u00a0<\/span><\/li>\n<li class=\"p3\">Il faut pr\u00e9parer quelque sandwich et fruits pour le voyage, si c&rsquo;est possible parce qu&rsquo;apr\u00e8s d\u2019avoir fait la baignade on a toujours faim. <span class=\"Apple-converted-space\">\u00a0 \u00a0<\/span><\/li>\n<li class=\"p3\">En partant pour le voyage de: Cayo Sainte Mar\u00eda si vous voulez faire une pause \u00e0 Santa Clara, vous pouvez! Mais vous devez l\u2019informer avec de l&rsquo;avance \u00e0 votre contact de coordination. <span class=\"Apple-converted-space\">\u00a0 \u00a0<\/span><\/li>\n<\/ul>\n<h6 class=\"p6\"><b>Le prix du voyage de 1 \u00e0 4 personnes en commen\u00e7ant par Trinidad c\u2019est 65\u20ac, le prix est pour le taxi et pas par personne!<\/b><\/h6>\n<p class=\"p6\"><b><a href=\"https:\/\/www.sunnyvinalestour.com\/fr\/reservation\/\"><img loading=\"lazy\" decoding=\"async\" class=\"aligncenter wp-image-6528 size-trx_addons-thumb-small\" src=\"https:\/\/www.sunnyvinalestour.com\/wp-content\/uploads\/Captura-de-Pantalla-2021-10-30-a-las-21.30.29-270x112.png\" alt=\"\" width=\"270\" height=\"112\" \/><\/a><\/b><\/p>\n<h4 class=\"p6\"><b>Si vous avez besoin d&rsquo;un service de taxi uniquement pour un certain type de transfert, on vous aidera aussi. <\/b><span class=\"s1\"><b>Trouvez-le ici!<\/b><\/span><\/h4>\n","protected":false},"excerpt":{"rendered":"<p>Excursion \u00e0 Topes de Collantes en partant de CAYO SANTA MAR\u00cdA, TRINIDAD ET CIENFUEGOS.\u00a0 Le Paysage Naturel Prot\u00e9g\u00e9 Topes de Collantes, c&rsquo;est une r\u00e9gion prot\u00e9g\u00e9e immense de Cuba, localis\u00e9 dans&hellip;<\/p>\n","protected":false},"author":1,"featured_media":3364,"parent":0,"menu_order":0,"comment_status":"closed","ping_status":"closed","template":"","meta":{"footnotes":""},"class_list":["post-5799","page","type-page","status-publish","has-post-thumbnail","hentry"],"_links":{"self":[{"href":"https:\/\/www.sunnyvinalestour.com\/fr\/wp-json\/wp\/v2\/pages\/5799","targetHints":{"allow":["GET"]}}],"collection":[{"href":"https:\/\/www.sunnyvinalestour.com\/fr\/wp-json\/wp\/v2\/pages"}],"about":[{"href":"https:\/\/www.sunnyvinalestour.com\/fr\/wp-json\/wp\/v2\/types\/page"}],"author":[{"embeddable":true,"href":"https:\/\/www.sunnyvinalestour.com\/fr\/wp-json\/wp\/v2\/users\/1"}],"replies":[{"embeddable":true,"href":"https:\/\/www.sunnyvinalestour.com\/fr\/wp-json\/wp\/v2\/comments?post=5799"}],"version-history":[{"count":9,"href":"https:\/\/www.sunnyvinalestour.com\/fr\/wp-json\/wp\/v2\/pages\/5799\/revisions"}],"predecessor-version":[{"id":6713,"href":"https:\/\/www.sunnyvinalestour.com\/fr\/wp-json\/wp\/v2\/pages\/5799\/revisions\/6713"}],"wp:featuredmedia":[{"embeddable":true,"href":"https:\/\/www.sunnyvinalestour.com\/fr\/wp-json\/wp\/v2\/media\/3364"}],"wp:attachment":[{"href":"https:\/\/www.sunnyvinalestour.com\/fr\/wp-json\/wp\/v2\/media?parent=5799"}],"curies":[{"name":"wp","href":"https:\/\/api.w.org\/{rel}","templated":true}]}}