{"id":5825,"date":"2021-09-28T18:03:16","date_gmt":"2021-09-28T18:03:16","guid":{"rendered":"https:\/\/www.sunnyvinalestour.com\/?page_id=5825"},"modified":"2023-09-21T01:47:55","modified_gmt":"2023-09-21T01:47:55","slug":"circuit-de-2-jours-a-vinales-avec-taxi-chevaux-et-plage","status":"publish","type":"page","link":"https:\/\/www.sunnyvinalestour.com\/fr\/circuit-de-2-jours-a-vinales-avec-taxi-chevaux-et-plage\/","title":{"rendered":"Circuit de 2 jours \u00e0 Vinales avec taxi, chevaux et plage"},"content":{"rendered":"<p class=\"p1\"><img loading=\"lazy\" decoding=\"async\" class=\"size-full wp-image-1764 aligncenter\" src=\"https:\/\/www.sunnyvinalestour.com\/\/wp-content\/uploads\/Sunny-Vinales-1.png\" alt=\"\" width=\"700\" height=\"300\" srcset=\"https:\/\/www.sunnyvinalestour.com\/wp-content\/uploads\/Sunny-Vinales-1.png 700w, https:\/\/www.sunnyvinalestour.com\/wp-content\/uploads\/Sunny-Vinales-1-600x257.png 600w, https:\/\/www.sunnyvinalestour.com\/wp-content\/uploads\/Sunny-Vinales-1-300x129.png 300w\" sizes=\"auto, (max-width: 700px) 100vw, 700px\" \/><\/p>\n<p class=\"p1\"><strong>2 jours \u00e0 Vinales (Avec Taxi, cavalcade, tour de Vinales, logement pour 2 nuits, plage et nourriture compris!).<\/strong><span class=\"Apple-converted-space\">\u00a0<\/span><\/p>\n<p class=\"p3\"><strong>Programme du jour:<\/strong> <span class=\"Apple-converted-space\">\u00a0 \u00a0<\/span><\/p>\n<p class=\"p3\"><strong>JOUR 1.<\/strong> <span class=\"Apple-converted-space\">\u00a0 \u00a0<\/span><\/p>\n<p class=\"p3\">7 h 30 &#8211; Nous commencerons \u00e0 la Havane de votre maison et nous explorons la Vall\u00e9e incroyable de Vinales. La premi\u00e8re attraction \u00e0 Vinales c\u2019est le belv\u00e9d\u00e8re de l&rsquo;H\u00f4tel c\u00e9l\u00e8bre Les Jasmins. <span class=\"Apple-converted-space\">\u00a0 \u00a0<\/span><\/p>\n<p class=\"p3\">10 h 30 \u2013Boisson de bienvenue \u00e0 Vinales dans votre maison \u2013\u00a0Maison Particulier Juana et Michel (5 \u00e9toiles <span class=\"Apple-converted-space\">\u00a0 <\/span>* * * * * dans l&rsquo;Air BNB).<\/p>\n<p class=\"p3\">11 h 00 &#8211; <span class=\"Apple-converted-space\">\u00a0<\/span>C&rsquo;est l&rsquo;heure d&rsquo;une excursion \u00e0 cheval (ou balade \u00e0 pied, 3-4 heures) et vous visiterez les plantations de tabac et caf\u00e9. Vous verrez comme les Cubains roulent des cigares et vous pourrez essayer de fumer aussi! \ud83d\ude42 En plus on verra une plantation de caf\u00e9. <span class=\"Apple-converted-space\">\u00a0 \u00a0<\/span><\/p>\n<p class=\"p3\">14 h 00 La deuxi\u00e8me partie de notre voyage \u00e0 cheval (ou \u00e0 pied) c&rsquo;est la visite au lac dont vous pouvez<span class=\"Apple-converted-space\">\u00a0 \u00a0 <\/span>nager si vous voulez! <span class=\"Apple-converted-space\">\u00a0 \u00a0<\/span><\/p>\n<p class=\"p3\">16 h 30 Apr\u00e8s de 3-4 heures on aura un d\u00e9jeuner \u00e9cologique d\u00e9licieux avec une vue excellente de toute<span class=\"Apple-converted-space\">\u00a0 \u00a0 <\/span>La Vall\u00e9e de Vinales. <span class=\"Apple-converted-space\">\u00a0 \u00a0<\/span><\/p>\n<p class=\"p3\">18h 30 C&rsquo;est un grand moment pour une f\u00eate \u00e0 Vinales! <span class=\"Apple-converted-space\">\u00a0 \u00a0<\/span><\/p>\n<p class=\"p3\"><strong>JOUR 2.<\/strong> <span class=\"Apple-converted-space\">\u00a0 \u00a0<\/span><\/p>\n<p class=\"p3\">9 h 00 &#8211; Nous commen\u00e7ons avec le Tour de Vinales &#8211; Grotte de l&rsquo;Indien, Jardin Botanique, Peinture Pr\u00e9historique &#8211; en voiture moderne. Le matin c&rsquo;est l&rsquo;heure d&rsquo;aller \u00e0 la plage! On y va \u00e0 Cayo Jutias, la plage la plus belle de l&rsquo;ouest de Cuba. Le transport c\u2019est avec d\u2019autres personnes dans une voiture collective, \u00e7a sera un voyage amusant parce que vous pourrez<span class=\"Apple-converted-space\">\u00a0 <\/span>connaitre et dialoguer avec des gens. <span class=\"Apple-converted-space\">\u00a0 \u00a0<\/span><\/p>\n<p class=\"p3\">16 h 00 On rentre \u00e0 Vinales pour la deuxi\u00e8me nuit \u00e0 la Maison Juana et Michel. <span class=\"Apple-converted-space\">\u00a0 \u00a0<\/span><\/p>\n<p class=\"p3\">19 h 00 D\u00eener d\u00e9licieux fait \u00e0 la maison Juana. <span class=\"Apple-converted-space\">\u00a0 \u00a0<\/span><\/p>\n<p class=\"p3\"><strong>JOUR 3<\/strong> <span class=\"Apple-converted-space\">\u00a0 \u00a0<\/span><\/p>\n<p class=\"p3\">Nous organiserons le transport pour votre prochaine destination. Le prix de la prochaine destination n&rsquo;est pas compris. <span class=\"Apple-converted-space\">\u00a0 \u00a0<\/span><\/p>\n<p class=\"p3\"><strong>LES PRIX\u00a0:<\/strong><\/p>\n<ul>\n<li>1 personne : 278 \u20ac<\/li>\n<li>2 personnes : 370 \u20ac<\/li>\n<li>3 personnes : 470 \u20ac<\/li>\n<li>4 personnes : 550 \u20ac<\/li>\n<\/ul>\n<p class=\"p3\">Les activit\u00e9s compris:<\/p>\n<ul class=\"ul1\">\n<li class=\"li5\">Le service de taxi priv\u00e9 en voiture am\u00e9ricaine de la Havane \u00e0 Vinales.<\/li>\n<li class=\"li5\">Tour de Vinales avec la m\u00eame voiture.<\/li>\n<li class=\"li5\">Excursion \u00e0 cheval avec un guide (plantations de tabac et caf\u00e9, lac) et d\u00e9jeuner d\u00e9licieux.<\/li>\n<li class=\"li5\">2 nuits \u00e0 Vinales \u00e0 la Maison Particulier avec les petits d\u00e9jeuners compris.<\/li>\n<li class=\"li5\">Plage Cayo Jutias en voiture collective. <span class=\"Apple-converted-space\">\u00a0 \u00a0<\/span><\/li>\n<li class=\"li5\">Repas fait \u00e0 la maison priv\u00e9e de Juana.<\/li>\n<li class=\"li5\">Nous organiserons le transport afin que vous revenez \u00e0 la Havane (ou Trinidad ou \u00e0 o\u00f9 vous voulez aller), mais il n&rsquo;est pas compris dans le prix (!).<\/li>\n<\/ul>\n<p class=\"p4\"><a href=\"https:\/\/www.sunnyvinalestour.com\/fr\/reservation\/\"><img loading=\"lazy\" decoding=\"async\" class=\"aligncenter wp-image-6528 size-trx_addons-thumb-avatar\" src=\"https:\/\/www.sunnyvinalestour.com\/wp-content\/uploads\/Captura-de-Pantalla-2021-10-30-a-las-21.30.29-370x112.png\" alt=\"\" width=\"370\" height=\"112\" \/><\/a><\/p>\n","protected":false},"excerpt":{"rendered":"<p>2 jours \u00e0 Vinales (Avec Taxi, cavalcade, tour de Vinales, logement pour 2 nuits, plage et nourriture compris!).\u00a0 Programme du jour: \u00a0 \u00a0 JOUR 1. \u00a0 \u00a0 7 h 30&hellip;<\/p>\n","protected":false},"author":1,"featured_media":0,"parent":0,"menu_order":0,"comment_status":"closed","ping_status":"closed","template":"","meta":{"footnotes":""},"class_list":["post-5825","page","type-page","status-publish","hentry"],"_links":{"self":[{"href":"https:\/\/www.sunnyvinalestour.com\/fr\/wp-json\/wp\/v2\/pages\/5825","targetHints":{"allow":["GET"]}}],"collection":[{"href":"https:\/\/www.sunnyvinalestour.com\/fr\/wp-json\/wp\/v2\/pages"}],"about":[{"href":"https:\/\/www.sunnyvinalestour.com\/fr\/wp-json\/wp\/v2\/types\/page"}],"author":[{"embeddable":true,"href":"https:\/\/www.sunnyvinalestour.com\/fr\/wp-json\/wp\/v2\/users\/1"}],"replies":[{"embeddable":true,"href":"https:\/\/www.sunnyvinalestour.com\/fr\/wp-json\/wp\/v2\/comments?post=5825"}],"version-history":[{"count":11,"href":"https:\/\/www.sunnyvinalestour.com\/fr\/wp-json\/wp\/v2\/pages\/5825\/revisions"}],"predecessor-version":[{"id":7714,"href":"https:\/\/www.sunnyvinalestour.com\/fr\/wp-json\/wp\/v2\/pages\/5825\/revisions\/7714"}],"wp:attachment":[{"href":"https:\/\/www.sunnyvinalestour.com\/fr\/wp-json\/wp\/v2\/media?parent=5825"}],"curies":[{"name":"wp","href":"https:\/\/api.w.org\/{rel}","templated":true}]}}