{"id":5849,"date":"2021-09-28T21:10:16","date_gmt":"2021-09-28T21:10:16","guid":{"rendered":"https:\/\/www.sunnyvinalestour.com\/?page_id=5849"},"modified":"2021-10-31T09:35:51","modified_gmt":"2021-10-31T09:35:51","slug":"a-propos-de-nous","status":"publish","type":"page","link":"https:\/\/www.sunnyvinalestour.com\/fr\/a-propos-de-nous\/","title":{"rendered":"\u00c0 propos de nous"},"content":{"rendered":"<p>&nbsp;<\/p>\n<p><img loading=\"lazy\" decoding=\"async\" class=\"wp-image-92 alignright\" src=\"http:\/\/holacuba.pl\/wp-content\/uploads\/2017\/03\/13669083_10206862681234277_592661645286189918_n.jpeg\" sizes=\"auto, (max-width: 336px) 100vw, 336px\" srcset=\"https:\/\/holacuba.pl\/wp-content\/uploads\/2017\/03\/13669083_10206862681234277_592661645286189918_n.jpeg 637w, https:\/\/holacuba.pl\/wp-content\/uploads\/2017\/03\/13669083_10206862681234277_592661645286189918_n-199x300.jpeg 199w\" alt=\"\" width=\"336\" height=\"506\" \/><\/p>\n<p class=\"p1\">Sunny Vinales Tour a \u00e9t\u00e9 cr\u00e9\u00e9 par amour \u00e0 Cuba, litt\u00e9ralement ! Nous sommes une couple polono-cubain et nous voulons vous montrer ce que Cuba a de mieux \u00e0 offrir, mais aussi vous r\u00e9v\u00e9ler les coulisses de ce \u00ab\u00a0vrai Cuba\u00a0\u00bb. Les programmes et la vari\u00e9t\u00e9 d&rsquo;activit\u00e9s et d&rsquo;exp\u00e9riences on a \u00e9t\u00e9 organis\u00e9 pour conna\u00eetre Cuba par c\u0153ur, mais dans des conditions confortables. En plus, nos inspirations sont bas\u00e9es sur les recommandations et les avis de millions de voyageurs<\/p>\n<p class=\"p3\">Dans les cours de nos voyages, nous parlons de tout, mais nous sommes conscients des r\u00e9alit\u00e9s de la vie des Cubains, donc seulement une personne qui habite \u00e0 Cuba pourra savoir comment c\u2019est la vie \u00e0 l&rsquo;\u00eele des fr\u00e8res Castro. Par chance. On ne triche pas, nous ne vendons pas des slogans comme \u00ab\u00a0trouvez le vrai Cuba\u00a0\u00bb. Chaque Cuba que vous verrez est r\u00e9el. Beau et laid, propre et sale, pauvre et riche. Cuba est diversifi\u00e9, difficile \u00e0 comprendre et c&rsquo;est toujours la plus grand fascination et d\u00e9fi pour les visiteurs de cette perle des Cara\u00efbes.<\/p>\n<p class=\"p3\"><\/p>\n<h3 class=\"p5\">Quelle est la meilleure fa\u00e7on de d\u00e9couvrir Cuba ?<\/h3>\n<p class=\"p3\">Nous avons fait notre premier voyage ensemble&#8230; pour visiter Cuba ! C&rsquo;\u00e9tait quand nous nous sommes rendus compte que voyager seul \u00e0 Cuba c\u2019est tr\u00e8s difficile, m\u00eame pour un cubain !<\/p>\n<p class=\"p3\">Premi\u00e8rement, c&rsquo;est beaucoup plus cher.<\/p>\n<p class=\"p3\">Deuxi\u00e8mement, vous ne pouvez pas arriver \u00e0 nombreux endroits sans votre propre moyen de transport.<\/p>\n<p class=\"p3\">C&rsquo;est encore plus difficile pour les personnes qui ne parlent pas l&rsquo;espagnol, car presque personne ne parle Anglais. J&rsquo;ai d\u00e9j\u00e0 visit\u00e9 plus de 40 pays et je suis depuis toujours un d\u00e9fenseur des voyages ind\u00e9pendant, mais Cuba est le premier pays que je pense qu&rsquo;il vaut mieux conna\u00eetre en compagnie de quelqu&rsquo;un<span class=\"Apple-converted-space\">\u00a0 <\/span>exp\u00e9riment\u00e9, dou\u00e9, capable et qui nous montre comment fonctionne tous l\u00e0. Nous verrons plus, exp\u00e9rimenterons plus et gagnerons plus de temps et de l&rsquo;argent. Paradoxalement! Parce que m\u00eame si Cuba est un pays pauvre, il est malheureusement cher, parfois tr\u00e8s cher et il faut s&rsquo;y pr\u00e9parer.<\/p>\n<h3 class=\"p6\">Pourquoi Sunny Vinales Tour?<\/h3>\n<h3><img loading=\"lazy\" decoding=\"async\" class=\"alignright wp-image-93 \" src=\"http:\/\/holacuba.pl\/wp-content\/uploads\/2017\/03\/13876585_10206862681194276_5412901948296366524_n.jpeg\" sizes=\"auto, (max-width: 332px) 100vw, 332px\" srcset=\"https:\/\/holacuba.pl\/wp-content\/uploads\/2017\/03\/13876585_10206862681194276_5412901948296366524_n.jpeg 637w, https:\/\/holacuba.pl\/wp-content\/uploads\/2017\/03\/13876585_10206862681194276_5412901948296366524_n-199x300.jpeg 199w\" alt=\"\" width=\"332\" height=\"500\" \/><\/h3>\n<p class=\"p3\">Beaucoup de gens reviennent de Cuba d\u00e9\u00e7us et nous les comprenons. Nous savons juste que vous ne pouvez pas d\u00e9couvrir cette \u00eele par vous-m\u00eame, encore moins la comprendre. Vous ne pouvez pas non plus conna\u00eetre Cuba \u00e0 partir de la perspective d&rsquo;un h\u00f4tel, parce que simplement, c\u2019est comme n\u2019\u00eatre pas l\u00e0.<\/p>\n<p class=\"p3\">Ainsi est n\u00e9e l&rsquo;id\u00e9e de Sunny Vinales Tour et Hola Cuba: Des voyages organis\u00e9s qui vous permettent conna\u00eetre les villes, les villages, la nature, vivre dans des maisons priv\u00e9es soigneusement s\u00e9lectionn\u00e9es et<span class=\"Apple-converted-space\">\u00a0 <\/span>profitez du charme des Cara\u00efbes.<\/p>\n<p class=\"p3\">Voyager \u00e0 travers Cuba avec Sunny Vinales Tour, c&rsquo;est conna\u00eetre une histoire difficile et essayer de comprendre la situation sociale. Admirez le patrimoine culturel et la richesse de la nature. Finalement, exp\u00e9rimenter les go\u00fbts, les sons, les odeurs et les couleurs.<\/p>\n<p class=\"p3\"><b>C&rsquo;est notre Cuba, plein d&rsquo;amour et d&rsquo;enthousiasme pour la vie et c&rsquo;est ce que nous voulons te montrer. Alors si vous \u00eates ouvert, curieux, avide d&rsquo;aventure et que vous avez envie de refaire quelque chose pour la premi\u00e8re fois de ta vie, c&rsquo;est le moment. <span class=\"Apple-converted-space\">\u00a0<\/span><\/b><\/p>\n<p class=\"p3\">Nous sommes une petite agence de voyages boutiques. Nous sommes sp\u00e9cialis\u00e9s \u00e0 Cuba et nous sommes ouverts \u00e0 destinations des Cara\u00efbes et pays culturellement li\u00e9s \u00e0 Cuba. Nous refusons le tourisme de masse pour \u00eatre en faveur d&rsquo;un voyage responsable. Notre offre et nos voyages attirent des personnes positives et motiv\u00e9es qui ont des mentes ouvertes et critiques. Gr\u00e2ce \u00e0 cela, les voyages de Sunny Vinales Tour sont une exp\u00e9rience inoubliable, mais aussi une aventure sociale avec des contacts pour la vie.<\/p>\n<p class=\"p3\">Une famille c\u2019est comme nous nous appelons nous-m\u00eames, nous fonctionnons comme une combinaison parfaite o\u00f9 chacun a et joue un r\u00f4le de grande valeur, nous faisons tout notre possible en donnant le meilleur {oui} pour faire que toutes nos attentes soit uniques avec chaque visiteur ou invit\u00e9 qui d\u00e9cide de partager une partie de ses vacances \u00e0 Cuba avec nous.<\/p>\n<p class=\"p3\">Nous vous montrons \u00e0 chaque \u00e9tape des valeurs d&rsquo;int\u00e9r\u00eat riches en connaissances : combin\u00e9es et acquises avec des ann\u00e9es d&rsquo;exp\u00e9rience dans le domaine du tourisme \u00e0 Cuba. Vous trouverez du personnel avec une haute connaissance sur : l&rsquo;agronomie, l&rsquo;agriculture, l&rsquo;architecture, l&rsquo;histoire et, bien s\u00fbr, l&rsquo;exp\u00e9rience du tabac et \u00ab\u00a0comment \u00eatre un cow-boy\u00a0\u00bb.<\/p>\n<h3 class=\"p6\">Qui rencontrez-vous \u00e0 Cuba ?<\/h3>\n<p class=\"p3\">L&rsquo;\u00e9quipe de Sunny Vinales Tour est conform\u00e9 par des guides qualifi\u00e9s qui connaissent Cuba, la vie quotidienne, la histoire et le patrimoine. \u00c0 Cuba, nous travaillons avec des personnes que nous connaissons, aimons et valorisons, parce que nous croyons qu&rsquo;un bon voyage est un voyage \u00e9thique !<\/p>\n<h3 class=\"p6\">On est qui ?<\/h3>\n<p class=\"p3\"><b>Basia Stawarz-Garc\u00eda<\/b> &#8211; co-fondatrice de Hola Cuba, amoureuse des voyages et de la Montagne. Journaliste, expert en m\u00e9dias et marketing. Elle consid\u00e8re que L&rsquo;Himalaya est le plus bel endroit du monde, \u00e0 part Cuba, bien s\u00fbr.<\/p>\n<p class=\"p3\"><b>Michel Garc\u00eda Maqueira<\/b> &#8211; co-fondateur de Hola Cuba, n\u00e9 \u00e0 Vinales, l&rsquo;un des plus bels endroits de Cuba. Pendant des ann\u00e9es il a \u00e9t\u00e9<span class=\"Apple-converted-space\">\u00a0 <\/span>associ\u00e9 au tourisme. Les chevaux sont sa plus grande passion. Il organise des tours \u00e0 Cuba pour les gens du monde entier <span class=\"s1\">(www.sunnyvinalestour.com).<\/span><\/p>\n<p class=\"p3\">Nous donnons une grande importance \u00e0 votre fa\u00e7on de voyager. Lorsque quand nous organisons des programmes d&rsquo;exp\u00e9dition, nous ne le faisons pas sans r\u00e9fl\u00e9chir pour le rendre beau et vendre encore mieux. Des choses tr\u00e8s important pour nous, pour Cuba et les participants de nos exp\u00e9ditions sont :<\/p>\n<ul>\n<li class=\"p3\">Le respect du mode de vie et de la culture cubains,<\/li>\n<li class=\"p3\">\u00a0Respect pour la nature,<\/li>\n<li class=\"p3\">\u00a0l&rsquo;\u00e9nergie du groupe au regard des int\u00e9r\u00eats individuels.<\/li>\n<\/ul>\n<p><span style=\"color: #000000;\"><strong>Comment le mettre en pratique concr\u00e8tement ?<\/strong><\/span><\/p>\n<ul>\n<li class=\"p3\">\u00a0Nous connaissons l&rsquo;histoire de Cuba et la situation sociale pour comprendre la situation existante et ne pas devenir des voyageurs ignorants. C&rsquo;est notre priorit\u00e9 : quitter Cuba en pleine conscience d&rsquo;o\u00f9 vous avez \u00e9t\u00e9.<\/li>\n<li class=\"p3\">\u00a0Nous visitons des lieux qui nous permettent de conna\u00eetre la soci\u00e9t\u00e9 cubaine et nous respectons ses r\u00e8gles.<\/li>\n<li class=\"p3\">\u00a0Nous organisons uniquement des attractions en harmonie avec la nature et le merveilleux climat de Cuba. Et il y a quelque chose<span class=\"Apple-converted-space\">\u00a0 <\/span>\u00e0 s&rsquo;occuper, car Cuba a le meilleur \u00e9cosyst\u00e8me pr\u00e9serv\u00e9 des Cara\u00efbes.<\/li>\n<li class=\"p3\">\u00a0Nous mangeons dans des endroits o\u00f9 la nourriture est servie avec beaucoup de soin et, par cons\u00e9quent, avec une saveur inhabituelle pour le go\u00fbt.<\/li>\n<li class=\"p3\">\u00a0Le temps de trajet est divis\u00e9 dans un espace commun et individuel. Nous passerons un bon moment en groupe, mais nous donnons \u00e9galement \u00e0 chacun un espace pour go\u00fbter Cuba \u00e0 sa mani\u00e8re. On organise des attractions individuelles si quelqu&rsquo;un veut sortir de sa piste pendant un certain temps.<\/li>\n<\/ul>\n<p>&nbsp;<\/p>\n<p>&nbsp;<\/p>\n","protected":false},"excerpt":{"rendered":"<p>&nbsp; Sunny Vinales Tour a \u00e9t\u00e9 cr\u00e9\u00e9 par amour \u00e0 Cuba, litt\u00e9ralement ! Nous sommes une couple polono-cubain et nous voulons vous montrer ce que Cuba a de mieux \u00e0&hellip;<\/p>\n","protected":false},"author":1,"featured_media":0,"parent":0,"menu_order":0,"comment_status":"closed","ping_status":"closed","template":"","meta":{"footnotes":""},"class_list":["post-5849","page","type-page","status-publish","hentry"],"_links":{"self":[{"href":"https:\/\/www.sunnyvinalestour.com\/fr\/wp-json\/wp\/v2\/pages\/5849","targetHints":{"allow":["GET"]}}],"collection":[{"href":"https:\/\/www.sunnyvinalestour.com\/fr\/wp-json\/wp\/v2\/pages"}],"about":[{"href":"https:\/\/www.sunnyvinalestour.com\/fr\/wp-json\/wp\/v2\/types\/page"}],"author":[{"embeddable":true,"href":"https:\/\/www.sunnyvinalestour.com\/fr\/wp-json\/wp\/v2\/users\/1"}],"replies":[{"embeddable":true,"href":"https:\/\/www.sunnyvinalestour.com\/fr\/wp-json\/wp\/v2\/comments?post=5849"}],"version-history":[{"count":10,"href":"https:\/\/www.sunnyvinalestour.com\/fr\/wp-json\/wp\/v2\/pages\/5849\/revisions"}],"predecessor-version":[{"id":6572,"href":"https:\/\/www.sunnyvinalestour.com\/fr\/wp-json\/wp\/v2\/pages\/5849\/revisions\/6572"}],"wp:attachment":[{"href":"https:\/\/www.sunnyvinalestour.com\/fr\/wp-json\/wp\/v2\/media?parent=5849"}],"curies":[{"name":"wp","href":"https:\/\/api.w.org\/{rel}","templated":true}]}}