{"id":6522,"date":"2021-10-30T19:39:42","date_gmt":"2021-10-30T19:39:42","guid":{"rendered":"https:\/\/www.sunnyvinalestour.com\/?page_id=6522"},"modified":"2021-11-04T10:06:18","modified_gmt":"2021-11-04T10:06:18","slug":"6522-2","status":"publish","type":"page","link":"https:\/\/www.sunnyvinalestour.com\/fr\/6522-2\/","title":{"rendered":"Cuba classique en 14 jours"},"content":{"rendered":"<p class=\"p1\"><b><img loading=\"lazy\" decoding=\"async\" class=\"size-full wp-image-1469 aligncenter\" src=\"https:\/\/www.sunnyvinalestour.com\/\/wp-content\/uploads\/cuba-tour-private.jpg\" sizes=\"auto, (max-width: 768px) 100vw, 768px\" srcset=\"https:\/\/www.sunnyvinalestour.com\/\/wp-content\/uploads\/cuba-tour-private.jpg 768w, https:\/\/www.sunnyvinalestour.com\/\/wp-content\/uploads\/cuba-tour-private-300x200.jpg 300w\" alt=\"\" width=\"768\" height=\"512\" \/><\/b><\/p>\n<p>[TOC]<\/p>\n<h3 class=\"p1\">OPTION CAYO SANTA MARIA<\/h3>\n<ol>\n<li>La Havane (arriv\u00e9e, logement)<\/li>\n<li>Havane<\/li>\n<li>Havane<\/li>\n<li>Vinales<\/li>\n<li>Vinales<\/li>\n<li>Plage Giron<\/li>\n<li>Plage Giron<\/li>\n<li>Cienfuegos &#8211; Trinidad<\/li>\n<li>Trinidad<\/li>\n<li>Santa Clara<\/li>\n<li>Santa Clara &#8211; Remedios &#8211; Cayo Santa Mar\u00eda et repos<\/li>\n<li>Cayo Santa Mar\u00eda<\/li>\n<li>Cayo Santa Mar\u00eda<\/li>\n<li>Cayo Santa Maria &#8211; La Havane<\/li>\n<\/ol>\n<p><img loading=\"lazy\" decoding=\"async\" class=\"size-large wp-image-4285 aligncenter\" src=\"https:\/\/www.sunnyvinalestour.com\/\/wp-content\/uploads\/perla-1cuba--1024x439.png\" alt=\"\" width=\"730\" height=\"313\" srcset=\"https:\/\/www.sunnyvinalestour.com\/wp-content\/uploads\/perla-1cuba--1024x439.png 1024w, https:\/\/www.sunnyvinalestour.com\/wp-content\/uploads\/perla-1cuba--600x257.png 600w, https:\/\/www.sunnyvinalestour.com\/wp-content\/uploads\/perla-1cuba--300x129.png 300w, https:\/\/www.sunnyvinalestour.com\/wp-content\/uploads\/perla-1cuba--768x329.png 768w, https:\/\/www.sunnyvinalestour.com\/wp-content\/uploads\/perla-1cuba-.png 1280w\" sizes=\"auto, (max-width: 730px) 100vw, 730px\" \/><\/p>\n<h4 class=\"p3\"><b>Voyage Organis\u00e9\u00a0pour 2 personnes :<\/b><\/h4>\n<p class=\"p1\">10 nuits chez l&rsquo;habitant.<\/p>\n<p class=\"p1\">3 nuits dans un h\u00f4tel 5* \u00e0 Cayo Santa Mar\u00eda (H\u00f4tel Dhawa, tout compris 24h\/jour).<\/p>\n<p class=\"p1\">Transferts \u00e0 l&rsquo;a\u00e9roport (de l\u2019a\u00e9roport \u00e0 votre maison de La Havane et de Cayo Santa Mar\u00eda \u00e0 La Havane).<\/p>\n<p class=\"p1\">Chauffeur priv\u00e9 pendant 8 jours.<\/p>\n<p class=\"p1\">Programme d\u00e9taill\u00e9 avec les recommandations des attractions (PDF).<\/p>\n<p class=\"p1\">Dossier d&rsquo;informations pratiques avant le d\u00e9part (PDF).<\/p>\n<p class=\"p1\"><b>Prix \u200b\u200bpar personne : 1360\u20ac (ce prix ce le m\u00eame<span class=\"Apple-converted-space\">\u00a0 <\/span>que pour 2 personnes aussi).<\/b><\/p>\n<p><img loading=\"lazy\" decoding=\"async\" class=\" wp-image-6528 aligncenter\" src=\"https:\/\/www.sunnyvinalestour.com\/wp-content\/uploads\/Captura-de-Pantalla-2021-10-30-a-las-21.30.29-270x112.png\" alt=\"\" width=\"316\" height=\"131\" \/><\/p>\n<h4 class=\"p3\"><b>Voyage Organis\u00e9\u00a0pour 3 personnes :<\/b><\/h4>\n<p class=\"p1\">10 nuits chez l&rsquo;habitant &#8211; 2 chambres pendant tout le circuit.<\/p>\n<p class=\"p1\">3 nuits dans un h\u00f4tel 5* \u00e0 Cayo Santa Mar\u00eda (H\u00f4tel Iberostar Ensenachos, tout compris 24h \/ jour) &#8211; 1 chambre triple.<\/p>\n<p class=\"p1\">Transferts \u00e0 l&rsquo;a\u00e9roport (de l\u2019a\u00e9roport \u00e0 votre maison de La Havane et de Cayo Santa Mar\u00eda \u00e0 La Havane).<\/p>\n<p class=\"p1\">Chauffeur priv\u00e9 pendant 8 jours.<\/p>\n<p class=\"p1\">Programme d\u00e9taill\u00e9 avec les recommandations des attractions (PDF).<\/p>\n<p class=\"p1\">Dossier d&rsquo;informations pratiques avant le d\u00e9part (PDF).<\/p>\n<p class=\"p1\"><b>Prix \u200b\u200bpar personne : 1250\u20ac (ce prix par personne comprend jusqu\u2019\u00e0 3 personnes).<\/b><\/p>\n<p><img loading=\"lazy\" decoding=\"async\" class=\" wp-image-6528 aligncenter\" src=\"https:\/\/www.sunnyvinalestour.com\/wp-content\/uploads\/Captura-de-Pantalla-2021-10-30-a-las-21.30.29-270x112.png\" alt=\"\" width=\"316\" height=\"131\" \/><\/p>\n<h4 class=\"p3\"><b>Voyage Organis\u00e9\u00a0pour 4 personnes :<\/b><\/h4>\n<p class=\"p1\">10 nuits chez l&rsquo;habitant &#8211; 2 chambres pendant tout le circuit.<\/p>\n<p class=\"p1\">3 nuits dans un h\u00f4tel 5* \u00e0 Cayo Santa Mar\u00eda (H\u00f4tel Dhawa, tout compris 24h \/ jour) &#8211; 2 chambres.<\/p>\n<p class=\"p1\">Transferts \u00e0 l&rsquo;a\u00e9roport (de l\u2019a\u00e9roport \u00e0 votre maison de La Havane et de Cayo Santa Mar\u00eda \u00e0 La Havane).<\/p>\n<p class=\"p1\">Chauffeur priv\u00e9 pendant 8 jours.<\/p>\n<p class=\"p1\">Programme d\u00e9taill\u00e9 avec les recommandations des attractions (PDF).<\/p>\n<p class=\"p1\">Dossier d&rsquo;informations pratiques avant le d\u00e9part (PDF).<\/p>\n<p class=\"p1\"><b>Prix \u200b\u200bpar personne : 1060\u20ac (ce prix par personne comprend jusqu\u2019\u00e0 4 personnes).<\/b><\/p>\n<p><img loading=\"lazy\" decoding=\"async\" class=\" wp-image-6528 aligncenter\" src=\"https:\/\/www.sunnyvinalestour.com\/wp-content\/uploads\/Captura-de-Pantalla-2021-10-30-a-las-21.30.29-270x112.png\" alt=\"\" width=\"316\" height=\"131\" \/><\/p>\n<h3 class=\"p4\"><b>OPTION VARADERO<\/b><\/h3>\n<ol>\n<li class=\"p1\">La Havane (arriv\u00e9e, logement)<\/li>\n<li class=\"p1\">Havane<\/li>\n<li class=\"p1\">Havane<\/li>\n<li class=\"p1\">Vinales<\/li>\n<li class=\"p1\">Vinales<\/li>\n<li class=\"p1\">Plage de Gir\u00f3n<\/li>\n<li class=\"p1\">Plage de Giron<\/li>\n<li class=\"p1\">Trinidad<\/li>\n<li class=\"p1\">Trinidad<\/li>\n<li class=\"p1\">Santa Clara<\/li>\n<li class=\"p1\">Santa Clara &#8211; Varadero<\/li>\n<li class=\"p1\">Varadero<\/li>\n<li class=\"p1\">Varadero<\/li>\n<li class=\"p1\">Varadero &#8211; La Havane<\/li>\n<\/ol>\n<h4 class=\"p3\"><b>Voyage Organis\u00e9\u00a0pour 2 personnes :<\/b><\/h4>\n<p class=\"p1\">10 nuits chez l&rsquo;habitant.<\/p>\n<p class=\"p1\">3 nuits \u00e0 l&rsquo;h\u00f4tel Grand M\u00e9moires Varadero, tout compris.<\/p>\n<p class=\"p1\">Transferts \u00e0 l&rsquo;a\u00e9roport (de l\u2019a\u00e9roport \u00e0 votre maison de La Havane et de Varadero \u00e0 La Havane).<\/p>\n<p class=\"p1\">Chauffeur priv\u00e9 pendant 8 jours.<\/p>\n<p class=\"p1\">Programme d\u00e9taill\u00e9 avec les recommandations des attractions (PDF).<\/p>\n<p class=\"p1\">Dossier d&rsquo;informations pratiques avant le d\u00e9part (PDF).<\/p>\n<p class=\"p1\"><b>Prix \u200b\u200bpar personne : 1290\u20ac (ce prix ce le m\u00eame<span class=\"Apple-converted-space\">\u00a0 <\/span>que pour 2 personnes aussi).<\/b><\/p>\n<p><img loading=\"lazy\" decoding=\"async\" class=\" wp-image-6528 aligncenter\" src=\"https:\/\/www.sunnyvinalestour.com\/wp-content\/uploads\/Captura-de-Pantalla-2021-10-30-a-las-21.30.29-270x112.png\" alt=\"\" width=\"316\" height=\"131\" \/><\/p>\n<h4 class=\"p3\"><b>Voyage Organis\u00e9\u00a0pour 3 personnes :<\/b><\/h4>\n<p class=\"p1\">10 nuits chez l&rsquo;habitant &#8211; 2 chambres pendant tout le circuit.<\/p>\n<p class=\"p1\">3 nuits \u00e0 l&rsquo;h\u00f4tel Grand M\u00e9moires Varadero, tout compris &#8211; 1 chambre triple.<\/p>\n<p class=\"p1\">Transferts \u00e0 l&rsquo;a\u00e9roport (de l\u2019a\u00e9roport \u00e0 votre maison de La Havane et de Varadero \u00e0 La Havane).<\/p>\n<p class=\"p1\">Chauffeur priv\u00e9 pendant 8 jours.<\/p>\n<p class=\"p1\">Programme d\u00e9taill\u00e9 avec les recommandations des attractions (PDF).<\/p>\n<p class=\"p1\">Dossier d&rsquo;informations pratiques avant le d\u00e9part (PDF).<\/p>\n<p class=\"p1\"><b>Prix \u200b\u200bpar personne : 1130\u20ac (ce prix par personne comprend jusqu\u2019\u00e0 3 personnes).<\/b><\/p>\n<p><img loading=\"lazy\" decoding=\"async\" class=\" wp-image-6528 aligncenter\" src=\"https:\/\/www.sunnyvinalestour.com\/wp-content\/uploads\/Captura-de-Pantalla-2021-10-30-a-las-21.30.29-270x112.png\" alt=\"\" width=\"316\" height=\"131\" \/><\/p>\n<h4 class=\"p3\"><b>Voyage Organis\u00e9\u00a0pour 4 personnes :<\/b><\/h4>\n<p class=\"p1\">10 nuits chez l&rsquo;habitant &#8211; 2 chambres pendant tout le circuit.<\/p>\n<p class=\"p1\">3 nuits \u00e0 l&rsquo;h\u00f4tel Grand M\u00e9moires Varadero, tout compris &#8211; 2 chambres doubles.<\/p>\n<p class=\"p1\">Transferts \u00e0 l&rsquo;a\u00e9roport (de l\u2019a\u00e9roport \u00e0 votre maison de La Havane et de Varadero \u00e0 La Havane).<\/p>\n<p class=\"p1\">Chauffeur priv\u00e9 pendant 8 jours.<\/p>\n<p class=\"p1\">Programme d\u00e9taill\u00e9 avec les recommandations des attractions (PDF).<\/p>\n<p class=\"p1\">Dossier d&rsquo;informations pratiques avant le d\u00e9part (PDF).<\/p>\n<p class=\"p1\"><b>Prix \u200b\u200bpar personne : 1050\u20ac (ce prix par personne comprend jusqu\u2019\u00e0 4 personnes).<\/b><\/p>\n<p>&nbsp;<\/p>\n<p class=\"p1\"><b>Des co\u00fbts additionnels:<\/b><\/p>\n<ol>\n<li>Nourriture et boissons<\/li>\n<li>Billets d&rsquo;avion pour Cuba<\/li>\n<li>Visa pour Cuba<\/li>\n<li>Attractions et billets<\/li>\n<li>D\u00e9penses personnelles, pourboires<\/li>\n<\/ol>\n<p><img loading=\"lazy\" decoding=\"async\" class=\" wp-image-6528 aligncenter\" src=\"https:\/\/www.sunnyvinalestour.com\/wp-content\/uploads\/Captura-de-Pantalla-2021-10-30-a-las-21.30.29-270x112.png\" alt=\"\" width=\"316\" height=\"131\" \/><\/p>\n","protected":false},"excerpt":{"rendered":"<p>[TOC] OPTION CAYO SANTA MARIA La Havane (arriv\u00e9e, logement) Havane Havane Vinales Vinales Plage Giron Plage Giron Cienfuegos &#8211; Trinidad Trinidad Santa Clara Santa Clara &#8211; Remedios &#8211; Cayo Santa&hellip;<\/p>\n","protected":false},"author":1,"featured_media":1471,"parent":0,"menu_order":0,"comment_status":"closed","ping_status":"closed","template":"","meta":{"footnotes":""},"class_list":["post-6522","page","type-page","status-publish","has-post-thumbnail","hentry"],"_links":{"self":[{"href":"https:\/\/www.sunnyvinalestour.com\/fr\/wp-json\/wp\/v2\/pages\/6522","targetHints":{"allow":["GET"]}}],"collection":[{"href":"https:\/\/www.sunnyvinalestour.com\/fr\/wp-json\/wp\/v2\/pages"}],"about":[{"href":"https:\/\/www.sunnyvinalestour.com\/fr\/wp-json\/wp\/v2\/types\/page"}],"author":[{"embeddable":true,"href":"https:\/\/www.sunnyvinalestour.com\/fr\/wp-json\/wp\/v2\/users\/1"}],"replies":[{"embeddable":true,"href":"https:\/\/www.sunnyvinalestour.com\/fr\/wp-json\/wp\/v2\/comments?post=6522"}],"version-history":[{"count":5,"href":"https:\/\/www.sunnyvinalestour.com\/fr\/wp-json\/wp\/v2\/pages\/6522\/revisions"}],"predecessor-version":[{"id":6711,"href":"https:\/\/www.sunnyvinalestour.com\/fr\/wp-json\/wp\/v2\/pages\/6522\/revisions\/6711"}],"wp:featuredmedia":[{"embeddable":true,"href":"https:\/\/www.sunnyvinalestour.com\/fr\/wp-json\/wp\/v2\/media\/1471"}],"wp:attachment":[{"href":"https:\/\/www.sunnyvinalestour.com\/fr\/wp-json\/wp\/v2\/media?parent=6522"}],"curies":[{"name":"wp","href":"https:\/\/api.w.org\/{rel}","templated":true}]}}