{"id":6581,"date":"2021-10-31T10:37:40","date_gmt":"2021-10-31T10:37:40","guid":{"rendered":"https:\/\/www.sunnyvinalestour.com\/?page_id=6581"},"modified":"2021-10-31T10:53:36","modified_gmt":"2021-10-31T10:53:36","slug":"cuba-tout-seul-voyage-individuel","status":"publish","type":"page","link":"https:\/\/www.sunnyvinalestour.com\/fr\/cuba-tout-seul-voyage-individuel\/","title":{"rendered":"Cuba Tout Seul &#8211; Voyage individuel"},"content":{"rendered":"<h2><img loading=\"lazy\" decoding=\"async\" class=\"size-full wp-image-1738 aligncenter\" src=\"https:\/\/www.sunnyvinalestour.com\/\/wp-content\/uploads\/67461620_860239931022626_5322487429284757504_n.jpg\" alt=\"\" width=\"844\" height=\"474\" srcset=\"https:\/\/www.sunnyvinalestour.com\/wp-content\/uploads\/67461620_860239931022626_5322487429284757504_n.jpg 844w, https:\/\/www.sunnyvinalestour.com\/wp-content\/uploads\/67461620_860239931022626_5322487429284757504_n-600x337.jpg 600w, https:\/\/www.sunnyvinalestour.com\/wp-content\/uploads\/67461620_860239931022626_5322487429284757504_n-300x168.jpg 300w, https:\/\/www.sunnyvinalestour.com\/wp-content\/uploads\/67461620_860239931022626_5322487429284757504_n-768x431.jpg 768w\" sizes=\"auto, (max-width: 844px) 100vw, 844px\" \/><\/h2>\n<p class=\"p1\"><strong>Cuba Tout Seul<\/strong><\/p>\n<p class=\"p1\">Nous savons que sans une bonne pr\u00e9paration, il est difficile de voyager confortablement \u00e0 Cuba. Ce n&rsquo;est m\u00eame pas un pays pour les routards.<\/p>\n<p class=\"p1\"><span class=\"s1\">(Cuba Tout Seul) <\/span>est notre proposition de voyages individuels dans l\u2019\u00eele de Cuba pour les personnes qui souhaitent voyager seuls, mais ils ne veulent pas perdre le temps de \u00ab\u00a0Vacances\u00a0\u00bb \u00e0 Cuba, ce qui n&rsquo;est pas si facile pour un \u00e9tranger de le faire tout seul, une fois qu\u2019on est \u00e0 Cuba.<\/p>\n<p class=\"p1\">Dans les voyages organis\u00e9s de<span class=\"Apple-converted-space\">\u00a0 <\/span>Cuba Tout Seul, nous proposons uniquement un programme pr\u00eat avec des logements dans des lieux priv\u00e9s, les transferts pour l\u2019a\u00e9roport, une voiture avec un chauffeur pour le temps du tour et un livre e-mail avec des informations d\u00e9taill\u00e9es, des recommandations d&rsquo;attractions et des mani\u00e8res de passer le temps livre, des restaurants, des \u00e9v\u00e9nements ou des endroits qui valent la peine de visiter. Vous connaissez tous les co\u00fbts de voyage, et gr\u00e2ce \u00e0 cela personne ne vous trompera, ce qui c\u2019est normal \u00e0 chaque voyage (pas seulement \u00e0 Cuba).<\/p>\n<h5 class=\"p4\">A QUI S&rsquo;ADRESSE LA PROPOSITION INDIVIDUELLE DE CUBA ?<\/h5>\n<p class=\"p1\">Vous aimez voyager seul et \u00e0 votre rythme ?<\/p>\n<p class=\"p1\">Voulez-vous conna\u00eetre les endroits les plus int\u00e9ressants de Cuba et vous n&rsquo;avez pas de longues semaines pour le visiter.<\/p>\n<p class=\"p1\">Vous aimez voyager et d\u00e9couvrir des nouvelles cultures ? Vous \u00eates ouvert \u00e0 diverses conditions que vous trouverez \u00e0 Cuba.<\/p>\n<p class=\"p1\">Vous n&rsquo;\u00eates pas flexible sur l&rsquo;heure, donc la date s&rsquo;adapte \u00e0 vous.<\/p>\n<p class=\"p1\">Vous voulez profiter au maximum de votre s\u00e9jour \u00e0 Cuba pour avoir un avant-go\u00fbt de l&rsquo;\u00eele, pas de logistique difficile.<\/p>\n<h5 class=\"p4\">VOYAGES INDIVIDUELS DE LA SAISON D&rsquo;HIVER 2021\/22:<\/h5>\n<h2 class=\"p6\"><a href=\"https:\/\/www.sunnyvinalestour.com\/fr\/6522-2\/\"><span class=\"s2\"><span class=\"Apple-converted-space\">Cuba classique en 14 jours\u00a0<\/span><\/span><\/a><\/h2>\n<p><img loading=\"lazy\" decoding=\"async\" class=\"size-full wp-image-1469\" src=\"https:\/\/www.sunnyvinalestour.com\/\/wp-content\/uploads\/cuba-tour-private.jpg\" alt=\"\" width=\"768\" height=\"512\" srcset=\"https:\/\/www.sunnyvinalestour.com\/wp-content\/uploads\/cuba-tour-private.jpg 768w, https:\/\/www.sunnyvinalestour.com\/wp-content\/uploads\/cuba-tour-private-600x400.jpg 600w, https:\/\/www.sunnyvinalestour.com\/wp-content\/uploads\/cuba-tour-private-300x200.jpg 300w\" sizes=\"auto, (max-width: 768px) 100vw, 768px\" \/><\/p>\n<h3 class=\"p1\">OPTION CAYO SANTA MARIA<\/h3>\n<ol>\n<li>La Havane (arriv\u00e9e, logement)<\/li>\n<li>Havane<\/li>\n<li>Havane<\/li>\n<li>Vinales<\/li>\n<li>Vinales<\/li>\n<li>Plage Giron<\/li>\n<li>Plage Giron<\/li>\n<li>Cienfuegos &#8211; Trinidad<\/li>\n<li>Trinidad<\/li>\n<li>Santa Clara<\/li>\n<li>Santa Clara &#8211; Remedios &#8211; Cayo Santa Mar\u00eda et repos<\/li>\n<li>Cayo Santa Mar\u00eda<\/li>\n<li>Cayo Santa Mar\u00eda<\/li>\n<li>Cayo Santa Maria &#8211; La Havane<\/li>\n<li><img loading=\"lazy\" decoding=\"async\" class=\"alignnone size-large wp-image-4285\" src=\"https:\/\/www.sunnyvinalestour.com\/\/wp-content\/uploads\/perla-1cuba--1024x439.png\" alt=\"\" width=\"730\" height=\"313\" srcset=\"https:\/\/www.sunnyvinalestour.com\/wp-content\/uploads\/perla-1cuba--1024x439.png 1024w, https:\/\/www.sunnyvinalestour.com\/wp-content\/uploads\/perla-1cuba--600x257.png 600w, https:\/\/www.sunnyvinalestour.com\/wp-content\/uploads\/perla-1cuba--300x129.png 300w, https:\/\/www.sunnyvinalestour.com\/wp-content\/uploads\/perla-1cuba--768x329.png 768w, https:\/\/www.sunnyvinalestour.com\/wp-content\/uploads\/perla-1cuba-.png 1280w\" sizes=\"auto, (max-width: 730px) 100vw, 730px\" \/><\/li>\n<\/ol>\n<h3 class=\"p4\">Voyage Organis\u00e9\u00a0pour 2 personnes :<\/h3>\n<ul>\n<li class=\"p1\">10 nuits chez l&rsquo;habitant.<\/li>\n<li class=\"p1\">3 nuits dans un h\u00f4tel 5* \u00e0 Cayo Santa Mar\u00eda (H\u00f4tel Dhawa, tout compris 24h\/jour).<\/li>\n<li class=\"p1\">Transferts \u00e0 l&rsquo;a\u00e9roport (de l\u2019a\u00e9roport \u00e0 votre maison de La Havane et de Cayo Santa Mar\u00eda \u00e0 La Havane).<\/li>\n<li class=\"p1\">Chauffeur priv\u00e9 pendant 8 jours.<\/li>\n<li class=\"p1\">Programme d\u00e9taill\u00e9 avec les recommandations des attractions (PDF).<\/li>\n<li class=\"p1\">Dossier d&rsquo;informations pratiques avant le d\u00e9part (PDF).<\/li>\n<\/ul>\n<p class=\"p1\"><b>Prix \u200b\u200bpar personne : 1360 EUR (ce prix ce le m\u00eame<span class=\"Apple-converted-space\">\u00a0 <\/span>que pour 2 personnes aussi).<\/b><\/p>\n<h3 class=\"p4\">Voyage Organis\u00e9\u00a0pour 3 personnes :<\/h3>\n<ul>\n<li class=\"p1\">10 nuits chez l&rsquo;habitant &#8211; 2 chambres pendant tout le circuit.<\/li>\n<li class=\"p1\">3 nuits dans un h\u00f4tel 5* \u00e0 Cayo Santa Mar\u00eda (H\u00f4tel Iberostar Ensenachos, tout compris 24h \/ jour) &#8211; 1 chambre triple.<\/li>\n<li class=\"p1\">Transferts \u00e0 l&rsquo;a\u00e9roport (de l\u2019a\u00e9roport \u00e0 votre maison de La Havane et de Cayo Santa Mar\u00eda \u00e0 La Havane).<\/li>\n<li class=\"p1\">Chauffeur priv\u00e9 pendant 8 jours.<\/li>\n<li class=\"p1\">Programme d\u00e9taill\u00e9 avec les recommandations des attractions (PDF).<\/li>\n<li class=\"p1\">Dossier d&rsquo;informations pratiques avant le d\u00e9part (PDF).<\/li>\n<\/ul>\n<p class=\"p1\"><b>Prix \u200b\u200bpar personne : 1250 EUR (ce prix par personne comprend jusqu\u2019\u00e0 3 personnes).<\/b><\/p>\n<h3 class=\"p4\">Voyage Organis\u00e9\u00a0pour 4 personnes :<\/h3>\n<ul>\n<li class=\"p1\">10 nuits chez l&rsquo;habitant &#8211; 2 chambres pendant tout le circuit.<\/li>\n<li class=\"p1\">3 nuits dans un h\u00f4tel 5* \u00e0 Cayo Santa Mar\u00eda (H\u00f4tel Dhawa, tout compris 24h \/ jour) &#8211; 2 chambres.<\/li>\n<li class=\"p1\">Transferts \u00e0 l&rsquo;a\u00e9roport (de l\u2019a\u00e9roport \u00e0 votre maison de La Havane et de Cayo Santa Mar\u00eda \u00e0 La Havane).<\/li>\n<li class=\"p1\">Chauffeur priv\u00e9 pendant 8 jours.<\/li>\n<li class=\"p1\">Programme d\u00e9taill\u00e9 avec les recommandations des attractions (PDF).<\/li>\n<li class=\"p1\">Dossier d&rsquo;informations pratiques avant le d\u00e9part (PDF).<\/li>\n<\/ul>\n<h4 class=\"p1\"><b>Prix \u200b\u200bpar personne : 1060 EUR (ce prix par personne comprend jusqu\u2019\u00e0 4 personnes).<\/b><\/h4>\n<h4 class=\"p7\">OPTION VARADERO<\/h4>\n<ol>\n<li>La Havane (arriv\u00e9e, logement)<\/li>\n<li>Havane<\/li>\n<li>Havane<\/li>\n<li>Vinales<\/li>\n<li>Vinales<\/li>\n<li>Plage de Gir\u00f3n<\/li>\n<li>Plage de Giron<\/li>\n<li>Trinidad<\/li>\n<li>Trinidad<\/li>\n<li>Santa Clara<\/li>\n<li>Santa Clara &#8211; Varadero<\/li>\n<li>Varadero<\/li>\n<li>Varadero<\/li>\n<li>Varadero &#8211; La Havane<\/li>\n<\/ol>\n<h3 class=\"p4\">Voyage Organis\u00e9\u00a0pour 2 personnes :<\/h3>\n<ul>\n<li class=\"p1\">10 nuits chez l&rsquo;habitant.<\/li>\n<li class=\"p1\">3 nuits \u00e0 l&rsquo;h\u00f4tel Grand M\u00e9moires Varadero, tout compris.<\/li>\n<li class=\"p1\">Transferts \u00e0 l&rsquo;a\u00e9roport (de l\u2019a\u00e9roport \u00e0 votre maison de La Havane et de Varadero \u00e0 La Havane).<\/li>\n<li class=\"p1\">Chauffeur priv\u00e9 pendant 8 jours.<\/li>\n<li class=\"p1\">Programme d\u00e9taill\u00e9 avec les recommandations des attractions (PDF).<\/li>\n<li class=\"p1\">Dossier d&rsquo;informations pratiques avant le d\u00e9part (PDF).<\/li>\n<\/ul>\n<h4 class=\"p1\"><b>Prix \u200b\u200bpar personne : 1290 EUR (ce prix ce le m\u00eame<span class=\"Apple-converted-space\">\u00a0 <\/span>que pour 2 personnes aussi).<\/b><\/h4>\n<h3 class=\"p4\">Voyage Organis\u00e9\u00a0pour 3 personnes :<\/h3>\n<ul>\n<li class=\"p1\">10 nuits chez l&rsquo;habitant &#8211; 2 chambres pendant tout le circuit.<\/li>\n<li class=\"p1\">3 nuits \u00e0 l&rsquo;h\u00f4tel Grand M\u00e9moires Varadero, tout compris &#8211; 1 chambre triple.<\/li>\n<li class=\"p1\">Transferts \u00e0 l&rsquo;a\u00e9roport (de l\u2019a\u00e9roport \u00e0 votre maison de La Havane et de Varadero \u00e0 La Havane).<\/li>\n<li class=\"p1\">Chauffeur priv\u00e9 pendant 8 jours.<\/li>\n<li class=\"p1\">Programme d\u00e9taill\u00e9 avec les recommandations des attractions (PDF).<\/li>\n<li class=\"p1\">Dossier d&rsquo;informations pratiques avant le d\u00e9part (PDF).<\/li>\n<\/ul>\n<p><b style=\"font-family: Montserrat, sans-serif; font-size: 1.6429em; letter-spacing: -0.3px;\">Prix \u200b\u200bpar personne : 1130 EUR (ce prix par personne comprend jusqu\u2019\u00e0 3 personnes).<\/b><\/p>\n<h3 class=\"p4\">Voyage Organis\u00e9\u00a0pour 4 personnes :<\/h3>\n<ul>\n<li class=\"p1\">10 nuits chez l&rsquo;habitant &#8211; 2 chambres pendant tout le circuit.<\/li>\n<li class=\"p1\">3 nuits \u00e0 l&rsquo;h\u00f4tel Grand M\u00e9moires Varadero, tout compris &#8211; 2 chambres doubles.<\/li>\n<li class=\"p1\">Transferts \u00e0 l&rsquo;a\u00e9roport (de l\u2019a\u00e9roport \u00e0 votre maison de La Havane et de Varadero \u00e0 La Havane).<\/li>\n<li class=\"p1\">Chauffeur priv\u00e9 pendant 8 jours.<\/li>\n<li class=\"p1\">Programme d\u00e9taill\u00e9 avec les recommandations des attractions (PDF).<\/li>\n<li class=\"p1\">Dossier d&rsquo;informations pratiques avant le d\u00e9part (PDF).<\/li>\n<\/ul>\n<h4 class=\"p1\"><b>Prix \u200b\u200bpar personne : 1050 EUR (ce prix par personne comprend jusqu\u2019\u00e0 4 personnes).<\/b><\/h4>\n<h4 class=\"p1\"><b>Des co\u00fbts additionnels:<\/b><\/h4>\n<ul>\n<li class=\"p1\">Nourriture et boissons<\/li>\n<li class=\"p1\">Billets d&rsquo;avion pour Cuba<\/li>\n<li class=\"p1\">Visa pour Cuba<\/li>\n<li class=\"p1\">Attractions et billets<\/li>\n<li class=\"p1\">\u00a0D\u00e9penses personnelles, pourboires<\/li>\n<\/ul>\n<h2 class=\"p6\"><a href=\"https:\/\/www.sunnyvinalestour.com\/fr\/6540-2\/\">Visite &amp; D\u00e9tente en 14 jours<\/a><\/h2>\n<p><img loading=\"lazy\" decoding=\"async\" class=\"alignnone size-full wp-image-1744\" src=\"https:\/\/www.sunnyvinalestour.com\/\/wp-content\/uploads\/91211650_837765580020457_440434821596971008_n.jpg\" alt=\"\" width=\"960\" height=\"640\" srcset=\"https:\/\/www.sunnyvinalestour.com\/wp-content\/uploads\/91211650_837765580020457_440434821596971008_n.jpg 960w, https:\/\/www.sunnyvinalestour.com\/wp-content\/uploads\/91211650_837765580020457_440434821596971008_n-600x400.jpg 600w, https:\/\/www.sunnyvinalestour.com\/wp-content\/uploads\/91211650_837765580020457_440434821596971008_n-300x200.jpg 300w, https:\/\/www.sunnyvinalestour.com\/wp-content\/uploads\/91211650_837765580020457_440434821596971008_n-768x512.jpg 768w\" sizes=\"auto, (max-width: 960px) 100vw, 960px\" \/><\/p>\n<ol>\n<li class=\"p1\">\u00a0La Havane (arriv\u00e9e, logement)<\/li>\n<li class=\"p1\">La Havane (visite de La Havane)<\/li>\n<li class=\"p1\">La Havane (visite de La Havane)<\/li>\n<li class=\"p1\">Vinales (transfert \u00e0 Vinales, balade \u00e0 cheval dans une plantation de tabac)<\/li>\n<li class=\"p1\">Vinales (Grotte de l\u2019Indien, fresque pr\u00e9histoire, jardin botanique, du temps libre \u00e0 Vinales)<\/li>\n<li class=\"p1\">Trinidad (trajet jusqu&rsquo;\u00e0 Trinidad, avec un arr\u00eat \u00e0 Cienfuegos et une visite de la ville)<\/li>\n<li class=\"p1\">Trinidad (Vall\u00e9e des Moulins, visite de la ville, du temps libre)<\/li>\n<li class=\"p1\">Varadero (transfert de Varadero pour les vacances)<\/li>\n<li class=\"p1\">Varadero<\/li>\n<li class=\"p1\">\u00a0Varadero<\/li>\n<li class=\"p1\">Varadero<\/li>\n<li class=\"p1\">Varadero<\/li>\n<li class=\"p1\">Varadero<\/li>\n<li class=\"p1\">Varadero &#8211; La Havane (transfert \u00e0 l&rsquo;a\u00e9roport de La Havane)<\/li>\n<\/ol>\n<p>&nbsp;<\/p>\n<p><img loading=\"lazy\" decoding=\"async\" class=\"alignnone size-large wp-image-4290\" src=\"https:\/\/www.sunnyvinalestour.com\/\/wp-content\/uploads\/plazowanie-1cuba-1024x439.png\" alt=\"\" width=\"730\" height=\"313\" srcset=\"https:\/\/www.sunnyvinalestour.com\/wp-content\/uploads\/plazowanie-1cuba-1024x439.png 1024w, https:\/\/www.sunnyvinalestour.com\/wp-content\/uploads\/plazowanie-1cuba-600x257.png 600w, https:\/\/www.sunnyvinalestour.com\/wp-content\/uploads\/plazowanie-1cuba-300x129.png 300w, https:\/\/www.sunnyvinalestour.com\/wp-content\/uploads\/plazowanie-1cuba-768x329.png 768w, https:\/\/www.sunnyvinalestour.com\/wp-content\/uploads\/plazowanie-1cuba.png 1280w\" sizes=\"auto, (max-width: 730px) 100vw, 730px\" \/><\/p>\n<p class=\"p1\"><b>Qu&rsquo;est-ce qu\u2019il y a compris :<\/b><\/p>\n<ul>\n<li class=\"p1\">7 nuits dans des maisons priv\u00e9es (chambres doubles)<\/li>\n<li class=\"p1\">6 nuits dans un h\u00f4tel 4* \u00e0 Varadero, tout compris<\/li>\n<li class=\"p1\">Transferts \u00e0 l\u2019a\u00e9roport (de l&rsquo;a\u00e9roport de La Havane \u00e0 la maison et de Varadero \u00e0 La Havane)<\/li>\n<li class=\"p1\">Chauffeur priv\u00e9 pendant 5 jours<\/li>\n<li class=\"p1\">Programme d\u00e9taill\u00e9 avec les recommandations des attractions (PDF).<\/li>\n<li class=\"p1\">Dossier d&rsquo;informations pratiques avant le d\u00e9part (PDF).<\/li>\n<\/ul>\n<p class=\"p1\"><b>Prix \u200b\u200bpar personne : 1250 EUR (valable pour 2 personnes)<\/b><\/p>\n<p class=\"p1\"><b>Des co\u00fbts additionnels:<\/b><\/p>\n<ul>\n<li class=\"p1\">Nourriture et boissons et billets d&rsquo;avion pour Cuba<\/li>\n<li class=\"p1\">Visa pour Cuba<\/li>\n<li class=\"p1\">\u00a0Attractions, billets<\/li>\n<li class=\"p1\">\u00a0D\u00e9penses personnelles, pourboires<\/li>\n<\/ul>\n<h2 class=\"p6\"><a href=\"https:\/\/www.sunnyvinalestour.com\/fr\/cuba-en-7-jours\/\">Cuba en 7 jours<\/a><\/h2>\n<p><img loading=\"lazy\" decoding=\"async\" class=\"alignnone size-full wp-image-1465\" src=\"https:\/\/www.sunnyvinalestour.com\/\/wp-content\/uploads\/cuba-individual-tour.jpg\" alt=\"\" width=\"900\" height=\"669\" srcset=\"https:\/\/www.sunnyvinalestour.com\/wp-content\/uploads\/cuba-individual-tour.jpg 900w, https:\/\/www.sunnyvinalestour.com\/wp-content\/uploads\/cuba-individual-tour-600x446.jpg 600w, https:\/\/www.sunnyvinalestour.com\/wp-content\/uploads\/cuba-individual-tour-300x223.jpg 300w, https:\/\/www.sunnyvinalestour.com\/wp-content\/uploads\/cuba-individual-tour-768x571.jpg 768w\" sizes=\"auto, (max-width: 900px) 100vw, 900px\" \/><\/p>\n<ol>\n<li class=\"p1\">\u00a0La Havane<\/li>\n<li class=\"p1\">La Havane<\/li>\n<li class=\"p1\">Trinidad<\/li>\n<li class=\"p1\">Trinidad<\/li>\n<li class=\"p1\">Vinales<\/li>\n<li class=\"p1\">Vinales<\/li>\n<li class=\"p1\">Vinales &#8211; La Havane<\/li>\n<\/ol>\n<p class=\"p1\"><b>Qu&rsquo;est-ce qu\u2019il y a compris :<\/b><\/p>\n<ul>\n<li class=\"p1\">6 nuits chez l&rsquo;habitant<\/li>\n<li class=\"p1\">Chauffeur priv\u00e9 pendant 5 jours (du 3\u00e8me au 7\u00e8me jour du programme)<\/li>\n<li class=\"p1\">Transfert \u00e0 l&rsquo;a\u00e9roport \u00e0 l&rsquo;arriv\u00e9e au bureau.<\/li>\n<li class=\"p1\">Programme d\u00e9taill\u00e9 avec les recommandations des attractions (PDF).<\/li>\n<li class=\"p1\">Dossier d&rsquo;informations pratiques avant le d\u00e9part (PDF).<\/li>\n<\/ul>\n<h4><b>Prix \u200b\u200bpar personne : 670 EUR (valable pour 2 personnes)<\/b><\/h4>\n<p class=\"p1\"><b>Des co\u00fbts additionnels:<\/b><\/p>\n<ul>\n<li class=\"p1\">Nourriture et boissons<\/li>\n<li class=\"p1\">Billets d&rsquo;avion pour Cuba<\/li>\n<li class=\"p1\">Visa pour Cuba<\/li>\n<li class=\"p1\">Attractions, billets, etc.<\/li>\n<li class=\"p1\">D\u00e9penses personnelles, pourboires.<\/li>\n<\/ul>\n","protected":false},"excerpt":{"rendered":"<p>Cuba Tout Seul Nous savons que sans une bonne pr\u00e9paration, il est difficile de voyager confortablement \u00e0 Cuba. Ce n&rsquo;est m\u00eame pas un pays pour les routards. (Cuba Tout Seul)&hellip;<\/p>\n","protected":false},"author":1,"featured_media":0,"parent":0,"menu_order":0,"comment_status":"closed","ping_status":"closed","template":"","meta":{"footnotes":""},"class_list":["post-6581","page","type-page","status-publish","hentry"],"_links":{"self":[{"href":"https:\/\/www.sunnyvinalestour.com\/fr\/wp-json\/wp\/v2\/pages\/6581","targetHints":{"allow":["GET"]}}],"collection":[{"href":"https:\/\/www.sunnyvinalestour.com\/fr\/wp-json\/wp\/v2\/pages"}],"about":[{"href":"https:\/\/www.sunnyvinalestour.com\/fr\/wp-json\/wp\/v2\/types\/page"}],"author":[{"embeddable":true,"href":"https:\/\/www.sunnyvinalestour.com\/fr\/wp-json\/wp\/v2\/users\/1"}],"replies":[{"embeddable":true,"href":"https:\/\/www.sunnyvinalestour.com\/fr\/wp-json\/wp\/v2\/comments?post=6581"}],"version-history":[{"count":4,"href":"https:\/\/www.sunnyvinalestour.com\/fr\/wp-json\/wp\/v2\/pages\/6581\/revisions"}],"predecessor-version":[{"id":6589,"href":"https:\/\/www.sunnyvinalestour.com\/fr\/wp-json\/wp\/v2\/pages\/6581\/revisions\/6589"}],"wp:attachment":[{"href":"https:\/\/www.sunnyvinalestour.com\/fr\/wp-json\/wp\/v2\/media?parent=6581"}],"curies":[{"name":"wp","href":"https:\/\/api.w.org\/{rel}","templated":true}]}}